{"id":4514,"date":"2025-10-11T10:50:48","date_gmt":"2025-10-11T10:50:48","guid":{"rendered":"https:\/\/nordic-collagen.com\/product\/nordic-collagen-joint-shots-20-odmerkov\/"},"modified":"2025-10-11T10:50:48","modified_gmt":"2025-10-11T10:50:48","slug":"nordic-collagen-joint-shots-20-odmerkov","status":"publish","type":"product","link":"https:\/\/nordic-collagen.com\/sl\/izdelek\/nordic-collagen-joint-shots-20-odmerkov\/","title":{"rendered":"Nordic Collagen Joint Shots 20 odmerkov"},"content":{"rendered":"<h1 data-start=\"231\" data-end=\"294\"><strong data-start=\"233\" data-end=\"294\">Joint Shots \u2013 Teko\u010di kolagenski odmerki za sklepe in gibljivost<\/strong><\/h1>\n<h2 data-start=\"295\" data-end=\"358\"><strong data-start=\"298\" data-end=\"358\">Visoko koncentrirana kolagenska formula v priro\u010dnih 25 ml ampulah<\/strong><\/h2>\n<p data-start=\"360\" data-end=\"798\"><strong data-start=\"360\" data-end=\"389\">Swedish Nutra Joint Shots<\/strong> so hitro delujo\u010de teko\u010de dopolnilo, zasnovano za podporo <strong data-start=\"446\" data-end=\"519\">gibljivosti sklepov, pro\u017enosti, regeneraciji hrustanca in vsakodnevnemu udobju<\/strong>.<br data-start=\"520\" data-end=\"523\">Vsaka ampula z enim odmerkom vsebuje <strong data-start=\"554\" data-end=\"594\">10.000 mg hidroliziranega morskega kolagena<\/strong> ter <strong data-start=\"602\" data-end=\"625\">me\u0161anico za podporo sklepov<\/strong> z <strong data-start=\"631\" data-end=\"703\">MSM, glukozaminom, hondroitinom, vitaminom C, vitaminom D3 in vitaminom B12<\/strong>, skupaj z <strong data-start=\"716\" data-end=\"750\">izvle\u010dkom kurkume in zelenega \u010daja<\/strong> za antioksidativne in protivnetne koristi.<\/p>\n<p data-start=\"800\" data-end=\"906\">Idealno za aktivne ljudi, \u0161portnike, starej\u0161e in vse, ki imajo te\u017eave z okorelostjo sklepov ali zmanj\u0161ano gibljivostjo.<\/p>\n<p data-start=\"908\" data-end=\"955\">Na voljo v <strong data-start=\"921\" data-end=\"954\">pakiranjih za 20 ali 30 dni<\/strong>.<\/p>\n<hr data-start=\"957\" data-end=\"960\">\n<h2 data-start=\"962\" data-end=\"981\"><strong data-start=\"965\" data-end=\"981\">Klju\u010dne koristi<\/strong><\/h2>\n<p data-start=\"982\" data-end=\"1480\">\u2714 <strong data-start=\"984\" data-end=\"1026\">10.000 mg hidroliziranega kolagena na odmerek<\/strong><br data-start=\"1026\" data-end=\"1029\">\u2714 <strong data-start=\"1031\" data-end=\"1072\">3 vrste kolagena: tip I, II in III<\/strong><br data-start=\"1072\" data-end=\"1075\">\u2714 <strong data-start=\"1077\" data-end=\"1126\">Podpira obnovo hrustanca in mazanje sklepov<\/strong><br data-start=\"1126\" data-end=\"1129\">\u2714 <strong data-start=\"1131\" data-end=\"1177\">Pomaga zmanj\u0161ati okorelost in izbolj\u0161uje gibljivost<\/strong><br data-start=\"1177\" data-end=\"1180\">\u2714 <strong data-start=\"1182\" data-end=\"1221\">Z MSM, glukozaminom in hondroitinom<\/strong><br data-start=\"1221\" data-end=\"1224\">\u2714 <strong data-start=\"1226\" data-end=\"1270\">Vitamin C za naravno tvorbo kolagena<\/strong><br data-start=\"1270\" data-end=\"1273\">\u2714 <strong data-start=\"1275\" data-end=\"1309\">Vitamin D3 za kosti in mi\u0161ice<\/strong><br data-start=\"1309\" data-end=\"1312\">\u2714 <strong data-start=\"1314\" data-end=\"1363\">Vitamin B12 za energijo in zmanj\u0161anje utrujenosti<\/strong><br data-start=\"1363\" data-end=\"1366\">\u2714 <strong data-start=\"1368\" data-end=\"1421\">Kurkuma in zeleni \u010daj za protivnetno delovanje<\/strong><br data-start=\"1421\" data-end=\"1424\">\u2714 <strong data-start=\"1426\" data-end=\"1457\">Teko\u010di odmerki, pripravljeni za pitje<\/strong> \u2014 me\u0161anje ni potrebno          <\/p>\n<hr data-start=\"1482\" data-end=\"1485\">\n<h2 data-start=\"1487\" data-end=\"1508\"><strong data-start=\"1490\" data-end=\"1508\">Komu je namenjen?<\/strong><\/h2>\n<p data-start=\"1509\" data-end=\"1519\">Idealno za:<\/p>\n<ul data-start=\"1520\" data-end=\"1776\">\n<li data-start=\"1520\" data-end=\"1575\">\n<p data-start=\"1522\" data-end=\"1575\">Ljudje z <strong data-start=\"1534\" data-end=\"1575\">bole\u010dinami v sklepih, vnetjem ali okorelostjo<\/strong><\/p>\n<\/li>\n<li data-start=\"1576\" data-end=\"1622\">\n<p data-start=\"1578\" data-end=\"1622\"><strong data-start=\"1578\" data-end=\"1590\">\u0160portniki<\/strong> in fizi\u010dno aktivni posamezniki<\/p>\n<\/li>\n<li data-start=\"1623\" data-end=\"1677\">\n<p data-start=\"1625\" data-end=\"1677\"><strong data-start=\"1625\" data-end=\"1636\">Starej\u0161i<\/strong>, ki podpirajo gibljivost in zdravje hrustanca<\/p>\n<\/li>\n<li data-start=\"1678\" data-end=\"1734\">\n<p data-start=\"1680\" data-end=\"1734\">Tisti, ki okrevajo po <strong data-start=\"1702\" data-end=\"1734\">po\u0161kodbah ali intenzivnem treningu<\/strong><\/p>\n<\/li>\n<li data-start=\"1735\" data-end=\"1776\">\n<p data-start=\"1737\" data-end=\"1776\">Ljudje z <strong data-start=\"1749\" data-end=\"1776\">obrabljenim hrustancem<\/strong><\/p>\n<\/li>\n<\/ul>\n<hr data-start=\"1778\" data-end=\"1781\">\n<h2 data-start=\"1783\" data-end=\"1825\"><strong data-start=\"1786\" data-end=\"1825\">Aktivne sestavine (na 25 ml ampulo)<\/strong><\/h2>\n<h3 data-start=\"1826\" data-end=\"1866\"><strong data-start=\"1830\" data-end=\"1866\">Me\u0161anica kolagena za sklepe \u2013 10.750 mg<\/strong><\/h3>\n<ul data-start=\"1867\" data-end=\"2010\">\n<li data-start=\"1867\" data-end=\"1921\">\n<p data-start=\"1869\" data-end=\"1921\">Hidroliziran kolagen tipa I, II in III \u2013 <strong data-start=\"1908\" data-end=\"1921\">10.000 mg<\/strong><\/p>\n<\/li>\n<li data-start=\"1922\" data-end=\"1940\">\n<p data-start=\"1924\" data-end=\"1940\">MSM \u2013 <strong data-start=\"1930\" data-end=\"1940\">250 mg<\/strong><\/p>\n<\/li>\n<li data-start=\"1941\" data-end=\"1975\">\n<p data-start=\"1943\" data-end=\"1975\">Glukozamin sulfat \u2013 <strong data-start=\"1965\" data-end=\"1975\">250 mg<\/strong><\/p>\n<\/li>\n<li data-start=\"1976\" data-end=\"2010\">\n<p data-start=\"1978\" data-end=\"2010\">Hondroitin sulfat \u2013 <strong data-start=\"2000\" data-end=\"2010\">250 mg<\/strong><\/p>\n<\/li>\n<\/ul>\n<h3 data-start=\"2012\" data-end=\"2046\"><strong data-start=\"2016\" data-end=\"2046\">Vitamini in zeli\u0161\u010dni izvle\u010dki<\/strong><\/h3>\n<ul data-start=\"2047\" data-end=\"2222\">\n<li data-start=\"2047\" data-end=\"2082\">\n<p data-start=\"2049\" data-end=\"2082\">Vitamin C \u2013 <strong data-start=\"2061\" data-end=\"2071\">120 mg<\/strong> (150% PDV)<\/p>\n<\/li>\n<li data-start=\"2083\" data-end=\"2120\">\n<p data-start=\"2085\" data-end=\"2120\">Vitamin B12 \u2013 <strong data-start=\"2099\" data-end=\"2108\">50 \u03bcg<\/strong> (2000% PDV)<\/p>\n<\/li>\n<li data-start=\"2121\" data-end=\"2157\">\n<p data-start=\"2123\" data-end=\"2157\">Vitamin D3 \u2013 <strong data-start=\"2136\" data-end=\"2145\">50 \u03bcg<\/strong> (1000% PDV)<\/p>\n<\/li>\n<li data-start=\"2158\" data-end=\"2189\">\n<p data-start=\"2160\" data-end=\"2189\">Izvle\u010dek kurkume \u2013 <strong data-start=\"2179\" data-end=\"2189\">200 mg<\/strong><\/p>\n<\/li>\n<li data-start=\"2190\" data-end=\"2222\">\n<p data-start=\"2192\" data-end=\"2222\">Izvle\u010dek zelenega \u010daja \u2013 <strong data-start=\"2212\" data-end=\"2222\">100 mg<\/strong><\/p>\n<\/li>\n<\/ul>\n<hr data-start=\"2224\" data-end=\"2227\">\n<h2 data-start=\"2229\" data-end=\"2246\"><strong data-start=\"2232\" data-end=\"2246\">Navodila za uporabo<\/strong><\/h2>\n<p data-start=\"2247\" data-end=\"2391\">Pijte <strong data-start=\"2253\" data-end=\"2277\">eno 25 ml ampulo dnevno<\/strong>.<br data-start=\"2278\" data-end=\"2281\">Uporabite neposredno iz ampule ali zme\u0161ajte z vodo ali sokom.<br data-start=\"2335\" data-end=\"2338\">Za najbolj\u0161e rezultate uporabljajte dosledno <strong data-start=\"2377\" data-end=\"2390\">2\u20134 tedne<\/strong>.<\/p>\n<p data-start=\"2393\" data-end=\"2481\">Shranjujte v hladnem prostoru. Hranite stran od neposredne son\u010dne svetlobe.<br data-start=\"2444\" data-end=\"2447\">Hranite izven dosega otrok. <\/p>\n<hr data-start=\"2483\" data-end=\"2486\">\n<h2 data-start=\"2488\" data-end=\"2524\"><strong data-start=\"2491\" data-end=\"2524\">Informacije o alergenih &amp; varnosti<\/strong><\/h2>\n<ul data-start=\"2525\" data-end=\"2654\">\n<li data-start=\"2525\" data-end=\"2558\">\n<p data-start=\"2527\" data-end=\"2558\">Vsebuje <strong data-start=\"2536\" data-end=\"2558\">kolagen iz rib<\/strong><\/p>\n<\/li>\n<li data-start=\"2559\" data-end=\"2603\">\n<p data-start=\"2561\" data-end=\"2603\">Vsebuje <strong data-start=\"2570\" data-end=\"2603\">sladila (sukraloza, Ace-K)<\/strong><\/p>\n<\/li>\n<li data-start=\"2604\" data-end=\"2654\">\n<p data-start=\"2606\" data-end=\"2654\">Brez sladkorja, glutena, soje, jajc, ore\u0161\u010dkov in mle\u010dnih izdelkov<\/p>\n<\/li>\n<\/ul>\n<p data-start=\"2656\" data-end=\"2785\">Prehranska dopolnila niso nadomestilo za uravnote\u017eeno in raznovrstno prehrano.<br data-start=\"2706\" data-end=\"2709\">Posvetujte se s svojim zdravnikom med nose\u010dnostjo, dojenjem ali \u010de jemljete zdravila.<\/p>\n<hr data-start=\"2787\" data-end=\"2790\">\n<h2 data-start=\"2792\" data-end=\"2808\"><strong data-start=\"2795\" data-end=\"2808\">Embala\u017ea<\/strong><\/h2>\n<p data-start=\"2809\" data-end=\"2925\">\ud83d\udce6 Na voljo v <strong data-start=\"2825\" data-end=\"2836\">pakiranju po 20<\/strong> <br data-start=\"2851\" data-end=\"2854\">Okus: <strong data-start=\"2863\" data-end=\"2880\">Naravno jagodi\u010dje<\/strong><br data-start=\"2880\" data-end=\"2883\">Izdelano na <strong data-start=\"2891\" data-end=\"2901\">\u0160vedskem<\/strong> \u2014 HACCP in GMP certificirano<\/p>\n","protected":false},"excerpt":{"rendered":"<p>Joint Shots \u2013 Teko\u010di kolagenski odmerki za sklepe in gibljivost Visoko koncentrirana kolagenska formula v priro\u010dnih 25 ml ampulah Swedish Nutra Joint Shots so hitro delujo\u010de teko\u010de dopolnilo, zasnovano za podporo gibljivosti sklepov, pro\u017enosti, regeneraciji hrustanca in vsakodnevnemu udobju.Vsaka ampula z enim odmerkom vsebuje 10.000 mg hidroliziranega morskega kolagena ter me\u0161anico za podporo sklepov z [&hellip;]<\/p>\n","protected":false},"featured_media":4519,"comment_status":"open","ping_status":"closed","template":"","meta":[],"product_brand":[],"product_cat":[111],"product_tag":[],"class_list":{"0":"post-4514","1":"product","2":"type-product","3":"status-publish","4":"has-post-thumbnail","6":"product_cat-kolagen-za-sklepe","8":"first","9":"instock","10":"shipping-taxable","11":"purchasable","12":"product-type-simple"},"yoast_head":"<!-- This site is optimized with the Yoast SEO plugin v27.4 - https:\/\/yoast.com\/product\/yoast-seo-wordpress\/ -->\n<title>Nordic Collagen Joint Shots 20 odmerkov - Nordic Collagen<\/title>\n<meta name=\"robots\" content=\"index, follow, max-snippet:-1, max-image-preview:large, max-video-preview:-1\" \/>\n<link rel=\"canonical\" href=\"https:\/\/nordic-collagen.com\/sl\/izdelek\/nordic-collagen-joint-shots-20-odmerkov\/\" \/>\n<meta property=\"og:locale\" content=\"sl_SI\" \/>\n<meta property=\"og:type\" content=\"article\" \/>\n<meta property=\"og:title\" content=\"Nordic Collagen Joint Shots 20 odmerkov - Nordic Collagen\" \/>\n<meta property=\"og:description\" content=\"Joint Shots \u2013 Teko\u010di kolagenski odmerki za sklepe in gibljivost Visoko koncentrirana kolagenska formula v priro\u010dnih 25 ml ampulah Swedish Nutra Joint Shots so hitro delujo\u010de teko\u010de dopolnilo, zasnovano za podporo gibljivosti sklepov, pro\u017enosti, regeneraciji hrustanca in vsakodnevnemu udobju.Vsaka ampula z enim odmerkom vsebuje 10.000 mg hidroliziranega morskega kolagena ter me\u0161anico za podporo sklepov z [&hellip;]\" \/>\n<meta property=\"og:url\" content=\"https:\/\/nordic-collagen.com\/sl\/izdelek\/nordic-collagen-joint-shots-20-odmerkov\/\" \/>\n<meta property=\"og:site_name\" content=\"Nordic Collagen\" \/>\n<meta property=\"og:image\" content=\"https:\/\/nordic-collagen.com\/wp-content\/uploads\/2025\/10\/4-1.png\" \/>\n\t<meta property=\"og:image:width\" content=\"1200\" \/>\n\t<meta property=\"og:image:height\" content=\"1200\" \/>\n\t<meta property=\"og:image:type\" content=\"image\/png\" \/>\n<meta name=\"twitter:card\" content=\"summary_large_image\" \/>\n<meta name=\"twitter:label1\" content=\"Est. reading time\" \/>\n\t<meta name=\"twitter:data1\" content=\"2 minut\" \/>\n<script type=\"application\/ld+json\" class=\"yoast-schema-graph\">{\"@context\":\"https:\\\/\\\/schema.org\",\"@graph\":[{\"@type\":\"WebPage\",\"@id\":\"https:\\\/\\\/nordic-collagen.com\\\/sl\\\/izdelek\\\/nordic-collagen-joint-shots-20-odmerkov\\\/\",\"url\":\"https:\\\/\\\/nordic-collagen.com\\\/sl\\\/izdelek\\\/nordic-collagen-joint-shots-20-odmerkov\\\/\",\"name\":\"Nordic Collagen Joint Shots 20 odmerkov - Nordic Collagen\",\"isPartOf\":{\"@id\":\"https:\\\/\\\/nordic-collagen.com\\\/sl\\\/#website\"},\"primaryImageOfPage\":{\"@id\":\"https:\\\/\\\/nordic-collagen.com\\\/sl\\\/izdelek\\\/nordic-collagen-joint-shots-20-odmerkov\\\/#primaryimage\"},\"image\":{\"@id\":\"https:\\\/\\\/nordic-collagen.com\\\/sl\\\/izdelek\\\/nordic-collagen-joint-shots-20-odmerkov\\\/#primaryimage\"},\"thumbnailUrl\":\"https:\\\/\\\/nordic-collagen.com\\\/wp-content\\\/uploads\\\/2025\\\/10\\\/4-1.png\",\"datePublished\":\"2025-10-11T10:50:48+00:00\",\"breadcrumb\":{\"@id\":\"https:\\\/\\\/nordic-collagen.com\\\/sl\\\/izdelek\\\/nordic-collagen-joint-shots-20-odmerkov\\\/#breadcrumb\"},\"inLanguage\":\"sl-SI\",\"potentialAction\":[{\"@type\":\"ReadAction\",\"target\":[\"https:\\\/\\\/nordic-collagen.com\\\/sl\\\/izdelek\\\/nordic-collagen-joint-shots-20-odmerkov\\\/\"]}]},{\"@type\":\"ImageObject\",\"inLanguage\":\"sl-SI\",\"@id\":\"https:\\\/\\\/nordic-collagen.com\\\/sl\\\/izdelek\\\/nordic-collagen-joint-shots-20-odmerkov\\\/#primaryimage\",\"url\":\"https:\\\/\\\/nordic-collagen.com\\\/wp-content\\\/uploads\\\/2025\\\/10\\\/4-1.png\",\"contentUrl\":\"https:\\\/\\\/nordic-collagen.com\\\/wp-content\\\/uploads\\\/2025\\\/10\\\/4-1.png\",\"width\":1200,\"height\":1200},{\"@type\":\"BreadcrumbList\",\"@id\":\"https:\\\/\\\/nordic-collagen.com\\\/sl\\\/izdelek\\\/nordic-collagen-joint-shots-20-odmerkov\\\/#breadcrumb\",\"itemListElement\":[{\"@type\":\"ListItem\",\"position\":1,\"name\":\"Domov\",\"item\":\"https:\\\/\\\/nordic-collagen.com\\\/sl\\\/\"},{\"@type\":\"ListItem\",\"position\":2,\"name\":\"Nakupujte\",\"item\":\"https:\\\/\\\/nordic-collagen.com\\\/shop\\\/\"},{\"@type\":\"ListItem\",\"position\":3,\"name\":\"Nordic Collagen Joint Shots 20 odmerkov\"}]},{\"@type\":\"WebSite\",\"@id\":\"https:\\\/\\\/nordic-collagen.com\\\/sl\\\/#website\",\"url\":\"https:\\\/\\\/nordic-collagen.com\\\/sl\\\/\",\"name\":\"Nordic Collagen\",\"description\":\"\",\"publisher\":{\"@id\":\"https:\\\/\\\/nordic-collagen.com\\\/sl\\\/#organization\"},\"potentialAction\":[{\"@type\":\"SearchAction\",\"target\":{\"@type\":\"EntryPoint\",\"urlTemplate\":\"https:\\\/\\\/nordic-collagen.com\\\/sl\\\/?s={search_term_string}\"},\"query-input\":{\"@type\":\"PropertyValueSpecification\",\"valueRequired\":true,\"valueName\":\"search_term_string\"}}],\"inLanguage\":\"sl-SI\"},{\"@type\":\"Organization\",\"@id\":\"https:\\\/\\\/nordic-collagen.com\\\/sl\\\/#organization\",\"name\":\"Nordic Collagen\",\"url\":\"https:\\\/\\\/nordic-collagen.com\\\/sl\\\/\",\"logo\":{\"@type\":\"ImageObject\",\"inLanguage\":\"sl-SI\",\"@id\":\"https:\\\/\\\/nordic-collagen.com\\\/sl\\\/#\\\/schema\\\/logo\\\/image\\\/\",\"url\":\"https:\\\/\\\/nordic-collagen.com\\\/wp-content\\\/uploads\\\/2025\\\/10\\\/cropped-Nordic-Collagen-logo-01.png\",\"contentUrl\":\"https:\\\/\\\/nordic-collagen.com\\\/wp-content\\\/uploads\\\/2025\\\/10\\\/cropped-Nordic-Collagen-logo-01.png\",\"width\":309,\"height\":118,\"caption\":\"Nordic Collagen\"},\"image\":{\"@id\":\"https:\\\/\\\/nordic-collagen.com\\\/sl\\\/#\\\/schema\\\/logo\\\/image\\\/\"}}]}<\/script>\n<!-- \/ Yoast SEO plugin. -->","yoast_head_json":{"title":"Nordic Collagen Joint Shots 20 odmerkov - Nordic Collagen","robots":{"index":"index","follow":"follow","max-snippet":"max-snippet:-1","max-image-preview":"max-image-preview:large","max-video-preview":"max-video-preview:-1"},"canonical":"https:\/\/nordic-collagen.com\/sl\/izdelek\/nordic-collagen-joint-shots-20-odmerkov\/","og_locale":"sl_SI","og_type":"article","og_title":"Nordic Collagen Joint Shots 20 odmerkov - Nordic Collagen","og_description":"Joint Shots \u2013 Teko\u010di kolagenski odmerki za sklepe in gibljivost Visoko koncentrirana kolagenska formula v priro\u010dnih 25 ml ampulah Swedish Nutra Joint Shots so hitro delujo\u010de teko\u010de dopolnilo, zasnovano za podporo gibljivosti sklepov, pro\u017enosti, regeneraciji hrustanca in vsakodnevnemu udobju.Vsaka ampula z enim odmerkom vsebuje 10.000 mg hidroliziranega morskega kolagena ter me\u0161anico za podporo sklepov z [&hellip;]","og_url":"https:\/\/nordic-collagen.com\/sl\/izdelek\/nordic-collagen-joint-shots-20-odmerkov\/","og_site_name":"Nordic Collagen","og_image":[{"width":1200,"height":1200,"url":"https:\/\/nordic-collagen.com\/wp-content\/uploads\/2025\/10\/4-1.png","type":"image\/png"}],"twitter_card":"summary_large_image","twitter_misc":{"Est. reading time":"2 minut"},"schema":{"@context":"https:\/\/schema.org","@graph":[{"@type":"WebPage","@id":"https:\/\/nordic-collagen.com\/sl\/izdelek\/nordic-collagen-joint-shots-20-odmerkov\/","url":"https:\/\/nordic-collagen.com\/sl\/izdelek\/nordic-collagen-joint-shots-20-odmerkov\/","name":"Nordic Collagen Joint Shots 20 odmerkov - Nordic Collagen","isPartOf":{"@id":"https:\/\/nordic-collagen.com\/sl\/#website"},"primaryImageOfPage":{"@id":"https:\/\/nordic-collagen.com\/sl\/izdelek\/nordic-collagen-joint-shots-20-odmerkov\/#primaryimage"},"image":{"@id":"https:\/\/nordic-collagen.com\/sl\/izdelek\/nordic-collagen-joint-shots-20-odmerkov\/#primaryimage"},"thumbnailUrl":"https:\/\/nordic-collagen.com\/wp-content\/uploads\/2025\/10\/4-1.png","datePublished":"2025-10-11T10:50:48+00:00","breadcrumb":{"@id":"https:\/\/nordic-collagen.com\/sl\/izdelek\/nordic-collagen-joint-shots-20-odmerkov\/#breadcrumb"},"inLanguage":"sl-SI","potentialAction":[{"@type":"ReadAction","target":["https:\/\/nordic-collagen.com\/sl\/izdelek\/nordic-collagen-joint-shots-20-odmerkov\/"]}]},{"@type":"ImageObject","inLanguage":"sl-SI","@id":"https:\/\/nordic-collagen.com\/sl\/izdelek\/nordic-collagen-joint-shots-20-odmerkov\/#primaryimage","url":"https:\/\/nordic-collagen.com\/wp-content\/uploads\/2025\/10\/4-1.png","contentUrl":"https:\/\/nordic-collagen.com\/wp-content\/uploads\/2025\/10\/4-1.png","width":1200,"height":1200},{"@type":"BreadcrumbList","@id":"https:\/\/nordic-collagen.com\/sl\/izdelek\/nordic-collagen-joint-shots-20-odmerkov\/#breadcrumb","itemListElement":[{"@type":"ListItem","position":1,"name":"Domov","item":"https:\/\/nordic-collagen.com\/sl\/"},{"@type":"ListItem","position":2,"name":"Nakupujte","item":"https:\/\/nordic-collagen.com\/shop\/"},{"@type":"ListItem","position":3,"name":"Nordic Collagen Joint Shots 20 odmerkov"}]},{"@type":"WebSite","@id":"https:\/\/nordic-collagen.com\/sl\/#website","url":"https:\/\/nordic-collagen.com\/sl\/","name":"Nordic Collagen","description":"","publisher":{"@id":"https:\/\/nordic-collagen.com\/sl\/#organization"},"potentialAction":[{"@type":"SearchAction","target":{"@type":"EntryPoint","urlTemplate":"https:\/\/nordic-collagen.com\/sl\/?s={search_term_string}"},"query-input":{"@type":"PropertyValueSpecification","valueRequired":true,"valueName":"search_term_string"}}],"inLanguage":"sl-SI"},{"@type":"Organization","@id":"https:\/\/nordic-collagen.com\/sl\/#organization","name":"Nordic Collagen","url":"https:\/\/nordic-collagen.com\/sl\/","logo":{"@type":"ImageObject","inLanguage":"sl-SI","@id":"https:\/\/nordic-collagen.com\/sl\/#\/schema\/logo\/image\/","url":"https:\/\/nordic-collagen.com\/wp-content\/uploads\/2025\/10\/cropped-Nordic-Collagen-logo-01.png","contentUrl":"https:\/\/nordic-collagen.com\/wp-content\/uploads\/2025\/10\/cropped-Nordic-Collagen-logo-01.png","width":309,"height":118,"caption":"Nordic Collagen"},"image":{"@id":"https:\/\/nordic-collagen.com\/sl\/#\/schema\/logo\/image\/"}}]}},"_links":{"self":[{"href":"https:\/\/nordic-collagen.com\/sl\/wp-json\/wp\/v2\/product\/4514","targetHints":{"allow":["GET"]}}],"collection":[{"href":"https:\/\/nordic-collagen.com\/sl\/wp-json\/wp\/v2\/product"}],"about":[{"href":"https:\/\/nordic-collagen.com\/sl\/wp-json\/wp\/v2\/types\/product"}],"replies":[{"embeddable":true,"href":"https:\/\/nordic-collagen.com\/sl\/wp-json\/wp\/v2\/comments?post=4514"}],"version-history":[{"count":0,"href":"https:\/\/nordic-collagen.com\/sl\/wp-json\/wp\/v2\/product\/4514\/revisions"}],"wp:featuredmedia":[{"embeddable":true,"href":"https:\/\/nordic-collagen.com\/sl\/wp-json\/wp\/v2\/media\/4519"}],"wp:attachment":[{"href":"https:\/\/nordic-collagen.com\/sl\/wp-json\/wp\/v2\/media?parent=4514"}],"wp:term":[{"taxonomy":"product_brand","embeddable":true,"href":"https:\/\/nordic-collagen.com\/sl\/wp-json\/wp\/v2\/product_brand?post=4514"},{"taxonomy":"product_cat","embeddable":true,"href":"https:\/\/nordic-collagen.com\/sl\/wp-json\/wp\/v2\/product_cat?post=4514"},{"taxonomy":"product_tag","embeddable":true,"href":"https:\/\/nordic-collagen.com\/sl\/wp-json\/wp\/v2\/product_tag?post=4514"}],"curies":[{"name":"wp","href":"https:\/\/api.w.org\/{rel}","templated":true}]}}