{"id":4434,"date":"2025-10-14T17:03:24","date_gmt":"2025-10-14T17:03:24","guid":{"rendered":"https:\/\/nordic-collagen.com\/product\/nordic-collagen-menoplus-500-ml\/"},"modified":"2026-02-01T20:40:33","modified_gmt":"2026-02-01T20:40:33","slug":"nordic-collagen-menoplus-500-ml","status":"publish","type":"product","link":"https:\/\/nordic-collagen.com\/sl\/izdelek\/nordic-collagen-menoplus-500-ml\/","title":{"rendered":"Nordic Collagen Menoplus 500 ml"},"content":{"rendered":"<h2 data-start=\"229\" data-end=\"281\"><img fetchpriority=\"high\" decoding=\"async\" class=\"alignnone wp-image-3207 size-large\" src=\"https:\/\/nordic-collagen.com\/wp-content\/uploads\/2025\/10\/a4-724x1024.jpg\" alt=\"\" width=\"724\" height=\"1024\" srcset=\"https:\/\/nordic-collagen.com\/wp-content\/uploads\/2025\/10\/a4-724x1024.jpg 724w, https:\/\/nordic-collagen.com\/wp-content\/uploads\/2025\/10\/a4-212x300.jpg 212w, https:\/\/nordic-collagen.com\/wp-content\/uploads\/2025\/10\/a4-768x1086.jpg 768w, https:\/\/nordic-collagen.com\/wp-content\/uploads\/2025\/10\/a4-1086x1536.jpg 1086w, https:\/\/nordic-collagen.com\/wp-content\/uploads\/2025\/10\/a4-600x849.jpg 600w, https:\/\/nordic-collagen.com\/wp-content\/uploads\/2025\/10\/a4.jpg 1241w\" sizes=\"(max-width: 724px) 100vw, 724px\" \/><\/h2>\n<h2 data-start=\"229\" data-end=\"281\"><strong data-start=\"232\" data-end=\"281\">Collagen Menoplus+ <\/strong><\/h2>\n<h3 data-start=\"283\" data-end=\"343\"><strong data-start=\"287\" data-end=\"343\">Formula 9 v 1 za podporo v perimenopavzi &amp; menopavzi<\/strong><\/h3>\n<p data-start=\"344\" data-end=\"747\">Swedish Nutra <strong data-start=\"358\" data-end=\"380\">Collagen Menoplus+<\/strong> je napredna teko\u010da formula, zasnovana za podporo \u017eenskam v vseh fazah perimenopavze in menopavze. Zdru\u017euje <strong data-start=\"501\" data-end=\"541\">10.000 mg hidroliziranega morskega kolagena<\/strong> z <strong data-start=\"547\" data-end=\"572\">31 aktivnimi sestavinami<\/strong>, vklju\u010dno z vitamini, minerali, adaptogeni, fitoestrogeni in antioksidanti \u2013 vsi skupaj delujejo za spodbujanje <strong data-start=\"682\" data-end=\"746\">hormonskega ravnovesja, zdravja ko\u017ee, energije, razpolo\u017eenja in kakovosti spanca<\/strong>.<\/p>\n<p data-start=\"749\" data-end=\"1004\">Teko\u010da oblika zagotavlja <strong data-start=\"773\" data-end=\"809\">visoko absorpcijo in hitre rezultate<\/strong>, z okusnim <strong data-start=\"828\" data-end=\"854\">naravnim okusom pomaran\u010de<\/strong>.<br data-start=\"855\" data-end=\"858\" \/>Klini\u010dno testiran morski kolagen dokazano izbolj\u0161a elasti\u010dnost ko\u017ee \u017ee v <strong data-start=\"950\" data-end=\"961\">6 tednih<\/strong>, z \u0161e bolj\u0161imi rezultati po 12 tednih.<\/p>\n<hr data-start=\"1006\" data-end=\"1009\" \/>\n<h2 data-start=\"1011\" data-end=\"1030\"><strong data-start=\"1014\" data-end=\"1030\">Klju\u010dne koristi<\/strong><\/h2>\n<p data-start=\"1031\" data-end=\"1388\">\u2714 Hormonsko ravnovesje &amp; laj\u0161anje simptomov menopavze<br data-start=\"1075\" data-end=\"1078\" \/>\u2714 Izbolj\u0161uje elasti\u010dnost ko\u017ee, hidracijo &amp; mo\u010d las<br data-start=\"1131\" data-end=\"1134\" \/>\u2714 Podpira razpolo\u017eenje, mentalno jasnost &amp; koncentracijo<br data-start=\"1181\" data-end=\"1184\" \/>\u2714 Pove\u010duje energijo in zmanj\u0161uje utrujenost &amp; iz\u010drpanost<br data-start=\"1231\" data-end=\"1234\" \/>\u2714 Pomaga izbolj\u0161ati kakovost spanca &amp; sprostitev<br data-start=\"1276\" data-end=\"1279\" \/>\u2714 Podpira sklepe, kosti &amp; mi\u0161ice<br data-start=\"1313\" data-end=\"1316\" \/>\u2714 Krepi imunski sistem<br data-start=\"1343\" data-end=\"1346\" \/>\u2714 Podpira prebavo &amp; ravnovesje \u010drevesja in mo\u017eganov<\/p>\n<hr data-start=\"1390\" data-end=\"1393\" \/>\n<h2 data-start=\"1395\" data-end=\"1416\"><strong data-start=\"1398\" data-end=\"1416\">Komu je namenjen?<\/strong><\/h2>\n<p data-start=\"1417\" data-end=\"1446\">Idealno za \u017eenske, ki do\u017eivljajo:<\/p>\n<ul data-start=\"1447\" data-end=\"1653\">\n<li data-start=\"1447\" data-end=\"1491\">\n<p data-start=\"1449\" data-end=\"1491\">Perimenopavza \/ Menopavza \/ Postmenopavza<\/p>\n<\/li>\n<li data-start=\"1492\" data-end=\"1532\">\n<p data-start=\"1494\" data-end=\"1532\">Vro\u010dinski valovi, no\u010dno znojenje, nihanje razpolo\u017eenja<\/p>\n<\/li>\n<li data-start=\"1533\" data-end=\"1568\">\n<p data-start=\"1535\" data-end=\"1568\">Nizka energija, mo\u017eganska megla, slab spanec<\/p>\n<\/li>\n<li data-start=\"1569\" data-end=\"1616\">\n<p data-start=\"1571\" data-end=\"1616\">Suha ko\u017ea, izguba \u010dvrstosti, red\u010denje las<\/p>\n<\/li>\n<li data-start=\"1617\" data-end=\"1653\">\n<p data-start=\"1619\" data-end=\"1653\">Okorelost sklepov &amp; zmanj\u0161ana gibljivost<\/p>\n<\/li>\n<\/ul>\n<hr data-start=\"1655\" data-end=\"1658\" \/>\n<h2 data-start=\"1660\" data-end=\"1708\"><strong data-start=\"1663\" data-end=\"1708\">Aktivne sestavine (na dnevni odmerek 25 ml)<\/strong><\/h2>\n<h3 data-start=\"1710\" data-end=\"1754\"><strong data-start=\"1714\" data-end=\"1754\">Morski kolagen &amp; funkcionalne aktivne snovi<\/strong><\/h3>\n<ul data-start=\"1755\" data-end=\"1964\">\n<li data-start=\"1755\" data-end=\"1814\">\n<p data-start=\"1757\" data-end=\"1814\"><strong data-start=\"1757\" data-end=\"1800\">Hidroliziran morski kolagen tipa I &amp; III<\/strong> \u2013 10.000 mg<\/p>\n<\/li>\n<li data-start=\"1815\" data-end=\"1846\">\n<p data-start=\"1817\" data-end=\"1846\"><strong data-start=\"1817\" data-end=\"1836\">Hialuronska kislina<\/strong> \u2013 75 mg<\/p>\n<\/li>\n<li data-start=\"1847\" data-end=\"1870\">\n<p data-start=\"1849\" data-end=\"1870\"><strong data-start=\"1849\" data-end=\"1860\">Elastin<\/strong> \u2013 25 mg<\/p>\n<\/li>\n<li data-start=\"1871\" data-end=\"1891\">\n<p data-start=\"1873\" data-end=\"1891\"><strong data-start=\"1873\" data-end=\"1882\">CoQ10<\/strong> \u2013 5 mg<\/p>\n<\/li>\n<li data-start=\"1892\" data-end=\"1918\">\n<p data-start=\"1894\" data-end=\"1918\"><strong data-start=\"1894\" data-end=\"1909\">Astaksantin<\/strong> \u2013 2 mg<\/p>\n<\/li>\n<li data-start=\"1919\" data-end=\"1939\">\n<p data-start=\"1921\" data-end=\"1939\"><strong data-start=\"1921\" data-end=\"1929\">PABA<\/strong> \u2013 50 mg<\/p>\n<\/li>\n<li data-start=\"1940\" data-end=\"1964\">\n<p data-start=\"1942\" data-end=\"1964\"><strong data-start=\"1942\" data-end=\"1954\">Inozitol<\/strong> \u2013 15 mg<\/p>\n<\/li>\n<\/ul>\n<h3 data-start=\"1966\" data-end=\"2021\"><strong data-start=\"1970\" data-end=\"2021\">Me\u0161anica za ravnovesje \u2013 Hormonska podpora (skupno 970 mg)<\/strong><\/h3>\n<ul data-start=\"2022\" data-end=\"2139\">\n<li data-start=\"2022\" data-end=\"2035\">\n<p data-start=\"2024\" data-end=\"2035\">Dong Quai<\/p>\n<\/li>\n<li data-start=\"2036\" data-end=\"2050\">\n<p data-start=\"2038\" data-end=\"2050\">Rde\u010da detelja<\/p>\n<\/li>\n<li data-start=\"2051\" data-end=\"2071\">\n<p data-start=\"2053\" data-end=\"2071\">Svetlin<\/p>\n<\/li>\n<li data-start=\"2072\" data-end=\"2087\">\n<p data-start=\"2074\" data-end=\"2087\">A\u0161vaganda<\/p>\n<\/li>\n<li data-start=\"2088\" data-end=\"2101\">\n<p data-start=\"2090\" data-end=\"2101\">Korenina mace<\/p>\n<\/li>\n<li data-start=\"2102\" data-end=\"2121\">\n<p data-start=\"2104\" data-end=\"2121\">Sojini izoflavoni<\/p>\n<\/li>\n<li data-start=\"2122\" data-end=\"2139\">\n<p data-start=\"2124\" data-end=\"2139\">Glukonska kislina<\/p>\n<\/li>\n<\/ul>\n<h3 data-start=\"2141\" data-end=\"2168\"><strong data-start=\"2145\" data-end=\"2168\">Vitamini &amp; minerali<\/strong><\/h3>\n<ul data-start=\"2169\" data-end=\"2302\">\n<li data-start=\"2169\" data-end=\"2194\">\n<p data-start=\"2171\" data-end=\"2194\">Vitamin A, C, D3, E, K2<\/p>\n<\/li>\n<li data-start=\"2195\" data-end=\"2263\">\n<p data-start=\"2197\" data-end=\"2263\">B-kompleks: B1, B2, B3, B5, B6, B7 (Biotin), B9 (Folna kislina), B12<\/p>\n<\/li>\n<li data-start=\"2264\" data-end=\"2302\">\n<p data-start=\"2266\" data-end=\"2302\">Cink, kalcij, magnezij, selen<\/p>\n<\/li>\n<\/ul>\n<p>&nbsp;<\/p>\n<h2 data-start=\"2309\" data-end=\"2346\"><strong data-start=\"2312\" data-end=\"2346\">Zakaj teko\u010di Collagen Menoplus+?<\/strong><\/h2>\n<div class=\"_tableContainer_1rjym_1\">\n<div class=\"group _tableWrapper_1rjym_13 flex w-fit flex-col-reverse\" tabindex=\"-1\">\n<table class=\"w-fit min-w-(--thread-content-width)\" data-start=\"2347\" data-end=\"2769\">\n<thead data-start=\"2347\" data-end=\"2398\">\n<tr data-start=\"2347\" data-end=\"2398\">\n<th data-start=\"2347\" data-end=\"2367\" data-col-size=\"sm\">Drugi dodatki<\/th>\n<th data-start=\"2367\" data-end=\"2398\" data-col-size=\"sm\"><strong data-start=\"2369\" data-end=\"2396\">Swedish Nutra Menoplus+<\/strong><\/th>\n<\/tr>\n<\/thead>\n<tbody data-start=\"2450\" data-end=\"2769\">\n<tr data-start=\"2450\" data-end=\"2509\">\n<td data-start=\"2450\" data-end=\"2472\" data-col-size=\"sm\">Kapsule ali pra\u0161ki<\/td>\n<td data-col-size=\"sm\" data-start=\"2472\" data-end=\"2509\"><strong data-start=\"2474\" data-end=\"2507\">Teko\u010da oblika \u2013 visoka absorpcija<\/strong><\/td>\n<\/tr>\n<tr data-start=\"2510\" data-end=\"2556\">\n<td data-start=\"2510\" data-end=\"2527\" data-col-size=\"sm\">Osnovne formule<\/td>\n<td data-col-size=\"sm\" data-start=\"2527\" data-end=\"2556\"><strong data-start=\"2529\" data-end=\"2554\">31 aktivnih sestavin<\/strong><\/td>\n<\/tr>\n<tr data-start=\"2557\" data-end=\"2604\">\n<td data-start=\"2557\" data-end=\"2571\" data-col-size=\"sm\">Brez kolagena<\/td>\n<td data-col-size=\"sm\" data-start=\"2571\" data-end=\"2604\"><strong data-start=\"2573\" data-end=\"2602\">10.000 mg morskega kolagena<\/strong><\/td>\n<\/tr>\n<tr data-start=\"2605\" data-end=\"2670\">\n<td data-start=\"2605\" data-end=\"2626\" data-col-size=\"sm\">Umetni okus<\/td>\n<td data-col-size=\"sm\" data-start=\"2626\" data-end=\"2670\"><strong data-start=\"2628\" data-end=\"2668\">100% naraven okus &amp; barva pomaran\u010de<\/strong><\/td>\n<\/tr>\n<tr data-start=\"2671\" data-end=\"2717\">\n<td data-start=\"2671\" data-end=\"2685\" data-col-size=\"sm\">Dodani sladkor<\/td>\n<td data-col-size=\"sm\" data-start=\"2685\" data-end=\"2717\"><strong data-start=\"2687\" data-end=\"2715\">Brez sladkorja &amp; brez glutena<\/strong><\/td>\n<\/tr>\n<tr data-start=\"2718\" data-end=\"2769\">\n<td data-start=\"2718\" data-end=\"2739\" data-col-size=\"sm\">Standardna embala\u017ea<\/td>\n<td data-col-size=\"sm\" data-start=\"2739\" data-end=\"2769\"><strong data-start=\"2741\" data-end=\"2767\">100% reciklirana steklenica<\/strong><\/td>\n<\/tr>\n<\/tbody>\n<\/table>\n<\/div>\n<\/div>\n<hr data-start=\"2771\" data-end=\"2774\" \/>\n<h2 data-start=\"2776\" data-end=\"2801\"><strong data-start=\"2779\" data-end=\"2801\">Navodila za uporabo<\/strong><\/h2>\n<p data-start=\"2802\" data-end=\"2920\">Vzemite <strong data-start=\"2807\" data-end=\"2827\">25 ml enkrat dnevno<\/strong>.<br data-start=\"2828\" data-end=\"2831\" \/>Najbolje je vzeti zjutraj s hrano.<br data-start=\"2867\" data-end=\"2870\" \/>Po odprtju hranite v hladilniku in porabite v 2 mesecih.<\/p>\n<hr data-start=\"2922\" data-end=\"2925\" \/>\n<h2 data-start=\"2927\" data-end=\"2958\"><strong data-start=\"2930\" data-end=\"2958\">Opozorilo o alergenih &amp; varnosti<\/strong><\/h2>\n<p data-start=\"2959\" data-end=\"3163\">Vsebuje <strong data-start=\"2968\" data-end=\"2976\">ribe<\/strong> in <strong data-start=\"2981\" data-end=\"2988\">sojo<\/strong>.<br data-start=\"2989\" data-end=\"2992\" \/>Brez sladkorja, brez laktoze, brez glutena, brez GSO.<br data-start=\"3039\" data-end=\"3042\" \/>Ne uporabljajte kot nadomestek za raznoliko prehrano.<br data-start=\"3087\" data-end=\"3090\" \/>Ni priporo\u010dljivo med nose\u010dnostjo ali dojenjem brez zdravni\u0161kega nasveta.<\/p>\n<hr data-start=\"3165\" data-end=\"3168\" \/>\n<h2 data-start=\"3170\" data-end=\"3186\"><strong data-start=\"3173\" data-end=\"3186\">Embala\u017ea<\/strong><\/h2>\n<p data-start=\"3187\" data-end=\"3294\">\ud83d\udce6 500 ml stekleni\u010dka = <strong data-start=\"3206\" data-end=\"3223\">zaloga za 20 dni<\/strong><br data-start=\"3223\" data-end=\"3226\" \/>Okus: <strong data-start=\"3235\" data-end=\"3253\">Naravna pomaran\u010da<\/strong><br data-start=\"3253\" data-end=\"3256\" \/>Izdelano na \u0160vedskem \u2022 HACCP &amp; GMP certifikat<\/p>\n","protected":false},"excerpt":{"rendered":"<p>Podpora v menopavzi \u2022 10.000 mg morskega kolagena \u2022 31 aktivnih snovi<\/p>\n","protected":false},"featured_media":4438,"comment_status":"open","ping_status":"closed","template":"","meta":[],"product_brand":[],"product_cat":[108],"product_tag":[],"class_list":{"0":"post-4434","1":"product","2":"type-product","3":"status-publish","4":"has-post-thumbnail","6":"product_cat-kolagen","8":"first","9":"outofstock","10":"shipping-taxable","11":"purchasable","12":"product-type-simple"},"yoast_head":"<!-- This site is optimized with the Yoast SEO plugin v27.5 - https:\/\/yoast.com\/product\/yoast-seo-wordpress\/ -->\n<title>Nordic Collagen Menoplus 500 ml - Nordic Collagen<\/title>\n<meta name=\"robots\" content=\"index, follow, max-snippet:-1, max-image-preview:large, max-video-preview:-1\" \/>\n<link rel=\"canonical\" href=\"https:\/\/nordic-collagen.com\/sl\/izdelek\/nordic-collagen-menoplus-500-ml\/\" \/>\n<meta property=\"og:locale\" content=\"sl_SI\" \/>\n<meta property=\"og:type\" content=\"article\" \/>\n<meta property=\"og:title\" content=\"Nordic Collagen Menoplus 500 ml - Nordic Collagen\" \/>\n<meta property=\"og:description\" content=\"Podpora v menopavzi \u2022 10.000 mg morskega kolagena \u2022 31 aktivnih snovi\" \/>\n<meta property=\"og:url\" content=\"https:\/\/nordic-collagen.com\/sl\/izdelek\/nordic-collagen-menoplus-500-ml\/\" \/>\n<meta property=\"og:site_name\" content=\"Nordic Collagen\" \/>\n<meta property=\"article:modified_time\" content=\"2026-02-01T20:40:33+00:00\" \/>\n<meta property=\"og:image\" content=\"https:\/\/nordic-collagen.com\/wp-content\/uploads\/2025\/10\/Swedish-Nutra-\u2013-Collagen-Menoplus-2_02-1.png\" \/>\n\t<meta property=\"og:image:width\" content=\"1200\" \/>\n\t<meta property=\"og:image:height\" content=\"1200\" \/>\n\t<meta property=\"og:image:type\" content=\"image\/png\" \/>\n<meta name=\"twitter:card\" content=\"summary_large_image\" \/>\n<meta name=\"twitter:label1\" content=\"Est. reading time\" \/>\n\t<meta name=\"twitter:data1\" content=\"3 minut\" \/>\n<script type=\"application\/ld+json\" class=\"yoast-schema-graph\">{\"@context\":\"https:\\\/\\\/schema.org\",\"@graph\":[{\"@type\":\"WebPage\",\"@id\":\"https:\\\/\\\/nordic-collagen.com\\\/sl\\\/izdelek\\\/nordic-collagen-menoplus-500-ml\\\/\",\"url\":\"https:\\\/\\\/nordic-collagen.com\\\/sl\\\/izdelek\\\/nordic-collagen-menoplus-500-ml\\\/\",\"name\":\"Nordic Collagen Menoplus 500 ml - Nordic Collagen\",\"isPartOf\":{\"@id\":\"https:\\\/\\\/nordic-collagen.com\\\/sl\\\/#website\"},\"primaryImageOfPage\":{\"@id\":\"https:\\\/\\\/nordic-collagen.com\\\/sl\\\/izdelek\\\/nordic-collagen-menoplus-500-ml\\\/#primaryimage\"},\"image\":{\"@id\":\"https:\\\/\\\/nordic-collagen.com\\\/sl\\\/izdelek\\\/nordic-collagen-menoplus-500-ml\\\/#primaryimage\"},\"thumbnailUrl\":\"https:\\\/\\\/nordic-collagen.com\\\/wp-content\\\/uploads\\\/2025\\\/10\\\/Swedish-Nutra-\u2013-Collagen-Menoplus-2_02-1.png\",\"datePublished\":\"2025-10-14T17:03:24+00:00\",\"dateModified\":\"2026-02-01T20:40:33+00:00\",\"breadcrumb\":{\"@id\":\"https:\\\/\\\/nordic-collagen.com\\\/sl\\\/izdelek\\\/nordic-collagen-menoplus-500-ml\\\/#breadcrumb\"},\"inLanguage\":\"sl-SI\",\"potentialAction\":[{\"@type\":\"ReadAction\",\"target\":[\"https:\\\/\\\/nordic-collagen.com\\\/sl\\\/izdelek\\\/nordic-collagen-menoplus-500-ml\\\/\"]}]},{\"@type\":\"ImageObject\",\"inLanguage\":\"sl-SI\",\"@id\":\"https:\\\/\\\/nordic-collagen.com\\\/sl\\\/izdelek\\\/nordic-collagen-menoplus-500-ml\\\/#primaryimage\",\"url\":\"https:\\\/\\\/nordic-collagen.com\\\/wp-content\\\/uploads\\\/2025\\\/10\\\/Swedish-Nutra-\u2013-Collagen-Menoplus-2_02-1.png\",\"contentUrl\":\"https:\\\/\\\/nordic-collagen.com\\\/wp-content\\\/uploads\\\/2025\\\/10\\\/Swedish-Nutra-\u2013-Collagen-Menoplus-2_02-1.png\",\"width\":1200,\"height\":1200},{\"@type\":\"BreadcrumbList\",\"@id\":\"https:\\\/\\\/nordic-collagen.com\\\/sl\\\/izdelek\\\/nordic-collagen-menoplus-500-ml\\\/#breadcrumb\",\"itemListElement\":[{\"@type\":\"ListItem\",\"position\":1,\"name\":\"Domov\",\"item\":\"https:\\\/\\\/nordic-collagen.com\\\/sl\\\/\"},{\"@type\":\"ListItem\",\"position\":2,\"name\":\"Nakupujte\",\"item\":\"https:\\\/\\\/nordic-collagen.com\\\/shop\\\/\"},{\"@type\":\"ListItem\",\"position\":3,\"name\":\"Nordic Collagen Menoplus 500 ml\"}]},{\"@type\":\"WebSite\",\"@id\":\"https:\\\/\\\/nordic-collagen.com\\\/sl\\\/#website\",\"url\":\"https:\\\/\\\/nordic-collagen.com\\\/sl\\\/\",\"name\":\"Nordic Collagen\",\"description\":\"\",\"publisher\":{\"@id\":\"https:\\\/\\\/nordic-collagen.com\\\/sl\\\/#organization\"},\"potentialAction\":[{\"@type\":\"SearchAction\",\"target\":{\"@type\":\"EntryPoint\",\"urlTemplate\":\"https:\\\/\\\/nordic-collagen.com\\\/sl\\\/?s={search_term_string}\"},\"query-input\":{\"@type\":\"PropertyValueSpecification\",\"valueRequired\":true,\"valueName\":\"search_term_string\"}}],\"inLanguage\":\"sl-SI\"},{\"@type\":\"Organization\",\"@id\":\"https:\\\/\\\/nordic-collagen.com\\\/sl\\\/#organization\",\"name\":\"Nordic Collagen\",\"url\":\"https:\\\/\\\/nordic-collagen.com\\\/sl\\\/\",\"logo\":{\"@type\":\"ImageObject\",\"inLanguage\":\"sl-SI\",\"@id\":\"https:\\\/\\\/nordic-collagen.com\\\/sl\\\/#\\\/schema\\\/logo\\\/image\\\/\",\"url\":\"https:\\\/\\\/nordic-collagen.com\\\/wp-content\\\/uploads\\\/2025\\\/10\\\/cropped-Nordic-Collagen-logo-01.png\",\"contentUrl\":\"https:\\\/\\\/nordic-collagen.com\\\/wp-content\\\/uploads\\\/2025\\\/10\\\/cropped-Nordic-Collagen-logo-01.png\",\"width\":309,\"height\":118,\"caption\":\"Nordic Collagen\"},\"image\":{\"@id\":\"https:\\\/\\\/nordic-collagen.com\\\/sl\\\/#\\\/schema\\\/logo\\\/image\\\/\"}}]}<\/script>\n<!-- \/ Yoast SEO plugin. -->","yoast_head_json":{"title":"Nordic Collagen Menoplus 500 ml - Nordic Collagen","robots":{"index":"index","follow":"follow","max-snippet":"max-snippet:-1","max-image-preview":"max-image-preview:large","max-video-preview":"max-video-preview:-1"},"canonical":"https:\/\/nordic-collagen.com\/sl\/izdelek\/nordic-collagen-menoplus-500-ml\/","og_locale":"sl_SI","og_type":"article","og_title":"Nordic Collagen Menoplus 500 ml - Nordic Collagen","og_description":"Podpora v menopavzi \u2022 10.000 mg morskega kolagena \u2022 31 aktivnih snovi","og_url":"https:\/\/nordic-collagen.com\/sl\/izdelek\/nordic-collagen-menoplus-500-ml\/","og_site_name":"Nordic Collagen","article_modified_time":"2026-02-01T20:40:33+00:00","og_image":[{"width":1200,"height":1200,"url":"https:\/\/nordic-collagen.com\/wp-content\/uploads\/2025\/10\/Swedish-Nutra-\u2013-Collagen-Menoplus-2_02-1.png","type":"image\/png"}],"twitter_card":"summary_large_image","twitter_misc":{"Est. reading time":"3 minut"},"schema":{"@context":"https:\/\/schema.org","@graph":[{"@type":"WebPage","@id":"https:\/\/nordic-collagen.com\/sl\/izdelek\/nordic-collagen-menoplus-500-ml\/","url":"https:\/\/nordic-collagen.com\/sl\/izdelek\/nordic-collagen-menoplus-500-ml\/","name":"Nordic Collagen Menoplus 500 ml - Nordic Collagen","isPartOf":{"@id":"https:\/\/nordic-collagen.com\/sl\/#website"},"primaryImageOfPage":{"@id":"https:\/\/nordic-collagen.com\/sl\/izdelek\/nordic-collagen-menoplus-500-ml\/#primaryimage"},"image":{"@id":"https:\/\/nordic-collagen.com\/sl\/izdelek\/nordic-collagen-menoplus-500-ml\/#primaryimage"},"thumbnailUrl":"https:\/\/nordic-collagen.com\/wp-content\/uploads\/2025\/10\/Swedish-Nutra-\u2013-Collagen-Menoplus-2_02-1.png","datePublished":"2025-10-14T17:03:24+00:00","dateModified":"2026-02-01T20:40:33+00:00","breadcrumb":{"@id":"https:\/\/nordic-collagen.com\/sl\/izdelek\/nordic-collagen-menoplus-500-ml\/#breadcrumb"},"inLanguage":"sl-SI","potentialAction":[{"@type":"ReadAction","target":["https:\/\/nordic-collagen.com\/sl\/izdelek\/nordic-collagen-menoplus-500-ml\/"]}]},{"@type":"ImageObject","inLanguage":"sl-SI","@id":"https:\/\/nordic-collagen.com\/sl\/izdelek\/nordic-collagen-menoplus-500-ml\/#primaryimage","url":"https:\/\/nordic-collagen.com\/wp-content\/uploads\/2025\/10\/Swedish-Nutra-\u2013-Collagen-Menoplus-2_02-1.png","contentUrl":"https:\/\/nordic-collagen.com\/wp-content\/uploads\/2025\/10\/Swedish-Nutra-\u2013-Collagen-Menoplus-2_02-1.png","width":1200,"height":1200},{"@type":"BreadcrumbList","@id":"https:\/\/nordic-collagen.com\/sl\/izdelek\/nordic-collagen-menoplus-500-ml\/#breadcrumb","itemListElement":[{"@type":"ListItem","position":1,"name":"Domov","item":"https:\/\/nordic-collagen.com\/sl\/"},{"@type":"ListItem","position":2,"name":"Nakupujte","item":"https:\/\/nordic-collagen.com\/shop\/"},{"@type":"ListItem","position":3,"name":"Nordic Collagen Menoplus 500 ml"}]},{"@type":"WebSite","@id":"https:\/\/nordic-collagen.com\/sl\/#website","url":"https:\/\/nordic-collagen.com\/sl\/","name":"Nordic Collagen","description":"","publisher":{"@id":"https:\/\/nordic-collagen.com\/sl\/#organization"},"potentialAction":[{"@type":"SearchAction","target":{"@type":"EntryPoint","urlTemplate":"https:\/\/nordic-collagen.com\/sl\/?s={search_term_string}"},"query-input":{"@type":"PropertyValueSpecification","valueRequired":true,"valueName":"search_term_string"}}],"inLanguage":"sl-SI"},{"@type":"Organization","@id":"https:\/\/nordic-collagen.com\/sl\/#organization","name":"Nordic Collagen","url":"https:\/\/nordic-collagen.com\/sl\/","logo":{"@type":"ImageObject","inLanguage":"sl-SI","@id":"https:\/\/nordic-collagen.com\/sl\/#\/schema\/logo\/image\/","url":"https:\/\/nordic-collagen.com\/wp-content\/uploads\/2025\/10\/cropped-Nordic-Collagen-logo-01.png","contentUrl":"https:\/\/nordic-collagen.com\/wp-content\/uploads\/2025\/10\/cropped-Nordic-Collagen-logo-01.png","width":309,"height":118,"caption":"Nordic Collagen"},"image":{"@id":"https:\/\/nordic-collagen.com\/sl\/#\/schema\/logo\/image\/"}}]}},"_links":{"self":[{"href":"https:\/\/nordic-collagen.com\/sl\/wp-json\/wp\/v2\/product\/4434","targetHints":{"allow":["GET"]}}],"collection":[{"href":"https:\/\/nordic-collagen.com\/sl\/wp-json\/wp\/v2\/product"}],"about":[{"href":"https:\/\/nordic-collagen.com\/sl\/wp-json\/wp\/v2\/types\/product"}],"replies":[{"embeddable":true,"href":"https:\/\/nordic-collagen.com\/sl\/wp-json\/wp\/v2\/comments?post=4434"}],"version-history":[{"count":1,"href":"https:\/\/nordic-collagen.com\/sl\/wp-json\/wp\/v2\/product\/4434\/revisions"}],"predecessor-version":[{"id":4688,"href":"https:\/\/nordic-collagen.com\/sl\/wp-json\/wp\/v2\/product\/4434\/revisions\/4688"}],"wp:featuredmedia":[{"embeddable":true,"href":"https:\/\/nordic-collagen.com\/sl\/wp-json\/wp\/v2\/media\/4438"}],"wp:attachment":[{"href":"https:\/\/nordic-collagen.com\/sl\/wp-json\/wp\/v2\/media?parent=4434"}],"wp:term":[{"taxonomy":"product_brand","embeddable":true,"href":"https:\/\/nordic-collagen.com\/sl\/wp-json\/wp\/v2\/product_brand?post=4434"},{"taxonomy":"product_cat","embeddable":true,"href":"https:\/\/nordic-collagen.com\/sl\/wp-json\/wp\/v2\/product_cat?post=4434"},{"taxonomy":"product_tag","embeddable":true,"href":"https:\/\/nordic-collagen.com\/sl\/wp-json\/wp\/v2\/product_tag?post=4434"}],"curies":[{"name":"wp","href":"https:\/\/api.w.org\/{rel}","templated":true}]}}