{"id":4457,"date":"2025-10-14T17:03:24","date_gmt":"2025-10-14T17:03:24","guid":{"rendered":"https:\/\/nordic-collagen.com\/product\/nordic-collagen-menoplus-500-ml\/"},"modified":"2026-02-01T20:40:33","modified_gmt":"2026-02-01T20:40:33","slug":"nordic-collagen-menoplus-500-ml","status":"publish","type":"product","link":"https:\/\/nordic-collagen.com\/pt-pt\/produto\/nordic-collagen-menoplus-500-ml\/","title":{"rendered":"Nordic Collagen Menoplus 500 ml"},"content":{"rendered":"<h2 data-start=\"229\" data-end=\"281\"><img fetchpriority=\"high\" decoding=\"async\" class=\"alignnone wp-image-3207 size-large\" src=\"https:\/\/nordic-collagen.com\/wp-content\/uploads\/2025\/10\/a4-724x1024.jpg\" alt=\"\" width=\"724\" height=\"1024\" srcset=\"https:\/\/nordic-collagen.com\/wp-content\/uploads\/2025\/10\/a4-724x1024.jpg 724w, https:\/\/nordic-collagen.com\/wp-content\/uploads\/2025\/10\/a4-212x300.jpg 212w, https:\/\/nordic-collagen.com\/wp-content\/uploads\/2025\/10\/a4-768x1086.jpg 768w, https:\/\/nordic-collagen.com\/wp-content\/uploads\/2025\/10\/a4-1086x1536.jpg 1086w, https:\/\/nordic-collagen.com\/wp-content\/uploads\/2025\/10\/a4-600x849.jpg 600w, https:\/\/nordic-collagen.com\/wp-content\/uploads\/2025\/10\/a4.jpg 1241w\" sizes=\"(max-width: 724px) 100vw, 724px\" \/><\/h2>\n<h2 data-start=\"229\" data-end=\"281\"><strong data-start=\"232\" data-end=\"281\">Collagen Menoplus+ <\/strong><\/h2>\n<h3 data-start=\"283\" data-end=\"343\"><strong data-start=\"287\" data-end=\"343\">F\u00f3rmula 9 em 1 para Apoio na Perimenopausa e Menopausa<\/strong><\/h3>\n<p data-start=\"344\" data-end=\"747\">Swedish Nutra <strong data-start=\"358\" data-end=\"380\">Collagen Menoplus+<\/strong> \u00e9 uma f\u00f3rmula l\u00edquida avan\u00e7ada concebida para apoiar as mulheres em todas as fases da perimenopausa e da menopausa. Combina <strong data-start=\"501\" data-end=\"541\">10 000 mg de colag\u00e9nio marinho hidrolisado<\/strong> com <strong data-start=\"547\" data-end=\"572\">31 ingredientes ativos<\/strong>, incluindo vitaminas, minerais, adaptog\u00e9nios, fitoestrog\u00e9nios e antioxidantes \u2014 todos a trabalhar em conjunto para promover o <strong data-start=\"682\" data-end=\"746\">equil\u00edbrio hormonal, a sa\u00fade da pele, a energia, o humor e a qualidade do sono<\/strong>.<\/p>\n<p data-start=\"749\" data-end=\"1004\">A forma l\u00edquida garante uma <strong data-start=\"773\" data-end=\"809\">elevada absor\u00e7\u00e3o e resultados r\u00e1pidos<\/strong>, com um delicioso <strong data-start=\"828\" data-end=\"854\">sabor natural a laranja<\/strong>.<br data-start=\"855\" data-end=\"858\" \/>O colag\u00e9nio marinho clinicamente testado demonstrou melhorar a elasticidade da pele em apenas <strong data-start=\"950\" data-end=\"961\">6 semanas<\/strong>, com resultados ainda melhores ap\u00f3s 12 semanas.<\/p>\n<hr data-start=\"1006\" data-end=\"1009\" \/>\n<h2 data-start=\"1011\" data-end=\"1030\"><strong data-start=\"1014\" data-end=\"1030\">Principais Benef\u00edcios<\/strong><\/h2>\n<p data-start=\"1031\" data-end=\"1388\">\u2714 Equil\u00edbrio hormonal e al\u00edvio dos sintomas da menopausa<br data-start=\"1075\" data-end=\"1078\" \/>\u2714 Melhora a elasticidade, hidrata\u00e7\u00e3o e for\u00e7a do cabelo da pele<br data-start=\"1131\" data-end=\"1134\" \/>\u2714 Apoia o humor, a clareza mental e a concentra\u00e7\u00e3o<br data-start=\"1181\" data-end=\"1184\" \/>\u2714 Aumenta a energia e reduz o cansa\u00e7o e a fadiga<br data-start=\"1231\" data-end=\"1234\" \/>\u2714 Ajuda a melhorar a qualidade do sono e o relaxamento<br data-start=\"1276\" data-end=\"1279\" \/>\u2714 Apoia as articula\u00e7\u00f5es, os ossos e os m\u00fasculos<br data-start=\"1313\" data-end=\"1316\" \/>\u2714 Fortalece o sistema imunit\u00e1rio<br data-start=\"1343\" data-end=\"1346\" \/>\u2714 Apoia a digest\u00e3o e o equil\u00edbrio intestino-c\u00e9rebro<\/p>\n<hr data-start=\"1390\" data-end=\"1393\" \/>\n<h2 data-start=\"1395\" data-end=\"1416\"><strong data-start=\"1398\" data-end=\"1416\">Para quem \u00e9?<\/strong><\/h2>\n<p data-start=\"1417\" data-end=\"1446\">Ideal para mulheres que sofrem de:<\/p>\n<ul data-start=\"1447\" data-end=\"1653\">\n<li data-start=\"1447\" data-end=\"1491\">\n<p data-start=\"1449\" data-end=\"1491\">Perimenopausa \/ Menopausa \/ P\u00f3s-menopausa<\/p>\n<\/li>\n<li data-start=\"1492\" data-end=\"1532\">\n<p data-start=\"1494\" data-end=\"1532\">Ondas de calor, suores noturnos, altera\u00e7\u00f5es de humor<\/p>\n<\/li>\n<li data-start=\"1533\" data-end=\"1568\">\n<p data-start=\"1535\" data-end=\"1568\">Baixa energia, n\u00e9voa cerebral, sono de m\u00e1 qualidade<\/p>\n<\/li>\n<li data-start=\"1569\" data-end=\"1616\">\n<p data-start=\"1571\" data-end=\"1616\">Secura da pele, perda de firmeza, queda de cabelo<\/p>\n<\/li>\n<li data-start=\"1617\" data-end=\"1653\">\n<p data-start=\"1619\" data-end=\"1653\">Rigidez articular e mobilidade reduzida<\/p>\n<\/li>\n<\/ul>\n<hr data-start=\"1655\" data-end=\"1658\" \/>\n<h2 data-start=\"1660\" data-end=\"1708\"><strong data-start=\"1663\" data-end=\"1708\">Ingredientes ativos (por dose di\u00e1ria de 25 ml)<\/strong><\/h2>\n<h3 data-start=\"1710\" data-end=\"1754\"><strong data-start=\"1714\" data-end=\"1754\">Colag\u00e9nio Marinho e Ativos Funcionais<\/strong><\/h3>\n<ul data-start=\"1755\" data-end=\"1964\">\n<li data-start=\"1755\" data-end=\"1814\">\n<p data-start=\"1757\" data-end=\"1814\"><strong data-start=\"1757\" data-end=\"1800\">Colag\u00e9nio Marinho Hidrolisado tipo I e III<\/strong> \u2013 10 000 mg<\/p>\n<\/li>\n<li data-start=\"1815\" data-end=\"1846\">\n<p data-start=\"1817\" data-end=\"1846\"><strong data-start=\"1817\" data-end=\"1836\">\u00c1cido Hialur\u00f3nico<\/strong> \u2013 75 mg<\/p>\n<\/li>\n<li data-start=\"1847\" data-end=\"1870\">\n<p data-start=\"1849\" data-end=\"1870\"><strong data-start=\"1849\" data-end=\"1860\">Elastina<\/strong> \u2013 25 mg<\/p>\n<\/li>\n<li data-start=\"1871\" data-end=\"1891\">\n<p data-start=\"1873\" data-end=\"1891\"><strong data-start=\"1873\" data-end=\"1882\">CoQ10<\/strong> \u2013 5 mg<\/p>\n<\/li>\n<li data-start=\"1892\" data-end=\"1918\">\n<p data-start=\"1894\" data-end=\"1918\"><strong data-start=\"1894\" data-end=\"1909\">Astaxantina<\/strong> \u2013 2 mg<\/p>\n<\/li>\n<li data-start=\"1919\" data-end=\"1939\">\n<p data-start=\"1921\" data-end=\"1939\"><strong data-start=\"1921\" data-end=\"1929\">PABA<\/strong> \u2013 50 mg<\/p>\n<\/li>\n<li data-start=\"1940\" data-end=\"1964\">\n<p data-start=\"1942\" data-end=\"1964\"><strong data-start=\"1942\" data-end=\"1954\">Inositol<\/strong> \u2013 15 mg<\/p>\n<\/li>\n<\/ul>\n<h3 data-start=\"1966\" data-end=\"2021\"><strong data-start=\"1970\" data-end=\"2021\">Mistura de Equil\u00edbrio \u2013 Apoio Hormonal (total de 970 mg)<\/strong><\/h3>\n<ul data-start=\"2022\" data-end=\"2139\">\n<li data-start=\"2022\" data-end=\"2035\">\n<p data-start=\"2024\" data-end=\"2035\">Dong Quai<\/p>\n<\/li>\n<li data-start=\"2036\" data-end=\"2050\">\n<p data-start=\"2038\" data-end=\"2050\">Trevo Vermelho<\/p>\n<\/li>\n<li data-start=\"2051\" data-end=\"2071\">\n<p data-start=\"2053\" data-end=\"2071\">Pr\u00edmula<\/p>\n<\/li>\n<li data-start=\"2072\" data-end=\"2087\">\n<p data-start=\"2074\" data-end=\"2087\">Ashwagandha<\/p>\n<\/li>\n<li data-start=\"2088\" data-end=\"2101\">\n<p data-start=\"2090\" data-end=\"2101\">Raiz de Maca<\/p>\n<\/li>\n<li data-start=\"2102\" data-end=\"2121\">\n<p data-start=\"2104\" data-end=\"2121\">Isoflavonas de Soja<\/p>\n<\/li>\n<li data-start=\"2122\" data-end=\"2139\">\n<p data-start=\"2124\" data-end=\"2139\">\u00c1cido Gluc\u00f3nico<\/p>\n<\/li>\n<\/ul>\n<h3 data-start=\"2141\" data-end=\"2168\"><strong data-start=\"2145\" data-end=\"2168\">Vitaminas e Minerais<\/strong><\/h3>\n<ul data-start=\"2169\" data-end=\"2302\">\n<li data-start=\"2169\" data-end=\"2194\">\n<p data-start=\"2171\" data-end=\"2194\">Vitamina A, C, D3, E, K2<\/p>\n<\/li>\n<li data-start=\"2195\" data-end=\"2263\">\n<p data-start=\"2197\" data-end=\"2263\">Complexo B: B1, B2, B3, B5, B6, B7 (Biotina), B9 (\u00c1cido F\u00f3lico), B12<\/p>\n<\/li>\n<li data-start=\"2264\" data-end=\"2302\">\n<p data-start=\"2266\" data-end=\"2302\">Zinco, C\u00e1lcio, Magn\u00e9sio, Sel\u00e9nio<\/p>\n<\/li>\n<\/ul>\n<p>&nbsp;<\/p>\n<h2 data-start=\"2309\" data-end=\"2346\"><strong data-start=\"2312\" data-end=\"2346\">Porqu\u00ea Liquid Collagen Menoplus+?<\/strong><\/h2>\n<div class=\"_tableContainer_1rjym_1\">\n<div class=\"group _tableWrapper_1rjym_13 flex w-fit flex-col-reverse\" tabindex=\"-1\">\n<table class=\"w-fit min-w-(--thread-content-width)\" data-start=\"2347\" data-end=\"2769\">\n<thead data-start=\"2347\" data-end=\"2398\">\n<tr data-start=\"2347\" data-end=\"2398\">\n<th data-start=\"2347\" data-end=\"2367\" data-col-size=\"sm\">Outros Suplementos<\/th>\n<th data-start=\"2367\" data-end=\"2398\" data-col-size=\"sm\"><strong data-start=\"2369\" data-end=\"2396\">Swedish Nutra Menoplus+<\/strong><\/th>\n<\/tr>\n<\/thead>\n<tbody data-start=\"2450\" data-end=\"2769\">\n<tr data-start=\"2450\" data-end=\"2509\">\n<td data-start=\"2450\" data-end=\"2472\" data-col-size=\"sm\">C\u00e1psulas ou p\u00f3s<\/td>\n<td data-col-size=\"sm\" data-start=\"2472\" data-end=\"2509\"><strong data-start=\"2474\" data-end=\"2507\">Forma l\u00edquida \u2013 elevada absor\u00e7\u00e3o<\/strong><\/td>\n<\/tr>\n<tr data-start=\"2510\" data-end=\"2556\">\n<td data-start=\"2510\" data-end=\"2527\" data-col-size=\"sm\">F\u00f3rmulas b\u00e1sicas<\/td>\n<td data-col-size=\"sm\" data-start=\"2527\" data-end=\"2556\"><strong data-start=\"2529\" data-end=\"2554\">31 ingredientes ativos<\/strong><\/td>\n<\/tr>\n<tr data-start=\"2557\" data-end=\"2604\">\n<td data-start=\"2557\" data-end=\"2571\" data-col-size=\"sm\">Sem colag\u00e9nio<\/td>\n<td data-col-size=\"sm\" data-start=\"2571\" data-end=\"2604\"><strong data-start=\"2573\" data-end=\"2602\">10 000 mg de colag\u00e9nio marinho<\/strong><\/td>\n<\/tr>\n<tr data-start=\"2605\" data-end=\"2670\">\n<td data-start=\"2605\" data-end=\"2626\" data-col-size=\"sm\">Sabor artificial<\/td>\n<td data-col-size=\"sm\" data-start=\"2626\" data-end=\"2670\"><strong data-start=\"2628\" data-end=\"2668\">Sabor e cor 100% naturais a laranja<\/strong><\/td>\n<\/tr>\n<tr data-start=\"2671\" data-end=\"2717\">\n<td data-start=\"2671\" data-end=\"2685\" data-col-size=\"sm\">A\u00e7\u00facar adicionado<\/td>\n<td data-col-size=\"sm\" data-start=\"2685\" data-end=\"2717\"><strong data-start=\"2687\" data-end=\"2715\">Sem a\u00e7\u00facar e sem gl\u00faten<\/strong><\/td>\n<\/tr>\n<tr data-start=\"2718\" data-end=\"2769\">\n<td data-start=\"2718\" data-end=\"2739\" data-col-size=\"sm\">Embalagem standard<\/td>\n<td data-col-size=\"sm\" data-start=\"2739\" data-end=\"2769\"><strong data-start=\"2741\" data-end=\"2767\">Frasco 100% recicl\u00e1vel<\/strong><\/td>\n<\/tr>\n<\/tbody>\n<\/table>\n<\/div>\n<\/div>\n<hr data-start=\"2771\" data-end=\"2774\" \/>\n<h2 data-start=\"2776\" data-end=\"2801\"><strong data-start=\"2779\" data-end=\"2801\">Modo de Utiliza\u00e7\u00e3o<\/strong><\/h2>\n<p data-start=\"2802\" data-end=\"2920\">Tomar <strong data-start=\"2807\" data-end=\"2827\">25 ml uma vez por dia<\/strong>.<br data-start=\"2828\" data-end=\"2831\" \/>\u00c9 melhor tomar de manh\u00e3 com alimentos.<br data-start=\"2867\" data-end=\"2870\" \/>Refrigerar ap\u00f3s a abertura e utilizar no prazo de 2 meses.<\/p>\n<hr data-start=\"2922\" data-end=\"2925\" \/>\n<h2 data-start=\"2927\" data-end=\"2958\"><strong data-start=\"2930\" data-end=\"2958\">Aviso de Alerg\u00e9nios e Seguran\u00e7a<\/strong><\/h2>\n<p data-start=\"2959\" data-end=\"3163\">Cont\u00e9m <strong data-start=\"2968\" data-end=\"2976\">peixe<\/strong> e <strong data-start=\"2981\" data-end=\"2988\">soja<\/strong>.<br data-start=\"2989\" data-end=\"2992\" \/>Sem a\u00e7\u00facar, sem lactose, sem gl\u00faten, sem OGM.<br data-start=\"3039\" data-end=\"3042\" \/>N\u00e3o utilizar como substituto de um regime alimentar variado.<br data-start=\"3087\" data-end=\"3090\" \/>N\u00e3o recomendado durante a gravidez ou amamenta\u00e7\u00e3o sem aconselhamento m\u00e9dico.<\/p>\n<hr data-start=\"3165\" data-end=\"3168\" \/>\n<h2 data-start=\"3170\" data-end=\"3186\"><strong data-start=\"3173\" data-end=\"3186\">Embalagem<\/strong><\/h2>\n<p data-start=\"3187\" data-end=\"3294\">\ud83d\udce6 Frasco de 500 ml = <strong data-start=\"3206\" data-end=\"3223\">fornecimento para 20 dias<\/strong><br data-start=\"3223\" data-end=\"3226\" \/>Sabor: <strong data-start=\"3235\" data-end=\"3253\">Laranja Natural<\/strong><br data-start=\"3253\" data-end=\"3256\" \/>Fabricado na Su\u00e9cia \u2022 Certificado HACCP e GMP<\/p>\n","protected":false},"excerpt":{"rendered":"<p>Apoio na Menopausa \u2022 10 000 mg de Colag\u00e9nio Marinho \u2022 31 Ativos<\/p>\n","protected":false},"featured_media":4461,"comment_status":"open","ping_status":"closed","template":"","meta":[],"product_brand":[],"product_cat":[96],"product_tag":[],"class_list":{"0":"post-4457","1":"product","2":"type-product","3":"status-publish","4":"has-post-thumbnail","6":"product_cat-colagenio","8":"first","9":"outofstock","10":"shipping-taxable","11":"purchasable","12":"product-type-simple"},"yoast_head":"<!-- This site is optimized with the Yoast SEO plugin v27.4 - https:\/\/yoast.com\/product\/yoast-seo-wordpress\/ -->\n<title>Nordic Collagen Menoplus 500 ml - Nordic Collagen<\/title>\n<meta name=\"robots\" content=\"index, follow, max-snippet:-1, max-image-preview:large, max-video-preview:-1\" \/>\n<link rel=\"canonical\" href=\"https:\/\/nordic-collagen.com\/pt-pt\/produto\/nordic-collagen-menoplus-500-ml\/\" \/>\n<meta property=\"og:locale\" content=\"pt_PT\" \/>\n<meta property=\"og:type\" content=\"article\" \/>\n<meta property=\"og:title\" content=\"Nordic Collagen Menoplus 500 ml - Nordic Collagen\" \/>\n<meta property=\"og:description\" content=\"Apoio na Menopausa \u2022 10 000 mg de Colag\u00e9nio Marinho \u2022 31 Ativos\" \/>\n<meta property=\"og:url\" content=\"https:\/\/nordic-collagen.com\/pt-pt\/produto\/nordic-collagen-menoplus-500-ml\/\" \/>\n<meta property=\"og:site_name\" content=\"Nordic Collagen\" \/>\n<meta property=\"article:modified_time\" content=\"2026-02-01T20:40:33+00:00\" \/>\n<meta property=\"og:image\" content=\"https:\/\/nordic-collagen.com\/wp-content\/uploads\/2025\/10\/Swedish-Nutra-\u2013-Collagen-Menoplus-2_02-1.png\" \/>\n\t<meta property=\"og:image:width\" content=\"1200\" \/>\n\t<meta property=\"og:image:height\" content=\"1200\" \/>\n\t<meta property=\"og:image:type\" content=\"image\/png\" \/>\n<meta name=\"twitter:card\" content=\"summary_large_image\" \/>\n<meta name=\"twitter:label1\" content=\"Tempo estimado de leitura\" \/>\n\t<meta name=\"twitter:data1\" content=\"3 minutos\" \/>\n<script type=\"application\/ld+json\" class=\"yoast-schema-graph\">{\"@context\":\"https:\\\/\\\/schema.org\",\"@graph\":[{\"@type\":\"WebPage\",\"@id\":\"https:\\\/\\\/nordic-collagen.com\\\/pt-pt\\\/produto\\\/nordic-collagen-menoplus-500-ml\\\/\",\"url\":\"https:\\\/\\\/nordic-collagen.com\\\/pt-pt\\\/produto\\\/nordic-collagen-menoplus-500-ml\\\/\",\"name\":\"Nordic Collagen Menoplus 500 ml - Nordic Collagen\",\"isPartOf\":{\"@id\":\"https:\\\/\\\/nordic-collagen.com\\\/pt-pt\\\/#website\"},\"primaryImageOfPage\":{\"@id\":\"https:\\\/\\\/nordic-collagen.com\\\/pt-pt\\\/produto\\\/nordic-collagen-menoplus-500-ml\\\/#primaryimage\"},\"image\":{\"@id\":\"https:\\\/\\\/nordic-collagen.com\\\/pt-pt\\\/produto\\\/nordic-collagen-menoplus-500-ml\\\/#primaryimage\"},\"thumbnailUrl\":\"https:\\\/\\\/nordic-collagen.com\\\/wp-content\\\/uploads\\\/2025\\\/10\\\/Swedish-Nutra-\u2013-Collagen-Menoplus-2_02-1.png\",\"datePublished\":\"2025-10-14T17:03:24+00:00\",\"dateModified\":\"2026-02-01T20:40:33+00:00\",\"breadcrumb\":{\"@id\":\"https:\\\/\\\/nordic-collagen.com\\\/pt-pt\\\/produto\\\/nordic-collagen-menoplus-500-ml\\\/#breadcrumb\"},\"inLanguage\":\"pt-PT\",\"potentialAction\":[{\"@type\":\"ReadAction\",\"target\":[\"https:\\\/\\\/nordic-collagen.com\\\/pt-pt\\\/produto\\\/nordic-collagen-menoplus-500-ml\\\/\"]}]},{\"@type\":\"ImageObject\",\"inLanguage\":\"pt-PT\",\"@id\":\"https:\\\/\\\/nordic-collagen.com\\\/pt-pt\\\/produto\\\/nordic-collagen-menoplus-500-ml\\\/#primaryimage\",\"url\":\"https:\\\/\\\/nordic-collagen.com\\\/wp-content\\\/uploads\\\/2025\\\/10\\\/Swedish-Nutra-\u2013-Collagen-Menoplus-2_02-1.png\",\"contentUrl\":\"https:\\\/\\\/nordic-collagen.com\\\/wp-content\\\/uploads\\\/2025\\\/10\\\/Swedish-Nutra-\u2013-Collagen-Menoplus-2_02-1.png\",\"width\":1200,\"height\":1200},{\"@type\":\"BreadcrumbList\",\"@id\":\"https:\\\/\\\/nordic-collagen.com\\\/pt-pt\\\/produto\\\/nordic-collagen-menoplus-500-ml\\\/#breadcrumb\",\"itemListElement\":[{\"@type\":\"ListItem\",\"position\":1,\"name\":\"In\u00edcio\",\"item\":\"https:\\\/\\\/nordic-collagen.com\\\/pt-pt\\\/\"},{\"@type\":\"ListItem\",\"position\":2,\"name\":\"Loja\",\"item\":\"https:\\\/\\\/nordic-collagen.com\\\/shop\\\/\"},{\"@type\":\"ListItem\",\"position\":3,\"name\":\"Nordic Collagen Menoplus 500 ml\"}]},{\"@type\":\"WebSite\",\"@id\":\"https:\\\/\\\/nordic-collagen.com\\\/pt-pt\\\/#website\",\"url\":\"https:\\\/\\\/nordic-collagen.com\\\/pt-pt\\\/\",\"name\":\"Nordic Collagen\",\"description\":\"\",\"publisher\":{\"@id\":\"https:\\\/\\\/nordic-collagen.com\\\/pt-pt\\\/#organization\"},\"potentialAction\":[{\"@type\":\"SearchAction\",\"target\":{\"@type\":\"EntryPoint\",\"urlTemplate\":\"https:\\\/\\\/nordic-collagen.com\\\/pt-pt\\\/?s={search_term_string}\"},\"query-input\":{\"@type\":\"PropertyValueSpecification\",\"valueRequired\":true,\"valueName\":\"search_term_string\"}}],\"inLanguage\":\"pt-PT\"},{\"@type\":\"Organization\",\"@id\":\"https:\\\/\\\/nordic-collagen.com\\\/pt-pt\\\/#organization\",\"name\":\"Nordic Collagen\",\"url\":\"https:\\\/\\\/nordic-collagen.com\\\/pt-pt\\\/\",\"logo\":{\"@type\":\"ImageObject\",\"inLanguage\":\"pt-PT\",\"@id\":\"https:\\\/\\\/nordic-collagen.com\\\/pt-pt\\\/#\\\/schema\\\/logo\\\/image\\\/\",\"url\":\"https:\\\/\\\/nordic-collagen.com\\\/wp-content\\\/uploads\\\/2025\\\/10\\\/cropped-Nordic-Collagen-logo-01.png\",\"contentUrl\":\"https:\\\/\\\/nordic-collagen.com\\\/wp-content\\\/uploads\\\/2025\\\/10\\\/cropped-Nordic-Collagen-logo-01.png\",\"width\":309,\"height\":118,\"caption\":\"Nordic Collagen\"},\"image\":{\"@id\":\"https:\\\/\\\/nordic-collagen.com\\\/pt-pt\\\/#\\\/schema\\\/logo\\\/image\\\/\"}}]}<\/script>\n<!-- \/ Yoast SEO plugin. -->","yoast_head_json":{"title":"Nordic Collagen Menoplus 500 ml - Nordic Collagen","robots":{"index":"index","follow":"follow","max-snippet":"max-snippet:-1","max-image-preview":"max-image-preview:large","max-video-preview":"max-video-preview:-1"},"canonical":"https:\/\/nordic-collagen.com\/pt-pt\/produto\/nordic-collagen-menoplus-500-ml\/","og_locale":"pt_PT","og_type":"article","og_title":"Nordic Collagen Menoplus 500 ml - Nordic Collagen","og_description":"Apoio na Menopausa \u2022 10 000 mg de Colag\u00e9nio Marinho \u2022 31 Ativos","og_url":"https:\/\/nordic-collagen.com\/pt-pt\/produto\/nordic-collagen-menoplus-500-ml\/","og_site_name":"Nordic Collagen","article_modified_time":"2026-02-01T20:40:33+00:00","og_image":[{"width":1200,"height":1200,"url":"https:\/\/nordic-collagen.com\/wp-content\/uploads\/2025\/10\/Swedish-Nutra-\u2013-Collagen-Menoplus-2_02-1.png","type":"image\/png"}],"twitter_card":"summary_large_image","twitter_misc":{"Tempo estimado de leitura":"3 minutos"},"schema":{"@context":"https:\/\/schema.org","@graph":[{"@type":"WebPage","@id":"https:\/\/nordic-collagen.com\/pt-pt\/produto\/nordic-collagen-menoplus-500-ml\/","url":"https:\/\/nordic-collagen.com\/pt-pt\/produto\/nordic-collagen-menoplus-500-ml\/","name":"Nordic Collagen Menoplus 500 ml - Nordic Collagen","isPartOf":{"@id":"https:\/\/nordic-collagen.com\/pt-pt\/#website"},"primaryImageOfPage":{"@id":"https:\/\/nordic-collagen.com\/pt-pt\/produto\/nordic-collagen-menoplus-500-ml\/#primaryimage"},"image":{"@id":"https:\/\/nordic-collagen.com\/pt-pt\/produto\/nordic-collagen-menoplus-500-ml\/#primaryimage"},"thumbnailUrl":"https:\/\/nordic-collagen.com\/wp-content\/uploads\/2025\/10\/Swedish-Nutra-\u2013-Collagen-Menoplus-2_02-1.png","datePublished":"2025-10-14T17:03:24+00:00","dateModified":"2026-02-01T20:40:33+00:00","breadcrumb":{"@id":"https:\/\/nordic-collagen.com\/pt-pt\/produto\/nordic-collagen-menoplus-500-ml\/#breadcrumb"},"inLanguage":"pt-PT","potentialAction":[{"@type":"ReadAction","target":["https:\/\/nordic-collagen.com\/pt-pt\/produto\/nordic-collagen-menoplus-500-ml\/"]}]},{"@type":"ImageObject","inLanguage":"pt-PT","@id":"https:\/\/nordic-collagen.com\/pt-pt\/produto\/nordic-collagen-menoplus-500-ml\/#primaryimage","url":"https:\/\/nordic-collagen.com\/wp-content\/uploads\/2025\/10\/Swedish-Nutra-\u2013-Collagen-Menoplus-2_02-1.png","contentUrl":"https:\/\/nordic-collagen.com\/wp-content\/uploads\/2025\/10\/Swedish-Nutra-\u2013-Collagen-Menoplus-2_02-1.png","width":1200,"height":1200},{"@type":"BreadcrumbList","@id":"https:\/\/nordic-collagen.com\/pt-pt\/produto\/nordic-collagen-menoplus-500-ml\/#breadcrumb","itemListElement":[{"@type":"ListItem","position":1,"name":"In\u00edcio","item":"https:\/\/nordic-collagen.com\/pt-pt\/"},{"@type":"ListItem","position":2,"name":"Loja","item":"https:\/\/nordic-collagen.com\/shop\/"},{"@type":"ListItem","position":3,"name":"Nordic Collagen Menoplus 500 ml"}]},{"@type":"WebSite","@id":"https:\/\/nordic-collagen.com\/pt-pt\/#website","url":"https:\/\/nordic-collagen.com\/pt-pt\/","name":"Nordic Collagen","description":"","publisher":{"@id":"https:\/\/nordic-collagen.com\/pt-pt\/#organization"},"potentialAction":[{"@type":"SearchAction","target":{"@type":"EntryPoint","urlTemplate":"https:\/\/nordic-collagen.com\/pt-pt\/?s={search_term_string}"},"query-input":{"@type":"PropertyValueSpecification","valueRequired":true,"valueName":"search_term_string"}}],"inLanguage":"pt-PT"},{"@type":"Organization","@id":"https:\/\/nordic-collagen.com\/pt-pt\/#organization","name":"Nordic Collagen","url":"https:\/\/nordic-collagen.com\/pt-pt\/","logo":{"@type":"ImageObject","inLanguage":"pt-PT","@id":"https:\/\/nordic-collagen.com\/pt-pt\/#\/schema\/logo\/image\/","url":"https:\/\/nordic-collagen.com\/wp-content\/uploads\/2025\/10\/cropped-Nordic-Collagen-logo-01.png","contentUrl":"https:\/\/nordic-collagen.com\/wp-content\/uploads\/2025\/10\/cropped-Nordic-Collagen-logo-01.png","width":309,"height":118,"caption":"Nordic Collagen"},"image":{"@id":"https:\/\/nordic-collagen.com\/pt-pt\/#\/schema\/logo\/image\/"}}]}},"_links":{"self":[{"href":"https:\/\/nordic-collagen.com\/pt-pt\/wp-json\/wp\/v2\/product\/4457","targetHints":{"allow":["GET"]}}],"collection":[{"href":"https:\/\/nordic-collagen.com\/pt-pt\/wp-json\/wp\/v2\/product"}],"about":[{"href":"https:\/\/nordic-collagen.com\/pt-pt\/wp-json\/wp\/v2\/types\/product"}],"replies":[{"embeddable":true,"href":"https:\/\/nordic-collagen.com\/pt-pt\/wp-json\/wp\/v2\/comments?post=4457"}],"version-history":[{"count":1,"href":"https:\/\/nordic-collagen.com\/pt-pt\/wp-json\/wp\/v2\/product\/4457\/revisions"}],"predecessor-version":[{"id":4686,"href":"https:\/\/nordic-collagen.com\/pt-pt\/wp-json\/wp\/v2\/product\/4457\/revisions\/4686"}],"wp:featuredmedia":[{"embeddable":true,"href":"https:\/\/nordic-collagen.com\/pt-pt\/wp-json\/wp\/v2\/media\/4461"}],"wp:attachment":[{"href":"https:\/\/nordic-collagen.com\/pt-pt\/wp-json\/wp\/v2\/media?parent=4457"}],"wp:term":[{"taxonomy":"product_brand","embeddable":true,"href":"https:\/\/nordic-collagen.com\/pt-pt\/wp-json\/wp\/v2\/product_brand?post=4457"},{"taxonomy":"product_cat","embeddable":true,"href":"https:\/\/nordic-collagen.com\/pt-pt\/wp-json\/wp\/v2\/product_cat?post=4457"},{"taxonomy":"product_tag","embeddable":true,"href":"https:\/\/nordic-collagen.com\/pt-pt\/wp-json\/wp\/v2\/product_tag?post=4457"}],"curies":[{"name":"wp","href":"https:\/\/api.w.org\/{rel}","templated":true}]}}