{"id":3952,"date":"2025-10-11T10:50:48","date_gmt":"2025-10-11T10:50:48","guid":{"rendered":"https:\/\/nordic-collagen.com\/product\/nordic-collagen-joint-shots-20-shots\/"},"modified":"2025-10-11T10:50:48","modified_gmt":"2025-10-11T10:50:48","slug":"nordic-collagen-joint-shots-20-shots","status":"publish","type":"product","link":"https:\/\/nordic-collagen.com\/pt-pt\/produto\/nordic-collagen-joint-shots-20-shots\/","title":{"rendered":"Nordic Collagen Joint Shots 20 shots"},"content":{"rendered":"<h1 data-start=\"231\" data-end=\"294\"><strong data-start=\"233\" data-end=\"294\">Joint Shots \u2013 Shots de Colag\u00e9nio L\u00edquido para Articula\u00e7\u00f5es e Mobilidade<\/strong><\/h1>\n<h2 data-start=\"295\" data-end=\"358\"><strong data-start=\"298\" data-end=\"358\">F\u00f3rmula de colag\u00e9nio de alta concentra\u00e7\u00e3o em pr\u00e1ticas ampolas de 25 ml<\/strong><\/h2>\n<p data-start=\"360\" data-end=\"798\"><strong data-start=\"360\" data-end=\"389\">Swedish Nutra Joint Shots<\/strong> \u00e9 um suplemento l\u00edquido de a\u00e7\u00e3o r\u00e1pida concebido para apoiar a <strong data-start=\"446\" data-end=\"519\">mobilidade articular, a flexibilidade, a regenera\u00e7\u00e3o da cartilagem e o conforto di\u00e1rio<\/strong>.<br data-start=\"520\" data-end=\"523\">Cada ampola de dose \u00fanica cont\u00e9m <strong data-start=\"554\" data-end=\"594\">10 000 mg de colag\u00e9nio marinho hidrolisado<\/strong>, al\u00e9m de uma <strong data-start=\"602\" data-end=\"625\">Mistura de Suporte Articular<\/strong> com <strong data-start=\"631\" data-end=\"703\">MSM, Glucosamina, Condroitina, Vitamina C, Vitamina D3 e Vitamina B12<\/strong>, juntamente com <strong data-start=\"716\" data-end=\"750\">Curcuma e Extrato de Ch\u00e1 Verde<\/strong> para benef\u00edcios antioxidantes e anti-inflamat\u00f3rios.<\/p>\n<p data-start=\"800\" data-end=\"906\">Perfeito para pessoas ativas, atletas, idosos e qualquer pessoa que sinta rigidez articular ou mobilidade reduzida.<\/p>\n<p data-start=\"908\" data-end=\"955\">Dispon\u00edvel em <strong data-start=\"921\" data-end=\"954\">embalagens de fornecimento para 20 ou 30 dias<\/strong>.<\/p>\n<hr data-start=\"957\" data-end=\"960\">\n<h2 data-start=\"962\" data-end=\"981\"><strong data-start=\"965\" data-end=\"981\">Principais Benef\u00edcios<\/strong><\/h2>\n<p data-start=\"982\" data-end=\"1480\">\u2714 <strong data-start=\"984\" data-end=\"1026\">10 000 mg de colag\u00e9nio hidrolisado por shot<\/strong><br data-start=\"1026\" data-end=\"1029\">\u2714 <strong data-start=\"1031\" data-end=\"1072\">3 tipos de colag\u00e9nio: Tipo I, II e III<\/strong><br data-start=\"1072\" data-end=\"1075\">\u2714 <strong data-start=\"1077\" data-end=\"1126\">Apoia a repara\u00e7\u00e3o da cartilagem e a lubrifica\u00e7\u00e3o das articula\u00e7\u00f5es<\/strong><br data-start=\"1126\" data-end=\"1129\">\u2714 <strong data-start=\"1131\" data-end=\"1177\">Ajuda a reduzir a rigidez e melhora a mobilidade<\/strong><br data-start=\"1177\" data-end=\"1180\">\u2714 <strong data-start=\"1182\" data-end=\"1221\">Com MSM, Glucosamina e Condroitina<\/strong><br data-start=\"1221\" data-end=\"1224\">\u2714 <strong data-start=\"1226\" data-end=\"1270\">Vitamina C para a forma\u00e7\u00e3o natural de colag\u00e9nio<\/strong><br data-start=\"1270\" data-end=\"1273\">\u2714 <strong data-start=\"1275\" data-end=\"1309\">Vitamina D3 para os ossos e m\u00fasculos<\/strong><br data-start=\"1309\" data-end=\"1312\">\u2714 <strong data-start=\"1314\" data-end=\"1363\">Vitamina B12 para a energia e redu\u00e7\u00e3o da fadiga<\/strong><br data-start=\"1363\" data-end=\"1366\">\u2714 <strong data-start=\"1368\" data-end=\"1421\">Curcuma e ch\u00e1 verde para a\u00e7\u00e3o anti-inflamat\u00f3ria<\/strong><br data-start=\"1421\" data-end=\"1424\">\u2714 <strong data-start=\"1426\" data-end=\"1457\">Shots l\u00edquidos prontos a beber<\/strong> \u2014 n\u00e3o \u00e9 necess\u00e1rio misturar          <\/p>\n<hr data-start=\"1482\" data-end=\"1485\">\n<h2 data-start=\"1487\" data-end=\"1508\"><strong data-start=\"1490\" data-end=\"1508\">Para quem \u00e9?<\/strong><\/h2>\n<p data-start=\"1509\" data-end=\"1519\">Ideal para:<\/p>\n<ul data-start=\"1520\" data-end=\"1776\">\n<li data-start=\"1520\" data-end=\"1575\">\n<p data-start=\"1522\" data-end=\"1575\">Pessoas com <strong data-start=\"1534\" data-end=\"1575\">dores articulares, inflama\u00e7\u00e3o ou rigidez<\/strong><\/p>\n<\/li>\n<li data-start=\"1576\" data-end=\"1622\">\n<p data-start=\"1578\" data-end=\"1622\"><strong data-start=\"1578\" data-end=\"1590\">Atletas<\/strong> e indiv\u00edduos fisicamente ativos<\/p>\n<\/li>\n<li data-start=\"1623\" data-end=\"1677\">\n<p data-start=\"1625\" data-end=\"1677\"><strong data-start=\"1625\" data-end=\"1636\">Idosos<\/strong> que apoiam a mobilidade e a sa\u00fade da cartilagem<\/p>\n<\/li>\n<li data-start=\"1678\" data-end=\"1734\">\n<p data-start=\"1680\" data-end=\"1734\">Indiv\u00edduos a recuperar de <strong data-start=\"1702\" data-end=\"1734\">les\u00f5es ou treino intenso<\/strong><\/p>\n<\/li>\n<li data-start=\"1735\" data-end=\"1776\">\n<p data-start=\"1737\" data-end=\"1776\">Pessoas com <strong data-start=\"1749\" data-end=\"1776\">desgaste da cartilagem<\/strong><\/p>\n<\/li>\n<\/ul>\n<hr data-start=\"1778\" data-end=\"1781\">\n<h2 data-start=\"1783\" data-end=\"1825\"><strong data-start=\"1786\" data-end=\"1825\">Ingredientes Ativos (por ampola de 25 ml)<\/strong><\/h2>\n<h3 data-start=\"1826\" data-end=\"1866\"><strong data-start=\"1830\" data-end=\"1866\">Mistura de Colag\u00e9nio Articular \u2013 10 750 mg<\/strong><\/h3>\n<ul data-start=\"1867\" data-end=\"2010\">\n<li data-start=\"1867\" data-end=\"1921\">\n<p data-start=\"1869\" data-end=\"1921\">Colag\u00e9nio Hidrolisado Tipo I, II e III \u2013 <strong data-start=\"1908\" data-end=\"1921\">10 000 mg<\/strong><\/p>\n<\/li>\n<li data-start=\"1922\" data-end=\"1940\">\n<p data-start=\"1924\" data-end=\"1940\">MSM \u2013 <strong data-start=\"1930\" data-end=\"1940\">250 mg<\/strong><\/p>\n<\/li>\n<li data-start=\"1941\" data-end=\"1975\">\n<p data-start=\"1943\" data-end=\"1975\">Sulfato de Glucosamina \u2013 <strong data-start=\"1965\" data-end=\"1975\">250 mg<\/strong><\/p>\n<\/li>\n<li data-start=\"1976\" data-end=\"2010\">\n<p data-start=\"1978\" data-end=\"2010\">Sulfato de Condroitina \u2013 <strong data-start=\"2000\" data-end=\"2010\">250 mg<\/strong><\/p>\n<\/li>\n<\/ul>\n<h3 data-start=\"2012\" data-end=\"2046\"><strong data-start=\"2016\" data-end=\"2046\">Vitaminas e Extratos de Ervas<\/strong><\/h3>\n<ul data-start=\"2047\" data-end=\"2222\">\n<li data-start=\"2047\" data-end=\"2082\">\n<p data-start=\"2049\" data-end=\"2082\">Vitamina C \u2013 <strong data-start=\"2061\" data-end=\"2071\">120 mg<\/strong> (150% VRN)<\/p>\n<\/li>\n<li data-start=\"2083\" data-end=\"2120\">\n<p data-start=\"2085\" data-end=\"2120\">Vitamina B12 \u2013 <strong data-start=\"2099\" data-end=\"2108\">50 \u03bcg<\/strong> (2000% VRN)<\/p>\n<\/li>\n<li data-start=\"2121\" data-end=\"2157\">\n<p data-start=\"2123\" data-end=\"2157\">Vitamina D3 \u2013 <strong data-start=\"2136\" data-end=\"2145\">50 \u03bcg<\/strong> (1000% VRN)<\/p>\n<\/li>\n<li data-start=\"2158\" data-end=\"2189\">\n<p data-start=\"2160\" data-end=\"2189\">Extrato de Curcuma \u2013 <strong data-start=\"2179\" data-end=\"2189\">200 mg<\/strong><\/p>\n<\/li>\n<li data-start=\"2190\" data-end=\"2222\">\n<p data-start=\"2192\" data-end=\"2222\">Extrato de Ch\u00e1 Verde \u2013 <strong data-start=\"2212\" data-end=\"2222\">100 mg<\/strong><\/p>\n<\/li>\n<\/ul>\n<hr data-start=\"2224\" data-end=\"2227\">\n<h2 data-start=\"2229\" data-end=\"2246\"><strong data-start=\"2232\" data-end=\"2246\">Como Usar<\/strong><\/h2>\n<p data-start=\"2247\" data-end=\"2391\">Beba <strong data-start=\"2253\" data-end=\"2277\">uma ampola de 25 ml por dia<\/strong>.<br data-start=\"2278\" data-end=\"2281\">Utilize diretamente da ampola ou misture com \u00e1gua ou sumo.<br data-start=\"2335\" data-end=\"2338\">Para melhores resultados, utilize consistentemente durante <strong data-start=\"2377\" data-end=\"2390\">2\u20134 semanas<\/strong>.<\/p>\n<p data-start=\"2393\" data-end=\"2481\">Armazene num local fresco. Mantenha afastado da luz solar direta.<br data-start=\"2444\" data-end=\"2447\">Mantenha fora do alcance das crian\u00e7as. <\/p>\n<hr data-start=\"2483\" data-end=\"2486\">\n<h2 data-start=\"2488\" data-end=\"2524\"><strong data-start=\"2491\" data-end=\"2524\">Informa\u00e7\u00e3o sobre Alerg\u00e9nios e Seguran\u00e7a<\/strong><\/h2>\n<ul data-start=\"2525\" data-end=\"2654\">\n<li data-start=\"2525\" data-end=\"2558\">\n<p data-start=\"2527\" data-end=\"2558\">Cont\u00e9m <strong data-start=\"2536\" data-end=\"2558\">colag\u00e9nio de peixe<\/strong><\/p>\n<\/li>\n<li data-start=\"2559\" data-end=\"2603\">\n<p data-start=\"2561\" data-end=\"2603\">Cont\u00e9m <strong data-start=\"2570\" data-end=\"2603\">ado\u00e7antes (sucralose, Ace-K)<\/strong><\/p>\n<\/li>\n<li data-start=\"2604\" data-end=\"2654\">\n<p data-start=\"2606\" data-end=\"2654\">Sem a\u00e7\u00facar, gl\u00faten, soja, ovos, frutos secos e latic\u00ednios<\/p>\n<\/li>\n<\/ul>\n<p data-start=\"2656\" data-end=\"2785\">Os suplementos alimentares n\u00e3o devem substituir uma dieta variada.<br data-start=\"2706\" data-end=\"2709\">Consulte o seu m\u00e9dico durante a gravidez, amamenta\u00e7\u00e3o ou se estiver a tomar medica\u00e7\u00e3o.<\/p>\n<hr data-start=\"2787\" data-end=\"2790\">\n<h2 data-start=\"2792\" data-end=\"2808\"><strong data-start=\"2795\" data-end=\"2808\">Embalagem<\/strong><\/h2>\n<p data-start=\"2809\" data-end=\"2925\">\ud83d\udce6 Dispon\u00edvel em <strong data-start=\"2825\" data-end=\"2836\">embalagem de 20 unidades<\/strong> <br data-start=\"2851\" data-end=\"2854\">Sabor: <strong data-start=\"2863\" data-end=\"2880\">Frutos Silvestres Naturais<\/strong><br data-start=\"2880\" data-end=\"2883\">Fabricado na <strong data-start=\"2891\" data-end=\"2901\">Su\u00e9cia<\/strong> \u2014 certificado HACCP e GMP<\/p>\n","protected":false},"excerpt":{"rendered":"<p>Joint Shots \u2013 Shots de Colag\u00e9nio L\u00edquido para Articula\u00e7\u00f5es e Mobilidade F\u00f3rmula de colag\u00e9nio de alta concentra\u00e7\u00e3o em pr\u00e1ticas ampolas de 25 ml Swedish Nutra Joint Shots \u00e9 um suplemento l\u00edquido de a\u00e7\u00e3o r\u00e1pida concebido para apoiar a mobilidade articular, a flexibilidade, a regenera\u00e7\u00e3o da cartilagem e o conforto di\u00e1rio.Cada ampola de dose \u00fanica cont\u00e9m [&hellip;]<\/p>\n","protected":false},"featured_media":3967,"comment_status":"open","ping_status":"closed","template":"","meta":[],"product_brand":[],"product_cat":[97],"product_tag":[],"class_list":{"0":"post-3952","1":"product","2":"type-product","3":"status-publish","4":"has-post-thumbnail","6":"product_cat-colagenio-para-as-articulacoes","8":"first","9":"instock","10":"shipping-taxable","11":"purchasable","12":"product-type-simple"},"yoast_head":"<!-- This site is optimized with the Yoast SEO plugin v27.4 - https:\/\/yoast.com\/product\/yoast-seo-wordpress\/ -->\n<title>Nordic Collagen Joint Shots 20 shots - Nordic Collagen<\/title>\n<meta name=\"robots\" content=\"index, follow, max-snippet:-1, max-image-preview:large, max-video-preview:-1\" \/>\n<link rel=\"canonical\" href=\"https:\/\/nordic-collagen.com\/pt-pt\/produto\/nordic-collagen-joint-shots-20-shots\/\" \/>\n<meta property=\"og:locale\" content=\"pt_PT\" \/>\n<meta property=\"og:type\" content=\"article\" \/>\n<meta property=\"og:title\" content=\"Nordic Collagen Joint Shots 20 shots - Nordic Collagen\" \/>\n<meta property=\"og:description\" content=\"Joint Shots \u2013 Shots de Colag\u00e9nio L\u00edquido para Articula\u00e7\u00f5es e Mobilidade F\u00f3rmula de colag\u00e9nio de alta concentra\u00e7\u00e3o em pr\u00e1ticas ampolas de 25 ml Swedish Nutra Joint Shots \u00e9 um suplemento l\u00edquido de a\u00e7\u00e3o r\u00e1pida concebido para apoiar a mobilidade articular, a flexibilidade, a regenera\u00e7\u00e3o da cartilagem e o conforto di\u00e1rio.Cada ampola de dose \u00fanica cont\u00e9m [&hellip;]\" \/>\n<meta property=\"og:url\" content=\"https:\/\/nordic-collagen.com\/pt-pt\/produto\/nordic-collagen-joint-shots-20-shots\/\" \/>\n<meta property=\"og:site_name\" content=\"Nordic Collagen\" \/>\n<meta property=\"og:image\" content=\"https:\/\/nordic-collagen.com\/wp-content\/uploads\/2025\/10\/4-1.png\" \/>\n\t<meta property=\"og:image:width\" content=\"1200\" \/>\n\t<meta property=\"og:image:height\" content=\"1200\" \/>\n\t<meta property=\"og:image:type\" content=\"image\/png\" \/>\n<meta name=\"twitter:card\" content=\"summary_large_image\" \/>\n<meta name=\"twitter:label1\" content=\"Tempo estimado de leitura\" \/>\n\t<meta name=\"twitter:data1\" content=\"2 minutos\" \/>\n<script type=\"application\/ld+json\" class=\"yoast-schema-graph\">{\"@context\":\"https:\\\/\\\/schema.org\",\"@graph\":[{\"@type\":\"WebPage\",\"@id\":\"https:\\\/\\\/nordic-collagen.com\\\/pt-pt\\\/produto\\\/nordic-collagen-joint-shots-20-shots\\\/\",\"url\":\"https:\\\/\\\/nordic-collagen.com\\\/pt-pt\\\/produto\\\/nordic-collagen-joint-shots-20-shots\\\/\",\"name\":\"Nordic Collagen Joint Shots 20 shots - Nordic Collagen\",\"isPartOf\":{\"@id\":\"https:\\\/\\\/nordic-collagen.com\\\/pt-pt\\\/#website\"},\"primaryImageOfPage\":{\"@id\":\"https:\\\/\\\/nordic-collagen.com\\\/pt-pt\\\/produto\\\/nordic-collagen-joint-shots-20-shots\\\/#primaryimage\"},\"image\":{\"@id\":\"https:\\\/\\\/nordic-collagen.com\\\/pt-pt\\\/produto\\\/nordic-collagen-joint-shots-20-shots\\\/#primaryimage\"},\"thumbnailUrl\":\"https:\\\/\\\/nordic-collagen.com\\\/wp-content\\\/uploads\\\/2025\\\/10\\\/4-1.png\",\"datePublished\":\"2025-10-11T10:50:48+00:00\",\"breadcrumb\":{\"@id\":\"https:\\\/\\\/nordic-collagen.com\\\/pt-pt\\\/produto\\\/nordic-collagen-joint-shots-20-shots\\\/#breadcrumb\"},\"inLanguage\":\"pt-PT\",\"potentialAction\":[{\"@type\":\"ReadAction\",\"target\":[\"https:\\\/\\\/nordic-collagen.com\\\/pt-pt\\\/produto\\\/nordic-collagen-joint-shots-20-shots\\\/\"]}]},{\"@type\":\"ImageObject\",\"inLanguage\":\"pt-PT\",\"@id\":\"https:\\\/\\\/nordic-collagen.com\\\/pt-pt\\\/produto\\\/nordic-collagen-joint-shots-20-shots\\\/#primaryimage\",\"url\":\"https:\\\/\\\/nordic-collagen.com\\\/wp-content\\\/uploads\\\/2025\\\/10\\\/4-1.png\",\"contentUrl\":\"https:\\\/\\\/nordic-collagen.com\\\/wp-content\\\/uploads\\\/2025\\\/10\\\/4-1.png\",\"width\":1200,\"height\":1200},{\"@type\":\"BreadcrumbList\",\"@id\":\"https:\\\/\\\/nordic-collagen.com\\\/pt-pt\\\/produto\\\/nordic-collagen-joint-shots-20-shots\\\/#breadcrumb\",\"itemListElement\":[{\"@type\":\"ListItem\",\"position\":1,\"name\":\"In\u00edcio\",\"item\":\"https:\\\/\\\/nordic-collagen.com\\\/pt-pt\\\/\"},{\"@type\":\"ListItem\",\"position\":2,\"name\":\"Loja\",\"item\":\"https:\\\/\\\/nordic-collagen.com\\\/shop\\\/\"},{\"@type\":\"ListItem\",\"position\":3,\"name\":\"Nordic Collagen Joint Shots 20 shots\"}]},{\"@type\":\"WebSite\",\"@id\":\"https:\\\/\\\/nordic-collagen.com\\\/pt-pt\\\/#website\",\"url\":\"https:\\\/\\\/nordic-collagen.com\\\/pt-pt\\\/\",\"name\":\"Nordic Collagen\",\"description\":\"\",\"publisher\":{\"@id\":\"https:\\\/\\\/nordic-collagen.com\\\/pt-pt\\\/#organization\"},\"potentialAction\":[{\"@type\":\"SearchAction\",\"target\":{\"@type\":\"EntryPoint\",\"urlTemplate\":\"https:\\\/\\\/nordic-collagen.com\\\/pt-pt\\\/?s={search_term_string}\"},\"query-input\":{\"@type\":\"PropertyValueSpecification\",\"valueRequired\":true,\"valueName\":\"search_term_string\"}}],\"inLanguage\":\"pt-PT\"},{\"@type\":\"Organization\",\"@id\":\"https:\\\/\\\/nordic-collagen.com\\\/pt-pt\\\/#organization\",\"name\":\"Nordic Collagen\",\"url\":\"https:\\\/\\\/nordic-collagen.com\\\/pt-pt\\\/\",\"logo\":{\"@type\":\"ImageObject\",\"inLanguage\":\"pt-PT\",\"@id\":\"https:\\\/\\\/nordic-collagen.com\\\/pt-pt\\\/#\\\/schema\\\/logo\\\/image\\\/\",\"url\":\"https:\\\/\\\/nordic-collagen.com\\\/wp-content\\\/uploads\\\/2025\\\/10\\\/cropped-Nordic-Collagen-logo-01.png\",\"contentUrl\":\"https:\\\/\\\/nordic-collagen.com\\\/wp-content\\\/uploads\\\/2025\\\/10\\\/cropped-Nordic-Collagen-logo-01.png\",\"width\":309,\"height\":118,\"caption\":\"Nordic Collagen\"},\"image\":{\"@id\":\"https:\\\/\\\/nordic-collagen.com\\\/pt-pt\\\/#\\\/schema\\\/logo\\\/image\\\/\"}}]}<\/script>\n<!-- \/ Yoast SEO plugin. -->","yoast_head_json":{"title":"Nordic Collagen Joint Shots 20 shots - Nordic Collagen","robots":{"index":"index","follow":"follow","max-snippet":"max-snippet:-1","max-image-preview":"max-image-preview:large","max-video-preview":"max-video-preview:-1"},"canonical":"https:\/\/nordic-collagen.com\/pt-pt\/produto\/nordic-collagen-joint-shots-20-shots\/","og_locale":"pt_PT","og_type":"article","og_title":"Nordic Collagen Joint Shots 20 shots - Nordic Collagen","og_description":"Joint Shots \u2013 Shots de Colag\u00e9nio L\u00edquido para Articula\u00e7\u00f5es e Mobilidade F\u00f3rmula de colag\u00e9nio de alta concentra\u00e7\u00e3o em pr\u00e1ticas ampolas de 25 ml Swedish Nutra Joint Shots \u00e9 um suplemento l\u00edquido de a\u00e7\u00e3o r\u00e1pida concebido para apoiar a mobilidade articular, a flexibilidade, a regenera\u00e7\u00e3o da cartilagem e o conforto di\u00e1rio.Cada ampola de dose \u00fanica cont\u00e9m [&hellip;]","og_url":"https:\/\/nordic-collagen.com\/pt-pt\/produto\/nordic-collagen-joint-shots-20-shots\/","og_site_name":"Nordic Collagen","og_image":[{"width":1200,"height":1200,"url":"https:\/\/nordic-collagen.com\/wp-content\/uploads\/2025\/10\/4-1.png","type":"image\/png"}],"twitter_card":"summary_large_image","twitter_misc":{"Tempo estimado de leitura":"2 minutos"},"schema":{"@context":"https:\/\/schema.org","@graph":[{"@type":"WebPage","@id":"https:\/\/nordic-collagen.com\/pt-pt\/produto\/nordic-collagen-joint-shots-20-shots\/","url":"https:\/\/nordic-collagen.com\/pt-pt\/produto\/nordic-collagen-joint-shots-20-shots\/","name":"Nordic Collagen Joint Shots 20 shots - Nordic Collagen","isPartOf":{"@id":"https:\/\/nordic-collagen.com\/pt-pt\/#website"},"primaryImageOfPage":{"@id":"https:\/\/nordic-collagen.com\/pt-pt\/produto\/nordic-collagen-joint-shots-20-shots\/#primaryimage"},"image":{"@id":"https:\/\/nordic-collagen.com\/pt-pt\/produto\/nordic-collagen-joint-shots-20-shots\/#primaryimage"},"thumbnailUrl":"https:\/\/nordic-collagen.com\/wp-content\/uploads\/2025\/10\/4-1.png","datePublished":"2025-10-11T10:50:48+00:00","breadcrumb":{"@id":"https:\/\/nordic-collagen.com\/pt-pt\/produto\/nordic-collagen-joint-shots-20-shots\/#breadcrumb"},"inLanguage":"pt-PT","potentialAction":[{"@type":"ReadAction","target":["https:\/\/nordic-collagen.com\/pt-pt\/produto\/nordic-collagen-joint-shots-20-shots\/"]}]},{"@type":"ImageObject","inLanguage":"pt-PT","@id":"https:\/\/nordic-collagen.com\/pt-pt\/produto\/nordic-collagen-joint-shots-20-shots\/#primaryimage","url":"https:\/\/nordic-collagen.com\/wp-content\/uploads\/2025\/10\/4-1.png","contentUrl":"https:\/\/nordic-collagen.com\/wp-content\/uploads\/2025\/10\/4-1.png","width":1200,"height":1200},{"@type":"BreadcrumbList","@id":"https:\/\/nordic-collagen.com\/pt-pt\/produto\/nordic-collagen-joint-shots-20-shots\/#breadcrumb","itemListElement":[{"@type":"ListItem","position":1,"name":"In\u00edcio","item":"https:\/\/nordic-collagen.com\/pt-pt\/"},{"@type":"ListItem","position":2,"name":"Loja","item":"https:\/\/nordic-collagen.com\/shop\/"},{"@type":"ListItem","position":3,"name":"Nordic Collagen Joint Shots 20 shots"}]},{"@type":"WebSite","@id":"https:\/\/nordic-collagen.com\/pt-pt\/#website","url":"https:\/\/nordic-collagen.com\/pt-pt\/","name":"Nordic Collagen","description":"","publisher":{"@id":"https:\/\/nordic-collagen.com\/pt-pt\/#organization"},"potentialAction":[{"@type":"SearchAction","target":{"@type":"EntryPoint","urlTemplate":"https:\/\/nordic-collagen.com\/pt-pt\/?s={search_term_string}"},"query-input":{"@type":"PropertyValueSpecification","valueRequired":true,"valueName":"search_term_string"}}],"inLanguage":"pt-PT"},{"@type":"Organization","@id":"https:\/\/nordic-collagen.com\/pt-pt\/#organization","name":"Nordic Collagen","url":"https:\/\/nordic-collagen.com\/pt-pt\/","logo":{"@type":"ImageObject","inLanguage":"pt-PT","@id":"https:\/\/nordic-collagen.com\/pt-pt\/#\/schema\/logo\/image\/","url":"https:\/\/nordic-collagen.com\/wp-content\/uploads\/2025\/10\/cropped-Nordic-Collagen-logo-01.png","contentUrl":"https:\/\/nordic-collagen.com\/wp-content\/uploads\/2025\/10\/cropped-Nordic-Collagen-logo-01.png","width":309,"height":118,"caption":"Nordic Collagen"},"image":{"@id":"https:\/\/nordic-collagen.com\/pt-pt\/#\/schema\/logo\/image\/"}}]}},"_links":{"self":[{"href":"https:\/\/nordic-collagen.com\/pt-pt\/wp-json\/wp\/v2\/product\/3952","targetHints":{"allow":["GET"]}}],"collection":[{"href":"https:\/\/nordic-collagen.com\/pt-pt\/wp-json\/wp\/v2\/product"}],"about":[{"href":"https:\/\/nordic-collagen.com\/pt-pt\/wp-json\/wp\/v2\/types\/product"}],"replies":[{"embeddable":true,"href":"https:\/\/nordic-collagen.com\/pt-pt\/wp-json\/wp\/v2\/comments?post=3952"}],"version-history":[{"count":0,"href":"https:\/\/nordic-collagen.com\/pt-pt\/wp-json\/wp\/v2\/product\/3952\/revisions"}],"wp:featuredmedia":[{"embeddable":true,"href":"https:\/\/nordic-collagen.com\/pt-pt\/wp-json\/wp\/v2\/media\/3967"}],"wp:attachment":[{"href":"https:\/\/nordic-collagen.com\/pt-pt\/wp-json\/wp\/v2\/media?parent=3952"}],"wp:term":[{"taxonomy":"product_brand","embeddable":true,"href":"https:\/\/nordic-collagen.com\/pt-pt\/wp-json\/wp\/v2\/product_brand?post=3952"},{"taxonomy":"product_cat","embeddable":true,"href":"https:\/\/nordic-collagen.com\/pt-pt\/wp-json\/wp\/v2\/product_cat?post=3952"},{"taxonomy":"product_tag","embeddable":true,"href":"https:\/\/nordic-collagen.com\/pt-pt\/wp-json\/wp\/v2\/product_tag?post=3952"}],"curies":[{"name":"wp","href":"https:\/\/api.w.org\/{rel}","templated":true}]}}