{"id":2191,"date":"2025-10-14T17:03:24","date_gmt":"2025-10-14T17:03:24","guid":{"rendered":"https:\/\/nordic-collagen.com\/product\/collagene-nordique-menoplus-500ml\/"},"modified":"2026-02-01T20:40:33","modified_gmt":"2026-02-01T20:40:33","slug":"collagene-nordique-menoplus-500ml","status":"publish","type":"product","link":"https:\/\/nordic-collagen.com\/fr\/produit\/collagene-nordique-menoplus-500ml\/","title":{"rendered":"Collag\u00e8ne nordique menoplus 500ml"},"content":{"rendered":"<h2 data-start=\"229\" data-end=\"281\"><img fetchpriority=\"high\" decoding=\"async\" class=\"alignnone wp-image-3207 size-large\" src=\"https:\/\/nordic-collagen.com\/wp-content\/uploads\/2025\/10\/a4-724x1024.jpg\" alt=\"\" width=\"724\" height=\"1024\" srcset=\"https:\/\/nordic-collagen.com\/wp-content\/uploads\/2025\/10\/a4-724x1024.jpg 724w, https:\/\/nordic-collagen.com\/wp-content\/uploads\/2025\/10\/a4-212x300.jpg 212w, https:\/\/nordic-collagen.com\/wp-content\/uploads\/2025\/10\/a4-768x1086.jpg 768w, https:\/\/nordic-collagen.com\/wp-content\/uploads\/2025\/10\/a4-1086x1536.jpg 1086w, https:\/\/nordic-collagen.com\/wp-content\/uploads\/2025\/10\/a4-600x849.jpg 600w, https:\/\/nordic-collagen.com\/wp-content\/uploads\/2025\/10\/a4.jpg 1241w\" sizes=\"(max-width: 724px) 100vw, 724px\" \/><\/h2>\n<h2 data-start=\"229\" data-end=\"281\"><strong data-start=\"232\" data-end=\"281\">Collag\u00e8ne menoplus+ <\/strong><\/h2>\n<h3 data-start=\"283\" data-end=\"343\"><strong data-start=\"287\" data-end=\"343\">Formule 9-en-1 pour le soutien pendant la p\u00e9rim\u00e9nopause et la m\u00e9nopause<\/strong><\/h3>\n<p data-start=\"344\" data-end=\"747\">Swedish Nutra <strong data-start=\"358\" data-end=\"380\">Collagen Menoplus+<\/strong> est une formule liquide avanc\u00e9e con\u00e7ue pour soutenir les femmes \u00e0 chaque \u00e9tape de la p\u00e9rim\u00e9nopause et de la m\u00e9nopause. Elle combine <strong data-start=\"501\" data-end=\"541\">10 000 mg de collag\u00e8ne marin hydrolys\u00e9<\/strong> avec <strong data-start=\"547\" data-end=\"572\">31 ingr\u00e9dients actifs<\/strong>, notamment des vitamines, des min\u00e9raux, des adaptog\u00e8nes, des phytoestrog\u00e8nes et des antioxydants \u2014 tous travaillant ensemble pour favoriser <strong data-start=\"682\" data-end=\"746\">l&rsquo;\u00e9quilibre hormonal, la sant\u00e9 de la peau, l&rsquo;\u00e9nergie, l&rsquo;humeur et la qualit\u00e9 du sommeil<\/strong>.<\/p>\n<p data-start=\"749\" data-end=\"1004\">La forme liquide assure une <strong data-start=\"773\" data-end=\"809\">absorption \u00e9lev\u00e9e et des r\u00e9sultats rapides<\/strong>, avec un d\u00e9licieux <strong data-start=\"828\" data-end=\"854\">go\u00fbt naturel d&rsquo;orange<\/strong>.<br data-start=\"855\" data-end=\"858\" \/>Il a \u00e9t\u00e9 d\u00e9montr\u00e9 que le collag\u00e8ne marin test\u00e9 cliniquement am\u00e9liore l&rsquo;\u00e9lasticit\u00e9 de la peau en seulement <strong data-start=\"950\" data-end=\"961\">6 semaines<\/strong>, avec des r\u00e9sultats encore plus importants apr\u00e8s 12 semaines.<\/p>\n<hr data-start=\"1006\" data-end=\"1009\" \/>\n<h2 data-start=\"1011\" data-end=\"1030\"><strong data-start=\"1014\" data-end=\"1030\">Principaux avantages<\/strong><\/h2>\n<p data-start=\"1031\" data-end=\"1388\">\u2714 \u00c9quilibre hormonal et soulagement des sympt\u00f4mes de la m\u00e9nopause<br data-start=\"1075\" data-end=\"1078\" \/>\u2714 Am\u00e9liore l&rsquo;\u00e9lasticit\u00e9, l&rsquo;hydratation et la force des cheveux<br data-start=\"1131\" data-end=\"1134\" \/>\u2714 Soutient l&rsquo;humeur, la clart\u00e9 mentale et la concentration<br data-start=\"1181\" data-end=\"1184\" \/>\u2714 Augmente l&rsquo;\u00e9nergie et r\u00e9duit la fatigue et l&rsquo;\u00e9puisement<br data-start=\"1231\" data-end=\"1234\" \/>\u2714 Aide \u00e0 am\u00e9liorer la qualit\u00e9 du sommeil et la relaxation<br data-start=\"1276\" data-end=\"1279\" \/>\u2714 Soutient les articulations, les os et les muscles<br data-start=\"1313\" data-end=\"1316\" \/>\u2714 Renforce le syst\u00e8me immunitaire<br data-start=\"1343\" data-end=\"1346\" \/>\u2714 Soutient la digestion et l&rsquo;\u00e9quilibre intestin-cerveau<\/p>\n<hr data-start=\"1390\" data-end=\"1393\" \/>\n<h2 data-start=\"1395\" data-end=\"1416\"><strong data-start=\"1398\" data-end=\"1416\">\u00c0 qui s\u2019adresse-t-il\u00a0?<\/strong><\/h2>\n<p data-start=\"1417\" data-end=\"1446\">Id\u00e9al pour les femmes qui connaissent :<\/p>\n<ul data-start=\"1447\" data-end=\"1653\">\n<li data-start=\"1447\" data-end=\"1491\">\n<p data-start=\"1449\" data-end=\"1491\">P\u00e9rim\u00e9nopause \/ M\u00e9nopause \/ Post-m\u00e9nopause<\/p>\n<\/li>\n<li data-start=\"1492\" data-end=\"1532\">\n<p data-start=\"1494\" data-end=\"1532\">Bouff\u00e9es de chaleur, sueurs nocturnes, sautes d&rsquo;humeur<\/p>\n<\/li>\n<li data-start=\"1533\" data-end=\"1568\">\n<p data-start=\"1535\" data-end=\"1568\">Faible \u00e9nergie, brouillard mental, mauvais sommeil<\/p>\n<\/li>\n<li data-start=\"1569\" data-end=\"1616\">\n<p data-start=\"1571\" data-end=\"1616\">S\u00e9cheresse cutan\u00e9e, perte de fermet\u00e9, amincissement des cheveux<\/p>\n<\/li>\n<li data-start=\"1617\" data-end=\"1653\">\n<p data-start=\"1619\" data-end=\"1653\">Raideur articulaire et mobilit\u00e9 r\u00e9duite<\/p>\n<\/li>\n<\/ul>\n<hr data-start=\"1655\" data-end=\"1658\" \/>\n<h2 data-start=\"1660\" data-end=\"1708\"><strong data-start=\"1663\" data-end=\"1708\">Ingr\u00e9dients actifs (par dose quotidienne de 25 ml)<\/strong><\/h2>\n<h3 data-start=\"1710\" data-end=\"1754\"><strong data-start=\"1714\" data-end=\"1754\">Collag\u00e8ne marin et actifs fonctionnels<\/strong><\/h3>\n<ul data-start=\"1755\" data-end=\"1964\">\n<li data-start=\"1755\" data-end=\"1814\">\n<p data-start=\"1757\" data-end=\"1814\"><strong data-start=\"1757\" data-end=\"1800\">Collag\u00e8ne marin hydrolys\u00e9 de type I et III<\/strong> \u2013 10 000 mg<\/p>\n<\/li>\n<li data-start=\"1815\" data-end=\"1846\">\n<p data-start=\"1817\" data-end=\"1846\"><strong data-start=\"1817\" data-end=\"1836\">Acide hyaluronique<\/strong> \u2013 75 mg<\/p>\n<\/li>\n<li data-start=\"1847\" data-end=\"1870\">\n<p data-start=\"1849\" data-end=\"1870\"><strong data-start=\"1849\" data-end=\"1860\">\u00c9lastine<\/strong> \u2013 25 mg<\/p>\n<\/li>\n<li data-start=\"1871\" data-end=\"1891\">\n<p data-start=\"1873\" data-end=\"1891\"><strong data-start=\"1873\" data-end=\"1882\">CoQ10<\/strong> \u2013 5 mg<\/p>\n<\/li>\n<li data-start=\"1892\" data-end=\"1918\">\n<p data-start=\"1894\" data-end=\"1918\"><strong data-start=\"1894\" data-end=\"1909\">Astaxanthine<\/strong> \u2013 2 mg<\/p>\n<\/li>\n<li data-start=\"1919\" data-end=\"1939\">\n<p data-start=\"1921\" data-end=\"1939\"><strong data-start=\"1921\" data-end=\"1929\">PABA<\/strong> \u2013 50 mg<\/p>\n<\/li>\n<li data-start=\"1940\" data-end=\"1964\">\n<p data-start=\"1942\" data-end=\"1964\"><strong data-start=\"1942\" data-end=\"1954\">Inositol<\/strong> \u2013 15 mg<\/p>\n<\/li>\n<\/ul>\n<h3 data-start=\"1966\" data-end=\"2021\"><strong data-start=\"1970\" data-end=\"2021\">M\u00e9lange \u00e9quilibrant \u2013 soutien hormonal (total 970 mg)<\/strong><\/h3>\n<ul data-start=\"2022\" data-end=\"2139\">\n<li data-start=\"2022\" data-end=\"2035\">\n<p data-start=\"2024\" data-end=\"2035\">Dong quai<\/p>\n<\/li>\n<li data-start=\"2036\" data-end=\"2050\">\n<p data-start=\"2038\" data-end=\"2050\">Tr\u00e8fle rouge<\/p>\n<\/li>\n<li data-start=\"2051\" data-end=\"2071\">\n<p data-start=\"2053\" data-end=\"2071\">Onagre<\/p>\n<\/li>\n<li data-start=\"2072\" data-end=\"2087\">\n<p data-start=\"2074\" data-end=\"2087\">Ashwagandha<\/p>\n<\/li>\n<li data-start=\"2088\" data-end=\"2101\">\n<p data-start=\"2090\" data-end=\"2101\">Racine de maca<\/p>\n<\/li>\n<li data-start=\"2102\" data-end=\"2121\">\n<p data-start=\"2104\" data-end=\"2121\">Isoflavones de soja<\/p>\n<\/li>\n<li data-start=\"2122\" data-end=\"2139\">\n<p data-start=\"2124\" data-end=\"2139\">Acide gluconique<\/p>\n<\/li>\n<\/ul>\n<h3 data-start=\"2141\" data-end=\"2168\"><strong data-start=\"2145\" data-end=\"2168\">Vitamines et min\u00e9raux<\/strong><\/h3>\n<ul data-start=\"2169\" data-end=\"2302\">\n<li data-start=\"2169\" data-end=\"2194\">\n<p data-start=\"2171\" data-end=\"2194\">Vitamines A, C, D3, E, K2<\/p>\n<\/li>\n<li data-start=\"2195\" data-end=\"2263\">\n<p data-start=\"2197\" data-end=\"2263\">Complexe B : B1, B2, B3, B5, B6, B7 (Biotine), B9 (Acide folique), B12<\/p>\n<\/li>\n<li data-start=\"2264\" data-end=\"2302\">\n<p data-start=\"2266\" data-end=\"2302\">Zinc, calcium, magn\u00e9sium, s\u00e9l\u00e9nium<\/p>\n<\/li>\n<\/ul>\n<p>&nbsp;<\/p>\n<h2 data-start=\"2309\" data-end=\"2346\"><strong data-start=\"2312\" data-end=\"2346\">Pourquoi choisir le collag\u00e8ne liquide menoplus+ ?<\/strong><\/h2>\n<div class=\"_tableContainer_1rjym_1\">\n<div class=\"group _tableWrapper_1rjym_13 flex w-fit flex-col-reverse\" tabindex=\"-1\">\n<table class=\"w-fit min-w-(--thread-content-width)\" data-start=\"2347\" data-end=\"2769\">\n<thead data-start=\"2347\" data-end=\"2398\">\n<tr data-start=\"2347\" data-end=\"2398\">\n<th data-start=\"2347\" data-end=\"2367\" data-col-size=\"sm\">Autres suppl\u00e9ments<\/th>\n<th data-start=\"2367\" data-end=\"2398\" data-col-size=\"sm\"><strong data-start=\"2369\" data-end=\"2396\">Swedish nutra menoplus+<\/strong><\/th>\n<\/tr>\n<\/thead>\n<tbody data-start=\"2450\" data-end=\"2769\">\n<tr data-start=\"2450\" data-end=\"2509\">\n<td data-start=\"2450\" data-end=\"2472\" data-col-size=\"sm\">G\u00e9lules ou poudres<\/td>\n<td data-col-size=\"sm\" data-start=\"2472\" data-end=\"2509\"><strong data-start=\"2474\" data-end=\"2507\">Forme liquide \u2013 haute absorption<\/strong><\/td>\n<\/tr>\n<tr data-start=\"2510\" data-end=\"2556\">\n<td data-start=\"2510\" data-end=\"2527\" data-col-size=\"sm\">Formules basiques<\/td>\n<td data-col-size=\"sm\" data-start=\"2527\" data-end=\"2556\"><strong data-start=\"2529\" data-end=\"2554\">31 ingr\u00e9dients actifs<\/strong><\/td>\n<\/tr>\n<tr data-start=\"2557\" data-end=\"2604\">\n<td data-start=\"2557\" data-end=\"2571\" data-col-size=\"sm\">Pas de collag\u00e8ne<\/td>\n<td data-col-size=\"sm\" data-start=\"2571\" data-end=\"2604\"><strong data-start=\"2573\" data-end=\"2602\">10 000 mg de collag\u00e8ne marin<\/strong><\/td>\n<\/tr>\n<tr data-start=\"2605\" data-end=\"2670\">\n<td data-start=\"2605\" data-end=\"2626\" data-col-size=\"sm\">Ar\u00f4me artificiel<\/td>\n<td data-col-size=\"sm\" data-start=\"2626\" data-end=\"2670\"><strong data-start=\"2628\" data-end=\"2668\">Ar\u00f4me et couleur 100 % naturels d&rsquo;orange<\/strong><\/td>\n<\/tr>\n<tr data-start=\"2671\" data-end=\"2717\">\n<td data-start=\"2671\" data-end=\"2685\" data-col-size=\"sm\">Sucre ajout\u00e9<\/td>\n<td data-col-size=\"sm\" data-start=\"2685\" data-end=\"2717\"><strong data-start=\"2687\" data-end=\"2715\">Sans sucre et sans gluten<\/strong><\/td>\n<\/tr>\n<tr data-start=\"2718\" data-end=\"2769\">\n<td data-start=\"2718\" data-end=\"2739\" data-col-size=\"sm\">Emballage standard<\/td>\n<td data-col-size=\"sm\" data-start=\"2739\" data-end=\"2769\"><strong data-start=\"2741\" data-end=\"2767\">Bouteille 100 % recyclable<\/strong><\/td>\n<\/tr>\n<\/tbody>\n<\/table>\n<\/div>\n<\/div>\n<hr data-start=\"2771\" data-end=\"2774\" \/>\n<h2 data-start=\"2776\" data-end=\"2801\"><strong data-start=\"2779\" data-end=\"2801\">Mode d&#8217;emploi<\/strong><\/h2>\n<p data-start=\"2802\" data-end=\"2920\">Prenez <strong data-start=\"2807\" data-end=\"2827\">25 ml une fois par jour<\/strong>.<br data-start=\"2828\" data-end=\"2831\" \/>\u00c0 prendre de pr\u00e9f\u00e9rence le matin, au cours d&rsquo;un repas.<br data-start=\"2867\" data-end=\"2870\" \/>Conserver au r\u00e9frig\u00e9rateur apr\u00e8s ouverture et utiliser dans les 2 mois.<\/p>\n<hr data-start=\"2922\" data-end=\"2925\" \/>\n<h2 data-start=\"2927\" data-end=\"2958\"><strong data-start=\"2930\" data-end=\"2958\">Avis concernant les allerg\u00e8nes et la s\u00e9curit\u00e9<\/strong><\/h2>\n<p data-start=\"2959\" data-end=\"3163\">Contient du <strong data-start=\"2968\" data-end=\"2976\">poisson<\/strong> et du <strong data-start=\"2981\" data-end=\"2988\">soja<\/strong>.<br data-start=\"2989\" data-end=\"2992\" \/>Sans sucre, sans lactose, sans gluten, sans OGM.<br data-start=\"3039\" data-end=\"3042\" \/>Ne pas utiliser comme substitut d&rsquo;un r\u00e9gime alimentaire vari\u00e9.<br data-start=\"3087\" data-end=\"3090\" \/>D\u00e9conseill\u00e9 pendant la grossesse ou l&rsquo;allaitement sans avis m\u00e9dical.<\/p>\n<hr data-start=\"3165\" data-end=\"3168\" \/>\n<h2 data-start=\"3170\" data-end=\"3186\"><strong data-start=\"3173\" data-end=\"3186\">Emballage<\/strong><\/h2>\n<p data-start=\"3187\" data-end=\"3294\">\ud83d\udce6 Bouteille de 500 ml = <strong data-start=\"3206\" data-end=\"3223\">20 jours d&rsquo;approvisionnement<\/strong><br data-start=\"3223\" data-end=\"3226\" \/>Go\u00fbt\u00a0: <strong data-start=\"3235\" data-end=\"3253\">Orange naturelle<\/strong><br data-start=\"3253\" data-end=\"3256\" \/>Fabriqu\u00e9 en Su\u00e8de \u2022 Certifi\u00e9 HACCP et BPF<\/p>\n","protected":false},"excerpt":{"rendered":"<p>Soutien pour la m\u00e9nopause \u2022 10 000 mg de collag\u00e8ne marin \u2022 31 actifs<\/p>\n","protected":false},"featured_media":2193,"comment_status":"open","ping_status":"closed","template":"","meta":[],"product_brand":[],"product_cat":[62],"product_tag":[],"class_list":{"0":"post-2191","1":"product","2":"type-product","3":"status-publish","4":"has-post-thumbnail","6":"product_cat-collagene","8":"first","9":"outofstock","10":"shipping-taxable","11":"purchasable","12":"product-type-simple"},"yoast_head":"<!-- This site is optimized with the Yoast SEO plugin v27.4 - https:\/\/yoast.com\/product\/yoast-seo-wordpress\/ -->\n<title>Collag\u00e8ne nordique menoplus 500ml - Nordic Collagen<\/title>\n<meta name=\"robots\" content=\"index, follow, max-snippet:-1, max-image-preview:large, max-video-preview:-1\" \/>\n<link rel=\"canonical\" href=\"https:\/\/nordic-collagen.com\/fr\/produit\/collagene-nordique-menoplus-500ml\/\" \/>\n<meta property=\"og:locale\" content=\"fr_FR\" \/>\n<meta property=\"og:type\" content=\"article\" \/>\n<meta property=\"og:title\" content=\"Collag\u00e8ne nordique menoplus 500ml - Nordic Collagen\" \/>\n<meta property=\"og:description\" content=\"Soutien pour la m\u00e9nopause \u2022 10 000 mg de collag\u00e8ne marin \u2022 31 actifs\" \/>\n<meta property=\"og:url\" content=\"https:\/\/nordic-collagen.com\/fr\/produit\/collagene-nordique-menoplus-500ml\/\" \/>\n<meta property=\"og:site_name\" content=\"Nordic Collagen\" \/>\n<meta property=\"article:modified_time\" content=\"2026-02-01T20:40:33+00:00\" \/>\n<meta property=\"og:image\" content=\"https:\/\/nordic-collagen.com\/wp-content\/uploads\/2025\/10\/Swedish-Nutra-\u2013-Collagen-Menoplus-2_02-1.png\" \/>\n\t<meta property=\"og:image:width\" content=\"1200\" \/>\n\t<meta property=\"og:image:height\" content=\"1200\" \/>\n\t<meta property=\"og:image:type\" content=\"image\/png\" \/>\n<meta name=\"twitter:card\" content=\"summary_large_image\" \/>\n<meta name=\"twitter:label1\" content=\"Dur\u00e9e de lecture estim\u00e9e\" \/>\n\t<meta name=\"twitter:data1\" content=\"3 minutes\" \/>\n<script type=\"application\/ld+json\" class=\"yoast-schema-graph\">{\"@context\":\"https:\\\/\\\/schema.org\",\"@graph\":[{\"@type\":\"WebPage\",\"@id\":\"https:\\\/\\\/nordic-collagen.com\\\/fr\\\/produit\\\/collagene-nordique-menoplus-500ml\\\/\",\"url\":\"https:\\\/\\\/nordic-collagen.com\\\/fr\\\/produit\\\/collagene-nordique-menoplus-500ml\\\/\",\"name\":\"Collag\u00e8ne nordique menoplus 500ml - Nordic Collagen\",\"isPartOf\":{\"@id\":\"https:\\\/\\\/nordic-collagen.com\\\/fr\\\/#website\"},\"primaryImageOfPage\":{\"@id\":\"https:\\\/\\\/nordic-collagen.com\\\/fr\\\/produit\\\/collagene-nordique-menoplus-500ml\\\/#primaryimage\"},\"image\":{\"@id\":\"https:\\\/\\\/nordic-collagen.com\\\/fr\\\/produit\\\/collagene-nordique-menoplus-500ml\\\/#primaryimage\"},\"thumbnailUrl\":\"https:\\\/\\\/nordic-collagen.com\\\/wp-content\\\/uploads\\\/2025\\\/10\\\/Swedish-Nutra-\u2013-Collagen-Menoplus-2_02-1.png\",\"datePublished\":\"2025-10-14T17:03:24+00:00\",\"dateModified\":\"2026-02-01T20:40:33+00:00\",\"breadcrumb\":{\"@id\":\"https:\\\/\\\/nordic-collagen.com\\\/fr\\\/produit\\\/collagene-nordique-menoplus-500ml\\\/#breadcrumb\"},\"inLanguage\":\"fr-FR\",\"potentialAction\":[{\"@type\":\"ReadAction\",\"target\":[\"https:\\\/\\\/nordic-collagen.com\\\/fr\\\/produit\\\/collagene-nordique-menoplus-500ml\\\/\"]}]},{\"@type\":\"ImageObject\",\"inLanguage\":\"fr-FR\",\"@id\":\"https:\\\/\\\/nordic-collagen.com\\\/fr\\\/produit\\\/collagene-nordique-menoplus-500ml\\\/#primaryimage\",\"url\":\"https:\\\/\\\/nordic-collagen.com\\\/wp-content\\\/uploads\\\/2025\\\/10\\\/Swedish-Nutra-\u2013-Collagen-Menoplus-2_02-1.png\",\"contentUrl\":\"https:\\\/\\\/nordic-collagen.com\\\/wp-content\\\/uploads\\\/2025\\\/10\\\/Swedish-Nutra-\u2013-Collagen-Menoplus-2_02-1.png\",\"width\":1200,\"height\":1200},{\"@type\":\"BreadcrumbList\",\"@id\":\"https:\\\/\\\/nordic-collagen.com\\\/fr\\\/produit\\\/collagene-nordique-menoplus-500ml\\\/#breadcrumb\",\"itemListElement\":[{\"@type\":\"ListItem\",\"position\":1,\"name\":\"Accueil\",\"item\":\"https:\\\/\\\/nordic-collagen.com\\\/fr\\\/\"},{\"@type\":\"ListItem\",\"position\":2,\"name\":\"Boutique\",\"item\":\"https:\\\/\\\/nordic-collagen.com\\\/fr\\\/boutique\\\/\"},{\"@type\":\"ListItem\",\"position\":3,\"name\":\"Collag\u00e8ne nordique menoplus 500ml\"}]},{\"@type\":\"WebSite\",\"@id\":\"https:\\\/\\\/nordic-collagen.com\\\/fr\\\/#website\",\"url\":\"https:\\\/\\\/nordic-collagen.com\\\/fr\\\/\",\"name\":\"Nordic Collagen\",\"description\":\"\",\"publisher\":{\"@id\":\"https:\\\/\\\/nordic-collagen.com\\\/fr\\\/#organization\"},\"potentialAction\":[{\"@type\":\"SearchAction\",\"target\":{\"@type\":\"EntryPoint\",\"urlTemplate\":\"https:\\\/\\\/nordic-collagen.com\\\/fr\\\/?s={search_term_string}\"},\"query-input\":{\"@type\":\"PropertyValueSpecification\",\"valueRequired\":true,\"valueName\":\"search_term_string\"}}],\"inLanguage\":\"fr-FR\"},{\"@type\":\"Organization\",\"@id\":\"https:\\\/\\\/nordic-collagen.com\\\/fr\\\/#organization\",\"name\":\"Nordic Collagen\",\"url\":\"https:\\\/\\\/nordic-collagen.com\\\/fr\\\/\",\"logo\":{\"@type\":\"ImageObject\",\"inLanguage\":\"fr-FR\",\"@id\":\"https:\\\/\\\/nordic-collagen.com\\\/fr\\\/#\\\/schema\\\/logo\\\/image\\\/\",\"url\":\"https:\\\/\\\/nordic-collagen.com\\\/wp-content\\\/uploads\\\/2025\\\/10\\\/cropped-Nordic-Collagen-logo-01.png\",\"contentUrl\":\"https:\\\/\\\/nordic-collagen.com\\\/wp-content\\\/uploads\\\/2025\\\/10\\\/cropped-Nordic-Collagen-logo-01.png\",\"width\":309,\"height\":118,\"caption\":\"Nordic Collagen\"},\"image\":{\"@id\":\"https:\\\/\\\/nordic-collagen.com\\\/fr\\\/#\\\/schema\\\/logo\\\/image\\\/\"}}]}<\/script>\n<!-- \/ Yoast SEO plugin. -->","yoast_head_json":{"title":"Collag\u00e8ne nordique menoplus 500ml - Nordic Collagen","robots":{"index":"index","follow":"follow","max-snippet":"max-snippet:-1","max-image-preview":"max-image-preview:large","max-video-preview":"max-video-preview:-1"},"canonical":"https:\/\/nordic-collagen.com\/fr\/produit\/collagene-nordique-menoplus-500ml\/","og_locale":"fr_FR","og_type":"article","og_title":"Collag\u00e8ne nordique menoplus 500ml - Nordic Collagen","og_description":"Soutien pour la m\u00e9nopause \u2022 10 000 mg de collag\u00e8ne marin \u2022 31 actifs","og_url":"https:\/\/nordic-collagen.com\/fr\/produit\/collagene-nordique-menoplus-500ml\/","og_site_name":"Nordic Collagen","article_modified_time":"2026-02-01T20:40:33+00:00","og_image":[{"width":1200,"height":1200,"url":"https:\/\/nordic-collagen.com\/wp-content\/uploads\/2025\/10\/Swedish-Nutra-\u2013-Collagen-Menoplus-2_02-1.png","type":"image\/png"}],"twitter_card":"summary_large_image","twitter_misc":{"Dur\u00e9e de lecture estim\u00e9e":"3 minutes"},"schema":{"@context":"https:\/\/schema.org","@graph":[{"@type":"WebPage","@id":"https:\/\/nordic-collagen.com\/fr\/produit\/collagene-nordique-menoplus-500ml\/","url":"https:\/\/nordic-collagen.com\/fr\/produit\/collagene-nordique-menoplus-500ml\/","name":"Collag\u00e8ne nordique menoplus 500ml - Nordic Collagen","isPartOf":{"@id":"https:\/\/nordic-collagen.com\/fr\/#website"},"primaryImageOfPage":{"@id":"https:\/\/nordic-collagen.com\/fr\/produit\/collagene-nordique-menoplus-500ml\/#primaryimage"},"image":{"@id":"https:\/\/nordic-collagen.com\/fr\/produit\/collagene-nordique-menoplus-500ml\/#primaryimage"},"thumbnailUrl":"https:\/\/nordic-collagen.com\/wp-content\/uploads\/2025\/10\/Swedish-Nutra-\u2013-Collagen-Menoplus-2_02-1.png","datePublished":"2025-10-14T17:03:24+00:00","dateModified":"2026-02-01T20:40:33+00:00","breadcrumb":{"@id":"https:\/\/nordic-collagen.com\/fr\/produit\/collagene-nordique-menoplus-500ml\/#breadcrumb"},"inLanguage":"fr-FR","potentialAction":[{"@type":"ReadAction","target":["https:\/\/nordic-collagen.com\/fr\/produit\/collagene-nordique-menoplus-500ml\/"]}]},{"@type":"ImageObject","inLanguage":"fr-FR","@id":"https:\/\/nordic-collagen.com\/fr\/produit\/collagene-nordique-menoplus-500ml\/#primaryimage","url":"https:\/\/nordic-collagen.com\/wp-content\/uploads\/2025\/10\/Swedish-Nutra-\u2013-Collagen-Menoplus-2_02-1.png","contentUrl":"https:\/\/nordic-collagen.com\/wp-content\/uploads\/2025\/10\/Swedish-Nutra-\u2013-Collagen-Menoplus-2_02-1.png","width":1200,"height":1200},{"@type":"BreadcrumbList","@id":"https:\/\/nordic-collagen.com\/fr\/produit\/collagene-nordique-menoplus-500ml\/#breadcrumb","itemListElement":[{"@type":"ListItem","position":1,"name":"Accueil","item":"https:\/\/nordic-collagen.com\/fr\/"},{"@type":"ListItem","position":2,"name":"Boutique","item":"https:\/\/nordic-collagen.com\/fr\/boutique\/"},{"@type":"ListItem","position":3,"name":"Collag\u00e8ne nordique menoplus 500ml"}]},{"@type":"WebSite","@id":"https:\/\/nordic-collagen.com\/fr\/#website","url":"https:\/\/nordic-collagen.com\/fr\/","name":"Nordic Collagen","description":"","publisher":{"@id":"https:\/\/nordic-collagen.com\/fr\/#organization"},"potentialAction":[{"@type":"SearchAction","target":{"@type":"EntryPoint","urlTemplate":"https:\/\/nordic-collagen.com\/fr\/?s={search_term_string}"},"query-input":{"@type":"PropertyValueSpecification","valueRequired":true,"valueName":"search_term_string"}}],"inLanguage":"fr-FR"},{"@type":"Organization","@id":"https:\/\/nordic-collagen.com\/fr\/#organization","name":"Nordic Collagen","url":"https:\/\/nordic-collagen.com\/fr\/","logo":{"@type":"ImageObject","inLanguage":"fr-FR","@id":"https:\/\/nordic-collagen.com\/fr\/#\/schema\/logo\/image\/","url":"https:\/\/nordic-collagen.com\/wp-content\/uploads\/2025\/10\/cropped-Nordic-Collagen-logo-01.png","contentUrl":"https:\/\/nordic-collagen.com\/wp-content\/uploads\/2025\/10\/cropped-Nordic-Collagen-logo-01.png","width":309,"height":118,"caption":"Nordic Collagen"},"image":{"@id":"https:\/\/nordic-collagen.com\/fr\/#\/schema\/logo\/image\/"}}]}},"_links":{"self":[{"href":"https:\/\/nordic-collagen.com\/fr\/wp-json\/wp\/v2\/product\/2191","targetHints":{"allow":["GET"]}}],"collection":[{"href":"https:\/\/nordic-collagen.com\/fr\/wp-json\/wp\/v2\/product"}],"about":[{"href":"https:\/\/nordic-collagen.com\/fr\/wp-json\/wp\/v2\/types\/product"}],"replies":[{"embeddable":true,"href":"https:\/\/nordic-collagen.com\/fr\/wp-json\/wp\/v2\/comments?post=2191"}],"version-history":[{"count":4,"href":"https:\/\/nordic-collagen.com\/fr\/wp-json\/wp\/v2\/product\/2191\/revisions"}],"predecessor-version":[{"id":4680,"href":"https:\/\/nordic-collagen.com\/fr\/wp-json\/wp\/v2\/product\/2191\/revisions\/4680"}],"wp:featuredmedia":[{"embeddable":true,"href":"https:\/\/nordic-collagen.com\/fr\/wp-json\/wp\/v2\/media\/2193"}],"wp:attachment":[{"href":"https:\/\/nordic-collagen.com\/fr\/wp-json\/wp\/v2\/media?parent=2191"}],"wp:term":[{"taxonomy":"product_brand","embeddable":true,"href":"https:\/\/nordic-collagen.com\/fr\/wp-json\/wp\/v2\/product_brand?post=2191"},{"taxonomy":"product_cat","embeddable":true,"href":"https:\/\/nordic-collagen.com\/fr\/wp-json\/wp\/v2\/product_cat?post=2191"},{"taxonomy":"product_tag","embeddable":true,"href":"https:\/\/nordic-collagen.com\/fr\/wp-json\/wp\/v2\/product_tag?post=2191"}],"curies":[{"name":"wp","href":"https:\/\/api.w.org\/{rel}","templated":true}]}}