{"id":2178,"date":"2025-10-14T19:05:59","date_gmt":"2025-10-14T19:05:59","guid":{"rendered":"https:\/\/nordic-collagen.com\/product\/collagene-de-reve-500-ml\/"},"modified":"2026-03-06T21:58:28","modified_gmt":"2026-03-06T21:58:28","slug":"collagene-de-reve-500-ml","status":"publish","type":"product","link":"https:\/\/nordic-collagen.com\/fr\/produit\/collagene-de-reve-500-ml\/","title":{"rendered":"Collag\u00e8ne de r\u00eave 500 ml"},"content":{"rendered":"<h1 data-start=\"217\" data-end=\"291\"><strong data-start=\"219\" data-end=\"291\">Collag\u00e8ne de r\u00eave \u2013 formule sommeil et peau avec 10\u202f000 mg de collag\u00e8ne marin<\/strong><\/h1>\n<h2 data-start=\"293\" data-end=\"311\"><strong data-start=\"296\" data-end=\"311\">Description<\/strong><\/h2>\n<p data-start=\"312\" data-end=\"793\"><strong data-start=\"312\" data-end=\"344\">Swedish Nutra Collagen Dream<\/strong> est une formule de collag\u00e8ne liquide de nuit de qualit\u00e9 sup\u00e9rieure con\u00e7ue pour favoriser un <strong data-start=\"413\" data-end=\"439\">sommeil r\u00e9parateur profond<\/strong>, la <strong data-start=\"441\" data-end=\"455\">relaxation<\/strong> et une <strong data-start=\"461\" data-end=\"487\">peau saine et jeune<\/strong>.<br data-start=\"488\" data-end=\"491\" \/>Avec <strong data-start=\"496\" data-end=\"536\">10\u202f000 mg de collag\u00e8ne marin hydrolys\u00e9<\/strong>, des acides amin\u00e9s essentiels favorisant le sommeil <strong data-start=\"571\" data-end=\"600\">L-Tryptophane et L-Th\u00e9anine<\/strong>, et un m\u00e9lange botanique apaisant comprenant de la <strong data-start=\"642\" data-end=\"705\">racine de val\u00e9riane, de la lavande, de la passiflore, de l\u2019ashwagandha et du houblon<\/strong>, cette formule aide votre corps \u00e0 r\u00e9cup\u00e9rer pendant la nuit tout en nourrissant la peau, les cheveux et les articulations.<\/p>\n<p data-start=\"795\" data-end=\"999\">Enrichi en <strong data-start=\"810\" data-end=\"843\">magn\u00e9sium, zinc et vitamine C<\/strong>, Collag\u00e8ne de r\u00eave aide \u00e0 r\u00e9duire la fatigue et l\u2019\u00e9puisement, soutient le syst\u00e8me nerveux, favorise la relaxation musculaire et contribue \u00e0 la formation naturelle de collag\u00e8ne.<\/p>\n<p data-start=\"1001\" data-end=\"1127\">La <strong data-start=\"1001\" data-end=\"1063\">forme liquide assure une absorption sup\u00e9rieure et des r\u00e9sultats plus rapides<\/strong>, avec une d\u00e9licieuse <strong data-start=\"1082\" data-end=\"1107\">saveur naturelle de baies<\/strong> et sans sucre ajout\u00e9.<\/p>\n<hr data-start=\"1129\" data-end=\"1132\" \/>\n<h2 data-start=\"1134\" data-end=\"1153\"><strong data-start=\"1137\" data-end=\"1153\">Principaux avantages<\/strong><\/h2>\n<p data-start=\"1154\" data-end=\"1560\">\u2728 <strong data-start=\"1156\" data-end=\"1205\">Favorise un sommeil r\u00e9parateur profond et la relaxation<\/strong><br data-start=\"1205\" data-end=\"1208\" \/>\u2728 <strong data-start=\"1210\" data-end=\"1260\">Am\u00e9liore l\u2019\u00e9lasticit\u00e9, l\u2019hydratation et la fermet\u00e9 de la peau<\/strong><br data-start=\"1260\" data-end=\"1263\" \/>\u2728 <strong data-start=\"1265\" data-end=\"1325\">Aide \u00e0 r\u00e9duire le stress, l\u2019anxi\u00e9t\u00e9 et l\u2019agitation nocturne<\/strong><br data-start=\"1325\" data-end=\"1328\" \/>\u2728 <strong data-start=\"1330\" data-end=\"1361\">R\u00e9duit la fatigue et l\u2019\u00e9puisement<\/strong><br data-start=\"1361\" data-end=\"1364\" \/>\u2728 <strong data-start=\"1366\" data-end=\"1407\">Favorise la relaxation et la r\u00e9cup\u00e9ration musculaire<\/strong><br data-start=\"1407\" data-end=\"1410\" \/>\u2728 <strong data-start=\"1412\" data-end=\"1453\">Favorise la sant\u00e9 des cheveux, des ongles et des articulations<\/strong><br data-start=\"1453\" data-end=\"1456\" \/>\u2728 <strong data-start=\"1458\" data-end=\"1514\">Formule liquide \u00e0 haute absorption \u2013 douce pour la digestion<\/strong><br data-start=\"1514\" data-end=\"1517\" \/>\u2728 <strong data-start=\"1519\" data-end=\"1560\">Sans sucre, sans lactose, sans gluten<\/strong><\/p>\n<hr data-start=\"1562\" data-end=\"1565\" \/>\n<h2 data-start=\"1567\" data-end=\"1588\"><strong data-start=\"1570\" data-end=\"1588\">\u00c0 qui s\u2019adresse-t-il\u00a0?<\/strong><\/h2>\n<p data-start=\"1589\" data-end=\"1621\">Parfait pour les adultes qui souffrent de:<\/p>\n<ul data-start=\"1622\" data-end=\"1841\">\n<li data-start=\"1622\" data-end=\"1664\">\n<p data-start=\"1624\" data-end=\"1664\">Difficult\u00e9 \u00e0 s\u2019endormir ou \u00e0 rester endormi<\/p>\n<\/li>\n<li data-start=\"1665\" data-end=\"1709\">\n<p data-start=\"1667\" data-end=\"1709\">Anxi\u00e9t\u00e9 nocturne, stress ou rumination<\/p>\n<\/li>\n<li data-start=\"1710\" data-end=\"1752\">\n<p data-start=\"1712\" data-end=\"1752\">S\u00e9cheresse, teint terne ou vieillissement visible de la peau<\/p>\n<\/li>\n<li data-start=\"1753\" data-end=\"1798\">\n<p data-start=\"1755\" data-end=\"1798\">Fatigue musculaire, crampes nocturnes ou tension<\/p>\n<\/li>\n<li data-start=\"1799\" data-end=\"1841\">\n<p data-start=\"1801\" data-end=\"1841\">Mode de vie charg\u00e9, horaire de sommeil irr\u00e9gulier<\/p>\n<\/li>\n<\/ul>\n<hr data-start=\"1843\" data-end=\"1846\" \/>\n<h2 data-start=\"1848\" data-end=\"1896\"><strong data-start=\"1851\" data-end=\"1896\">Ingr\u00e9dients actifs (par dose quotidienne de 25 ml)<\/strong><\/h2>\n<ul data-start=\"1897\" data-end=\"2316\">\n<li data-start=\"1897\" data-end=\"1958\">\n<p data-start=\"1899\" data-end=\"1958\"><strong data-start=\"1899\" data-end=\"1944\">Collag\u00e8ne marin hydrolys\u00e9 (Type I et III)<\/strong> \u2013 10\u202f000 mg<\/p>\n<\/li>\n<li data-start=\"1959\" data-end=\"1988\">\n<p data-start=\"1961\" data-end=\"1988\"><strong data-start=\"1961\" data-end=\"1977\">L-Tryptophane<\/strong> \u2013 500 mg<\/p>\n<\/li>\n<li data-start=\"1989\" data-end=\"2016\">\n<p data-start=\"1991\" data-end=\"2016\"><strong data-start=\"1991\" data-end=\"2005\">L-Th\u00e9anine<\/strong> \u2013 200 mg<\/p>\n<\/li>\n<li data-start=\"2017\" data-end=\"2053\">\n<p data-start=\"2019\" data-end=\"2053\"><strong data-start=\"2019\" data-end=\"2032\">Magn\u00e9sium<\/strong> \u2013 150 mg (40 % des VNR)<\/p>\n<\/li>\n<li data-start=\"2054\" data-end=\"2085\">\n<p data-start=\"2056\" data-end=\"2085\"><strong data-start=\"2056\" data-end=\"2064\">Zinc<\/strong> \u2013 10 mg (100 % des VNR)<\/p>\n<\/li>\n<li data-start=\"2086\" data-end=\"2122\">\n<p data-start=\"2088\" data-end=\"2122\"><strong data-start=\"2088\" data-end=\"2101\">Vitamine C<\/strong> \u2013 80 mg (100 % des VNR)<\/p>\n<\/li>\n<li data-start=\"2123\" data-end=\"2150\">\n<p data-start=\"2125\" data-end=\"2150\"><strong data-start=\"2125\" data-end=\"2140\">Ashwagandha<\/strong> \u2013 50 mg<\/p>\n<\/li>\n<li data-start=\"2151\" data-end=\"2181\">\n<p data-start=\"2153\" data-end=\"2181\"><strong data-start=\"2153\" data-end=\"2170\">Racine de val\u00e9riane<\/strong> \u2013 100 mg<\/p>\n<\/li>\n<li data-start=\"2182\" data-end=\"2206\">\n<p data-start=\"2184\" data-end=\"2206\"><strong data-start=\"2184\" data-end=\"2196\">Lavande<\/strong> \u2013 50 mg<\/p>\n<\/li>\n<li data-start=\"2207\" data-end=\"2245\">\n<p data-start=\"2209\" data-end=\"2245\"><strong data-start=\"2209\" data-end=\"2235\">Houblon (Humulus Lupulus)<\/strong> \u2013 50 mg<\/p>\n<\/li>\n<li data-start=\"2246\" data-end=\"2284\">\n<p data-start=\"2248\" data-end=\"2284\"><strong data-start=\"2248\" data-end=\"2274\">Extrait de passiflore<\/strong> \u2013 25 mg<\/p>\n<\/li>\n<li data-start=\"2285\" data-end=\"2316\">\n<p data-start=\"2287\" data-end=\"2316\"><strong data-start=\"2287\" data-end=\"2306\">Acide hyaluronique<\/strong> \u2013 50 mg<\/p>\n<\/li>\n<\/ul>\n<p data-start=\"2318\" data-end=\"2389\"><strong data-start=\"2318\" data-end=\"2389\">Saveur naturelle de baies \u2022 Colorant 100 % naturel \u2022 \u00c9dulcor\u00e9 avec de la st\u00e9via<\/strong><\/p>\n<hr data-start=\"2391\" data-end=\"2394\" \/>\n<h2 data-start=\"2396\" data-end=\"2413\"><strong data-start=\"2399\" data-end=\"2413\">Mode d&#8217;emploi<\/strong><\/h2>\n<p data-start=\"2414\" data-end=\"2561\">Prenez <strong data-start=\"2419\" data-end=\"2439\">25 ml une fois par jour<\/strong>, le soir 30 \u00e0 60 minutes avant de vous coucher.<br data-start=\"2483\" data-end=\"2486\" \/>Bien agiter avant utilisation.<br data-start=\"2508\" data-end=\"2511\" \/>R\u00e9frig\u00e9rer apr\u00e8s ouverture et utiliser dans les 2 mois.<\/p>\n<hr data-start=\"2563\" data-end=\"2566\" \/>\n<h2 data-start=\"2568\" data-end=\"2604\"><strong data-start=\"2571\" data-end=\"2604\">Informations sur les allerg\u00e8nes et la s\u00e9curit\u00e9<\/strong><\/h2>\n<p data-start=\"2605\" data-end=\"2823\">Contient du <strong data-start=\"2614\" data-end=\"2622\">poisson<\/strong>.<br data-start=\"2623\" data-end=\"2626\" \/>Sans sucre, sans gluten, sans soja, sans lactose, sans OGM.<br data-start=\"2683\" data-end=\"2686\" \/>Les compl\u00e9ments alimentaires ne doivent pas remplacer un r\u00e9gime alimentaire \u00e9quilibr\u00e9.<br data-start=\"2738\" data-end=\"2741\" \/>Si vous \u00eates enceinte, si vous allaitez ou si vous prenez des m\u00e9dicaments, consultez votre professionnel de la sant\u00e9.<\/p>\n<hr data-start=\"2825\" data-end=\"2828\" \/>\n<h2 data-start=\"2830\" data-end=\"2846\"><strong data-start=\"2833\" data-end=\"2846\">Emballage<\/strong><\/h2>\n<p data-start=\"2847\" data-end=\"2954\">\ud83d\udce6 Bouteille de 500 ml = <strong data-start=\"2866\" data-end=\"2883\">approvisionnement de 20 jours<\/strong><br data-start=\"2883\" data-end=\"2886\" \/>\ud83c\uddf8\ud83c\uddea Fabriqu\u00e9 en Su\u00e8de | Certifi\u00e9 HACCP et BPF | Bouteille 100 % recyclable<\/p>\n","protected":false},"excerpt":{"rendered":"<p data-start=\"3024\" data-end=\"3105\"><strong data-start=\"3024\" data-end=\"3105\">Sommeil profond et renouvellement de la peau \u2022 10\u202f000 mg de collag\u00e8ne marin \u2022 Saveur naturelle de baies<\/strong><\/p>\n","protected":false},"featured_media":2180,"comment_status":"open","ping_status":"closed","template":"","meta":[],"product_brand":[],"product_cat":[62],"product_tag":[],"class_list":{"0":"post-2178","1":"product","2":"type-product","3":"status-publish","4":"has-post-thumbnail","6":"product_cat-collagene","8":"first","9":"instock","10":"sale","11":"shipping-taxable","12":"purchasable","13":"product-type-simple"},"yoast_head":"<!-- This site is optimized with the Yoast SEO plugin v27.4 - https:\/\/yoast.com\/product\/yoast-seo-wordpress\/ -->\n<title>Collag\u00e8ne de r\u00eave 500 ml - Nordic Collagen<\/title>\n<meta name=\"robots\" content=\"index, follow, max-snippet:-1, max-image-preview:large, max-video-preview:-1\" \/>\n<link rel=\"canonical\" href=\"https:\/\/nordic-collagen.com\/fr\/produit\/collagene-de-reve-500-ml\/\" \/>\n<meta property=\"og:locale\" content=\"fr_FR\" \/>\n<meta property=\"og:type\" content=\"article\" \/>\n<meta property=\"og:title\" content=\"Collag\u00e8ne de r\u00eave 500 ml - Nordic Collagen\" \/>\n<meta property=\"og:description\" content=\"Sommeil profond et renouvellement de la peau \u2022 10\u202f000 mg de collag\u00e8ne marin \u2022 Saveur naturelle de baies\" \/>\n<meta property=\"og:url\" content=\"https:\/\/nordic-collagen.com\/fr\/produit\/collagene-de-reve-500-ml\/\" \/>\n<meta property=\"og:site_name\" content=\"Nordic Collagen\" \/>\n<meta property=\"article:modified_time\" content=\"2026-03-06T21:58:28+00:00\" \/>\n<meta property=\"og:image\" content=\"https:\/\/nordic-collagen.com\/wp-content\/uploads\/2025\/10\/SwedishNutra-CollagenDream1-ezgif.com-optipng-1.png\" \/>\n\t<meta property=\"og:image:width\" content=\"1200\" \/>\n\t<meta property=\"og:image:height\" content=\"1200\" \/>\n\t<meta property=\"og:image:type\" content=\"image\/png\" \/>\n<meta name=\"twitter:card\" content=\"summary_large_image\" \/>\n<meta name=\"twitter:label1\" content=\"Dur\u00e9e de lecture estim\u00e9e\" \/>\n\t<meta name=\"twitter:data1\" content=\"3 minutes\" \/>\n<script type=\"application\/ld+json\" class=\"yoast-schema-graph\">{\"@context\":\"https:\\\/\\\/schema.org\",\"@graph\":[{\"@type\":\"WebPage\",\"@id\":\"https:\\\/\\\/nordic-collagen.com\\\/fr\\\/produit\\\/collagene-de-reve-500-ml\\\/\",\"url\":\"https:\\\/\\\/nordic-collagen.com\\\/fr\\\/produit\\\/collagene-de-reve-500-ml\\\/\",\"name\":\"Collag\u00e8ne de r\u00eave 500 ml - Nordic Collagen\",\"isPartOf\":{\"@id\":\"https:\\\/\\\/nordic-collagen.com\\\/fr\\\/#website\"},\"primaryImageOfPage\":{\"@id\":\"https:\\\/\\\/nordic-collagen.com\\\/fr\\\/produit\\\/collagene-de-reve-500-ml\\\/#primaryimage\"},\"image\":{\"@id\":\"https:\\\/\\\/nordic-collagen.com\\\/fr\\\/produit\\\/collagene-de-reve-500-ml\\\/#primaryimage\"},\"thumbnailUrl\":\"https:\\\/\\\/nordic-collagen.com\\\/wp-content\\\/uploads\\\/2025\\\/10\\\/SwedishNutra-CollagenDream1-ezgif.com-optipng-1.png\",\"datePublished\":\"2025-10-14T19:05:59+00:00\",\"dateModified\":\"2026-03-06T21:58:28+00:00\",\"breadcrumb\":{\"@id\":\"https:\\\/\\\/nordic-collagen.com\\\/fr\\\/produit\\\/collagene-de-reve-500-ml\\\/#breadcrumb\"},\"inLanguage\":\"fr-FR\",\"potentialAction\":[{\"@type\":\"ReadAction\",\"target\":[\"https:\\\/\\\/nordic-collagen.com\\\/fr\\\/produit\\\/collagene-de-reve-500-ml\\\/\"]}]},{\"@type\":\"ImageObject\",\"inLanguage\":\"fr-FR\",\"@id\":\"https:\\\/\\\/nordic-collagen.com\\\/fr\\\/produit\\\/collagene-de-reve-500-ml\\\/#primaryimage\",\"url\":\"https:\\\/\\\/nordic-collagen.com\\\/wp-content\\\/uploads\\\/2025\\\/10\\\/SwedishNutra-CollagenDream1-ezgif.com-optipng-1.png\",\"contentUrl\":\"https:\\\/\\\/nordic-collagen.com\\\/wp-content\\\/uploads\\\/2025\\\/10\\\/SwedishNutra-CollagenDream1-ezgif.com-optipng-1.png\",\"width\":1200,\"height\":1200},{\"@type\":\"BreadcrumbList\",\"@id\":\"https:\\\/\\\/nordic-collagen.com\\\/fr\\\/produit\\\/collagene-de-reve-500-ml\\\/#breadcrumb\",\"itemListElement\":[{\"@type\":\"ListItem\",\"position\":1,\"name\":\"Accueil\",\"item\":\"https:\\\/\\\/nordic-collagen.com\\\/fr\\\/\"},{\"@type\":\"ListItem\",\"position\":2,\"name\":\"Boutique\",\"item\":\"https:\\\/\\\/nordic-collagen.com\\\/fr\\\/boutique\\\/\"},{\"@type\":\"ListItem\",\"position\":3,\"name\":\"Collag\u00e8ne de r\u00eave 500 ml\"}]},{\"@type\":\"WebSite\",\"@id\":\"https:\\\/\\\/nordic-collagen.com\\\/fr\\\/#website\",\"url\":\"https:\\\/\\\/nordic-collagen.com\\\/fr\\\/\",\"name\":\"Nordic Collagen\",\"description\":\"\",\"publisher\":{\"@id\":\"https:\\\/\\\/nordic-collagen.com\\\/fr\\\/#organization\"},\"potentialAction\":[{\"@type\":\"SearchAction\",\"target\":{\"@type\":\"EntryPoint\",\"urlTemplate\":\"https:\\\/\\\/nordic-collagen.com\\\/fr\\\/?s={search_term_string}\"},\"query-input\":{\"@type\":\"PropertyValueSpecification\",\"valueRequired\":true,\"valueName\":\"search_term_string\"}}],\"inLanguage\":\"fr-FR\"},{\"@type\":\"Organization\",\"@id\":\"https:\\\/\\\/nordic-collagen.com\\\/fr\\\/#organization\",\"name\":\"Nordic Collagen\",\"url\":\"https:\\\/\\\/nordic-collagen.com\\\/fr\\\/\",\"logo\":{\"@type\":\"ImageObject\",\"inLanguage\":\"fr-FR\",\"@id\":\"https:\\\/\\\/nordic-collagen.com\\\/fr\\\/#\\\/schema\\\/logo\\\/image\\\/\",\"url\":\"https:\\\/\\\/nordic-collagen.com\\\/wp-content\\\/uploads\\\/2025\\\/10\\\/cropped-Nordic-Collagen-logo-01.png\",\"contentUrl\":\"https:\\\/\\\/nordic-collagen.com\\\/wp-content\\\/uploads\\\/2025\\\/10\\\/cropped-Nordic-Collagen-logo-01.png\",\"width\":309,\"height\":118,\"caption\":\"Nordic Collagen\"},\"image\":{\"@id\":\"https:\\\/\\\/nordic-collagen.com\\\/fr\\\/#\\\/schema\\\/logo\\\/image\\\/\"}}]}<\/script>\n<!-- \/ Yoast SEO plugin. -->","yoast_head_json":{"title":"Collag\u00e8ne de r\u00eave 500 ml - Nordic Collagen","robots":{"index":"index","follow":"follow","max-snippet":"max-snippet:-1","max-image-preview":"max-image-preview:large","max-video-preview":"max-video-preview:-1"},"canonical":"https:\/\/nordic-collagen.com\/fr\/produit\/collagene-de-reve-500-ml\/","og_locale":"fr_FR","og_type":"article","og_title":"Collag\u00e8ne de r\u00eave 500 ml - Nordic Collagen","og_description":"Sommeil profond et renouvellement de la peau \u2022 10\u202f000 mg de collag\u00e8ne marin \u2022 Saveur naturelle de baies","og_url":"https:\/\/nordic-collagen.com\/fr\/produit\/collagene-de-reve-500-ml\/","og_site_name":"Nordic Collagen","article_modified_time":"2026-03-06T21:58:28+00:00","og_image":[{"width":1200,"height":1200,"url":"https:\/\/nordic-collagen.com\/wp-content\/uploads\/2025\/10\/SwedishNutra-CollagenDream1-ezgif.com-optipng-1.png","type":"image\/png"}],"twitter_card":"summary_large_image","twitter_misc":{"Dur\u00e9e de lecture estim\u00e9e":"3 minutes"},"schema":{"@context":"https:\/\/schema.org","@graph":[{"@type":"WebPage","@id":"https:\/\/nordic-collagen.com\/fr\/produit\/collagene-de-reve-500-ml\/","url":"https:\/\/nordic-collagen.com\/fr\/produit\/collagene-de-reve-500-ml\/","name":"Collag\u00e8ne de r\u00eave 500 ml - Nordic Collagen","isPartOf":{"@id":"https:\/\/nordic-collagen.com\/fr\/#website"},"primaryImageOfPage":{"@id":"https:\/\/nordic-collagen.com\/fr\/produit\/collagene-de-reve-500-ml\/#primaryimage"},"image":{"@id":"https:\/\/nordic-collagen.com\/fr\/produit\/collagene-de-reve-500-ml\/#primaryimage"},"thumbnailUrl":"https:\/\/nordic-collagen.com\/wp-content\/uploads\/2025\/10\/SwedishNutra-CollagenDream1-ezgif.com-optipng-1.png","datePublished":"2025-10-14T19:05:59+00:00","dateModified":"2026-03-06T21:58:28+00:00","breadcrumb":{"@id":"https:\/\/nordic-collagen.com\/fr\/produit\/collagene-de-reve-500-ml\/#breadcrumb"},"inLanguage":"fr-FR","potentialAction":[{"@type":"ReadAction","target":["https:\/\/nordic-collagen.com\/fr\/produit\/collagene-de-reve-500-ml\/"]}]},{"@type":"ImageObject","inLanguage":"fr-FR","@id":"https:\/\/nordic-collagen.com\/fr\/produit\/collagene-de-reve-500-ml\/#primaryimage","url":"https:\/\/nordic-collagen.com\/wp-content\/uploads\/2025\/10\/SwedishNutra-CollagenDream1-ezgif.com-optipng-1.png","contentUrl":"https:\/\/nordic-collagen.com\/wp-content\/uploads\/2025\/10\/SwedishNutra-CollagenDream1-ezgif.com-optipng-1.png","width":1200,"height":1200},{"@type":"BreadcrumbList","@id":"https:\/\/nordic-collagen.com\/fr\/produit\/collagene-de-reve-500-ml\/#breadcrumb","itemListElement":[{"@type":"ListItem","position":1,"name":"Accueil","item":"https:\/\/nordic-collagen.com\/fr\/"},{"@type":"ListItem","position":2,"name":"Boutique","item":"https:\/\/nordic-collagen.com\/fr\/boutique\/"},{"@type":"ListItem","position":3,"name":"Collag\u00e8ne de r\u00eave 500 ml"}]},{"@type":"WebSite","@id":"https:\/\/nordic-collagen.com\/fr\/#website","url":"https:\/\/nordic-collagen.com\/fr\/","name":"Nordic Collagen","description":"","publisher":{"@id":"https:\/\/nordic-collagen.com\/fr\/#organization"},"potentialAction":[{"@type":"SearchAction","target":{"@type":"EntryPoint","urlTemplate":"https:\/\/nordic-collagen.com\/fr\/?s={search_term_string}"},"query-input":{"@type":"PropertyValueSpecification","valueRequired":true,"valueName":"search_term_string"}}],"inLanguage":"fr-FR"},{"@type":"Organization","@id":"https:\/\/nordic-collagen.com\/fr\/#organization","name":"Nordic Collagen","url":"https:\/\/nordic-collagen.com\/fr\/","logo":{"@type":"ImageObject","inLanguage":"fr-FR","@id":"https:\/\/nordic-collagen.com\/fr\/#\/schema\/logo\/image\/","url":"https:\/\/nordic-collagen.com\/wp-content\/uploads\/2025\/10\/cropped-Nordic-Collagen-logo-01.png","contentUrl":"https:\/\/nordic-collagen.com\/wp-content\/uploads\/2025\/10\/cropped-Nordic-Collagen-logo-01.png","width":309,"height":118,"caption":"Nordic Collagen"},"image":{"@id":"https:\/\/nordic-collagen.com\/fr\/#\/schema\/logo\/image\/"}}]}},"_links":{"self":[{"href":"https:\/\/nordic-collagen.com\/fr\/wp-json\/wp\/v2\/product\/2178","targetHints":{"allow":["GET"]}}],"collection":[{"href":"https:\/\/nordic-collagen.com\/fr\/wp-json\/wp\/v2\/product"}],"about":[{"href":"https:\/\/nordic-collagen.com\/fr\/wp-json\/wp\/v2\/types\/product"}],"replies":[{"embeddable":true,"href":"https:\/\/nordic-collagen.com\/fr\/wp-json\/wp\/v2\/comments?post=2178"}],"version-history":[{"count":2,"href":"https:\/\/nordic-collagen.com\/fr\/wp-json\/wp\/v2\/product\/2178\/revisions"}],"predecessor-version":[{"id":3363,"href":"https:\/\/nordic-collagen.com\/fr\/wp-json\/wp\/v2\/product\/2178\/revisions\/3363"}],"wp:featuredmedia":[{"embeddable":true,"href":"https:\/\/nordic-collagen.com\/fr\/wp-json\/wp\/v2\/media\/2180"}],"wp:attachment":[{"href":"https:\/\/nordic-collagen.com\/fr\/wp-json\/wp\/v2\/media?parent=2178"}],"wp:term":[{"taxonomy":"product_brand","embeddable":true,"href":"https:\/\/nordic-collagen.com\/fr\/wp-json\/wp\/v2\/product_brand?post=2178"},{"taxonomy":"product_cat","embeddable":true,"href":"https:\/\/nordic-collagen.com\/fr\/wp-json\/wp\/v2\/product_cat?post=2178"},{"taxonomy":"product_tag","embeddable":true,"href":"https:\/\/nordic-collagen.com\/fr\/wp-json\/wp\/v2\/product_tag?post=2178"}],"curies":[{"name":"wp","href":"https:\/\/api.w.org\/{rel}","templated":true}]}}