{"id":2101,"date":"2025-10-11T10:50:48","date_gmt":"2025-10-11T10:50:48","guid":{"rendered":"https:\/\/nordic-collagen.com\/product\/nordic-collagen-joint-shots-20-shots\/"},"modified":"2026-01-11T06:29:21","modified_gmt":"2026-01-11T06:29:21","slug":"nordic-collagen-joint-shots-20-shots","status":"publish","type":"product","link":"https:\/\/nordic-collagen.com\/fr\/produit\/nordic-collagen-joint-shots-20-shots\/","title":{"rendered":"Nordic collagen joint shots 20 shots"},"content":{"rendered":"<h1 data-start=\"231\" data-end=\"294\"><strong data-start=\"233\" data-end=\"294\">Joint shots \u2013 Shots de collag\u00e8ne liquide pour les articulations et la mobilit\u00e9<\/strong><\/h1>\n<h2 data-start=\"295\" data-end=\"358\"><strong data-start=\"298\" data-end=\"358\">Formule de collag\u00e8ne \u00e0 haute concentration en flacons pratiques de 25 ml<\/strong><\/h2>\n<p data-start=\"360\" data-end=\"798\">Les <strong data-start=\"360\" data-end=\"389\">Swedish Nutra Joint Shots<\/strong> sont un compl\u00e9ment liquide \u00e0 action rapide con\u00e7u pour soutenir <strong data-start=\"446\" data-end=\"519\">la mobilit\u00e9 articulaire, la flexibilit\u00e9, la r\u00e9g\u00e9n\u00e9ration du cartilage et le confort quotidien<\/strong>.<br data-start=\"520\" data-end=\"523\">Chaque flacon unidose contient <strong data-start=\"554\" data-end=\"594\">10 000 mg de collag\u00e8ne marin hydrolys\u00e9<\/strong> plus un <strong data-start=\"602\" data-end=\"625\">m\u00e9lange de soutien articulaire<\/strong> avec <strong data-start=\"631\" data-end=\"703\">du MSM, de la glucosamine, de la chondro\u00eftine, de la vitamine C, de la vitamine D3 et de la vitamine B12<\/strong>, ainsi que <strong data-start=\"716\" data-end=\"750\">de l&rsquo;extrait de curcuma et de th\u00e9 vert<\/strong> pour des bienfaits antioxydants et anti-inflammatoires.<\/p>\n<p data-start=\"800\" data-end=\"906\">Parfait pour les personnes actives, les athl\u00e8tes, les personnes \u00e2g\u00e9es et toute personne souffrant de raideurs articulaires ou de mobilit\u00e9 r\u00e9duite.<\/p>\n<p data-start=\"908\" data-end=\"955\">Disponible en <strong data-start=\"921\" data-end=\"954\">packs de 20 ou 30 jours<\/strong>.<\/p>\n<hr data-start=\"957\" data-end=\"960\">\n<h2 data-start=\"962\" data-end=\"981\"><strong data-start=\"965\" data-end=\"981\">Principaux avantages<\/strong><\/h2>\n<p data-start=\"982\" data-end=\"1480\">\u2714  <strong data-start=\"984\" data-end=\"1026\">10\u202f000 mg de collag\u00e8ne hydrolys\u00e9 par dose<\/strong><br data-start=\"1026\" data-end=\"1029\">\u2714  <strong data-start=\"1031\" data-end=\"1072\">3 types de collag\u00e8ne&nbsp;: types I, II et III<\/strong><br data-start=\"1072\" data-end=\"1075\">\u2714  <strong data-start=\"1077\" data-end=\"1126\">Favorise la r\u00e9paration du cartilage et la lubrification des articulations<\/strong><br data-start=\"1126\" data-end=\"1129\">\u2714  <strong data-start=\"1131\" data-end=\"1177\">Aide \u00e0 r\u00e9duire la raideur et am\u00e9liore la mobilit\u00e9<\/strong><br data-start=\"1177\" data-end=\"1180\">\u2714  <strong data-start=\"1182\" data-end=\"1221\">Avec du MSM, de la glucosamine et de la chondro\u00eftine<\/strong><br data-start=\"1221\" data-end=\"1224\">\u2714  <strong data-start=\"1226\" data-end=\"1270\">Vitamine&nbsp;C pour la formation naturelle de collag\u00e8ne<\/strong><br data-start=\"1270\" data-end=\"1273\">\u2714  <strong data-start=\"1275\" data-end=\"1309\">Vitamine&nbsp;D3 pour les os et les muscles<\/strong><br data-start=\"1309\" data-end=\"1312\">\u2714  <strong data-start=\"1314\" data-end=\"1363\">Vitamine&nbsp;B12 pour l\u2019\u00e9nergie et la r\u00e9duction de la fatigue<\/strong><br data-start=\"1363\" data-end=\"1366\">\u2714  <strong data-start=\"1368\" data-end=\"1421\">Curcuma et th\u00e9 vert pour une action anti-inflammatoire<\/strong><br data-start=\"1421\" data-end=\"1424\">\u2714  <strong data-start=\"1426\" data-end=\"1457\">Doses liquides pr\u00eates \u00e0 boire<\/strong> \u2014 aucun m\u00e9lange requis<\/p>\n<hr data-start=\"1482\" data-end=\"1485\">\n<h2 data-start=\"1487\" data-end=\"1508\"><strong data-start=\"1490\" data-end=\"1508\">\u00c0 qui s\u2019adresse-t-il&nbsp;?<\/strong><\/h2>\n<p data-start=\"1509\" data-end=\"1519\">Id\u00e9al pour&nbsp;:<\/p>\n<ul data-start=\"1520\" data-end=\"1776\">\n<li data-start=\"1520\" data-end=\"1575\">\n<p data-start=\"1522\" data-end=\"1575\">Les personnes souffrant de <strong data-start=\"1534\" data-end=\"1575\">douleurs articulaires, d\u2019inflammation ou de raideur<\/strong><\/p>\n<\/li>\n<li data-start=\"1576\" data-end=\"1622\">\n<p data-start=\"1578\" data-end=\"1622\">Les <strong data-start=\"1578\" data-end=\"1590\">athl\u00e8tes<\/strong> et les personnes physiquement actives<\/p>\n<\/li>\n<li data-start=\"1623\" data-end=\"1677\">\n<p data-start=\"1625\" data-end=\"1677\">Les <strong data-start=\"1625\" data-end=\"1636\">personnes \u00e2g\u00e9es<\/strong> qui soutiennent la mobilit\u00e9 et la sant\u00e9 du cartilage<\/p>\n<\/li>\n<li data-start=\"1678\" data-end=\"1734\">\n<p data-start=\"1680\" data-end=\"1734\">Ceux qui se remettent de <strong data-start=\"1702\" data-end=\"1734\">blessures ou d\u2019un entra\u00eenement intense<\/strong><\/p>\n<\/li>\n<li data-start=\"1735\" data-end=\"1776\">\n<p data-start=\"1737\" data-end=\"1776\">Les personnes souffrant <strong data-start=\"1749\" data-end=\"1776\">d\u2019usure du cartilage<\/strong><\/p>\n<\/li>\n<\/ul>\n<hr data-start=\"1778\" data-end=\"1781\">\n<h2 data-start=\"1783\" data-end=\"1825\"><strong data-start=\"1786\" data-end=\"1825\">Ingr\u00e9dients actifs (par flacon de 25&nbsp;ml)<\/strong><\/h2>\n<h3 data-start=\"1826\" data-end=\"1866\"><strong data-start=\"1830\" data-end=\"1866\">M\u00e9lange de collag\u00e8ne articulaire \u2013 10&nbsp;750&nbsp;mg<\/strong><\/h3>\n<ul data-start=\"1867\" data-end=\"2010\">\n<li data-start=\"1867\" data-end=\"1921\">\n<p data-start=\"1869\" data-end=\"1921\">Collag\u00e8ne hydrolys\u00e9 de type&nbsp;I, II&nbsp;&amp;&nbsp;III \u2013 <strong data-start=\"1908\" data-end=\"1921\">10&nbsp;000&nbsp;mg<\/strong><\/p>\n<\/li>\n<li data-start=\"1922\" data-end=\"1940\">\n<p data-start=\"1924\" data-end=\"1940\">MSM \u2013 <strong data-start=\"1930\" data-end=\"1940\">250&nbsp;mg<\/strong><\/p>\n<\/li>\n<li data-start=\"1941\" data-end=\"1975\">\n<p data-start=\"1943\" data-end=\"1975\">Sulfate de glucosamine \u2013 <strong data-start=\"1965\" data-end=\"1975\">250&nbsp;mg<\/strong><\/p>\n<\/li>\n<li data-start=\"1976\" data-end=\"2010\">\n<p data-start=\"1978\" data-end=\"2010\">Sulfate de chondro\u00eftine \u2013 <strong data-start=\"2000\" data-end=\"2010\">250&nbsp;mg<\/strong><\/p>\n<\/li>\n<\/ul>\n<h3 data-start=\"2012\" data-end=\"2046\"><strong data-start=\"2016\" data-end=\"2046\">Vitamines et extraits de plantes<\/strong><\/h3>\n<ul data-start=\"2047\" data-end=\"2222\">\n<li data-start=\"2047\" data-end=\"2082\">\n<p data-start=\"2049\" data-end=\"2082\">Vitamine&nbsp;C \u2013 <strong data-start=\"2061\" data-end=\"2071\">120&nbsp;mg<\/strong> (150&nbsp;% des VNR)<\/p>\n<\/li>\n<li data-start=\"2083\" data-end=\"2120\">\n<p data-start=\"2085\" data-end=\"2120\">Vitamine&nbsp;B12 \u2013 <strong data-start=\"2099\" data-end=\"2108\">50&nbsp;\u03bcg<\/strong> (2000&nbsp;% des VNR)<\/p>\n<\/li>\n<li data-start=\"2121\" data-end=\"2157\">\n<p data-start=\"2123\" data-end=\"2157\">Vitamine&nbsp;D3 \u2013 <strong data-start=\"2136\" data-end=\"2145\">50&nbsp;\u03bcg<\/strong> (1000&nbsp;% des VNR)<\/p>\n<\/li>\n<li data-start=\"2158\" data-end=\"2189\">\n<p data-start=\"2160\" data-end=\"2189\">Extrait de curcuma \u2013 <strong data-start=\"2179\" data-end=\"2189\">200&nbsp;mg<\/strong><\/p>\n<\/li>\n<li data-start=\"2190\" data-end=\"2222\">\n<p data-start=\"2192\" data-end=\"2222\">Extrait de th\u00e9 vert \u2013 <strong data-start=\"2212\" data-end=\"2222\">100&nbsp;mg<\/strong><\/p>\n<\/li>\n<\/ul>\n<hr data-start=\"2224\" data-end=\"2227\">\n<h2 data-start=\"2229\" data-end=\"2246\"><strong data-start=\"2232\" data-end=\"2246\">Mode d&#8217;emploi<\/strong><\/h2>\n<p data-start=\"2247\" data-end=\"2391\">Boire <strong data-start=\"2253\" data-end=\"2277\">un flacon de 25&nbsp;ml par jour<\/strong>.<br data-start=\"2278\" data-end=\"2281\">Utiliser directement \u00e0 partir du flacon ou m\u00e9langer avec de l\u2019eau ou du jus.<br data-start=\"2335\" data-end=\"2338\">Pour de meilleurs r\u00e9sultats, utiliser r\u00e9guli\u00e8rement pendant <strong data-start=\"2377\" data-end=\"2390\">2 \u00e0 4&nbsp;semaines<\/strong>.<\/p>\n<p data-start=\"2393\" data-end=\"2481\">Conserver dans un endroit frais. Tenir \u00e0 l\u2019abri de la lumi\u00e8re directe du soleil.<br data-start=\"2444\" data-end=\"2447\">Tenir hors de port\u00e9e des enfants. <\/p>\n<hr data-start=\"2483\" data-end=\"2486\">\n<h2 data-start=\"2488\" data-end=\"2524\"><strong data-start=\"2491\" data-end=\"2524\">Informations sur les allerg\u00e8nes et la s\u00e9curit\u00e9<\/strong><\/h2>\n<ul data-start=\"2525\" data-end=\"2654\">\n<li data-start=\"2525\" data-end=\"2558\">\n<p data-start=\"2527\" data-end=\"2558\">Contient du <strong data-start=\"2536\" data-end=\"2558\">collag\u00e8ne de poisson<\/strong><\/p>\n<\/li>\n<li data-start=\"2559\" data-end=\"2603\">\n<p data-start=\"2561\" data-end=\"2603\">Contient des <strong data-start=\"2570\" data-end=\"2603\">\u00e9dulcorants (sucralose, Ace-K)<\/strong><\/p>\n<\/li>\n<li data-start=\"2604\" data-end=\"2654\">\n<p data-start=\"2606\" data-end=\"2654\">Sans sucre, gluten, soja, \u0153ufs, noix et produits laitiers<\/p>\n<\/li>\n<\/ul>\n<p data-start=\"2656\" data-end=\"2785\">Les compl\u00e9ments alimentaires ne doivent pas remplacer un r\u00e9gime alimentaire vari\u00e9.<br data-start=\"2706\" data-end=\"2709\">Consultez votre m\u00e9decin pendant la grossesse, l\u2019allaitement ou si vous prenez des m\u00e9dicaments.<\/p>\n<hr data-start=\"2787\" data-end=\"2790\">\n<h2 data-start=\"2792\" data-end=\"2808\"><strong data-start=\"2795\" data-end=\"2808\">Emballage<\/strong><\/h2>\n<p data-start=\"2809\" data-end=\"2925\">\ud83d\udce6 Disponible en <strong data-start=\"2825\" data-end=\"2836\">pack de 20<\/strong> <br data-start=\"2851\" data-end=\"2854\">Saveur&nbsp;: <strong data-start=\"2863\" data-end=\"2880\">Baies naturelles<\/strong><br data-start=\"2880\" data-end=\"2883\">Fabriqu\u00e9 en <strong data-start=\"2891\" data-end=\"2901\">Su\u00e8de<\/strong> \u2014 Certifi\u00e9 HACCP et BPF<\/p>\n","protected":false},"excerpt":{"rendered":"<p>Joint shots \u2013 Shots de collag\u00e8ne liquide pour les articulations et la mobilit\u00e9 Formule de collag\u00e8ne \u00e0 haute concentration en flacons pratiques de 25 ml Les Swedish Nutra Joint Shots sont un compl\u00e9ment liquide \u00e0 action rapide con\u00e7u pour soutenir la mobilit\u00e9 articulaire, la flexibilit\u00e9, la r\u00e9g\u00e9n\u00e9ration du cartilage et le confort quotidien.Chaque flacon unidose [&hellip;]<\/p>\n","protected":false},"featured_media":2106,"comment_status":"open","ping_status":"closed","template":"","meta":[],"product_brand":[],"product_cat":[60],"product_tag":[],"class_list":{"0":"post-2101","1":"product","2":"type-product","3":"status-publish","4":"has-post-thumbnail","6":"product_cat-collagene-pour-les-articulations","8":"first","9":"instock","10":"shipping-taxable","11":"purchasable","12":"product-type-simple"},"yoast_head":"<!-- This site is optimized with the Yoast SEO plugin v27.4 - https:\/\/yoast.com\/product\/yoast-seo-wordpress\/ -->\n<title>Nordic collagen joint shots 20 shots - Nordic Collagen<\/title>\n<meta name=\"robots\" content=\"index, follow, max-snippet:-1, max-image-preview:large, max-video-preview:-1\" \/>\n<link rel=\"canonical\" href=\"https:\/\/nordic-collagen.com\/fr\/produit\/nordic-collagen-joint-shots-20-shots\/\" \/>\n<meta property=\"og:locale\" content=\"fr_FR\" \/>\n<meta property=\"og:type\" content=\"article\" \/>\n<meta property=\"og:title\" content=\"Nordic collagen joint shots 20 shots - Nordic Collagen\" \/>\n<meta property=\"og:description\" content=\"Joint shots \u2013 Shots de collag\u00e8ne liquide pour les articulations et la mobilit\u00e9 Formule de collag\u00e8ne \u00e0 haute concentration en flacons pratiques de 25 ml Les Swedish Nutra Joint Shots sont un compl\u00e9ment liquide \u00e0 action rapide con\u00e7u pour soutenir la mobilit\u00e9 articulaire, la flexibilit\u00e9, la r\u00e9g\u00e9n\u00e9ration du cartilage et le confort quotidien.Chaque flacon unidose [&hellip;]\" \/>\n<meta property=\"og:url\" content=\"https:\/\/nordic-collagen.com\/fr\/produit\/nordic-collagen-joint-shots-20-shots\/\" \/>\n<meta property=\"og:site_name\" content=\"Nordic Collagen\" \/>\n<meta property=\"article:modified_time\" content=\"2026-01-11T06:29:21+00:00\" \/>\n<meta property=\"og:image\" content=\"https:\/\/nordic-collagen.com\/wp-content\/uploads\/2025\/10\/4-1.png\" \/>\n\t<meta property=\"og:image:width\" content=\"1200\" \/>\n\t<meta property=\"og:image:height\" content=\"1200\" \/>\n\t<meta property=\"og:image:type\" content=\"image\/png\" \/>\n<meta name=\"twitter:card\" content=\"summary_large_image\" \/>\n<meta name=\"twitter:label1\" content=\"Dur\u00e9e de lecture estim\u00e9e\" \/>\n\t<meta name=\"twitter:data1\" content=\"3 minutes\" \/>\n<script type=\"application\/ld+json\" class=\"yoast-schema-graph\">{\"@context\":\"https:\\\/\\\/schema.org\",\"@graph\":[{\"@type\":\"WebPage\",\"@id\":\"https:\\\/\\\/nordic-collagen.com\\\/fr\\\/produit\\\/nordic-collagen-joint-shots-20-shots\\\/\",\"url\":\"https:\\\/\\\/nordic-collagen.com\\\/fr\\\/produit\\\/nordic-collagen-joint-shots-20-shots\\\/\",\"name\":\"Nordic collagen joint shots 20 shots - Nordic Collagen\",\"isPartOf\":{\"@id\":\"https:\\\/\\\/nordic-collagen.com\\\/fr\\\/#website\"},\"primaryImageOfPage\":{\"@id\":\"https:\\\/\\\/nordic-collagen.com\\\/fr\\\/produit\\\/nordic-collagen-joint-shots-20-shots\\\/#primaryimage\"},\"image\":{\"@id\":\"https:\\\/\\\/nordic-collagen.com\\\/fr\\\/produit\\\/nordic-collagen-joint-shots-20-shots\\\/#primaryimage\"},\"thumbnailUrl\":\"https:\\\/\\\/nordic-collagen.com\\\/wp-content\\\/uploads\\\/2025\\\/10\\\/4-1.png\",\"datePublished\":\"2025-10-11T10:50:48+00:00\",\"dateModified\":\"2026-01-11T06:29:21+00:00\",\"breadcrumb\":{\"@id\":\"https:\\\/\\\/nordic-collagen.com\\\/fr\\\/produit\\\/nordic-collagen-joint-shots-20-shots\\\/#breadcrumb\"},\"inLanguage\":\"fr-FR\",\"potentialAction\":[{\"@type\":\"ReadAction\",\"target\":[\"https:\\\/\\\/nordic-collagen.com\\\/fr\\\/produit\\\/nordic-collagen-joint-shots-20-shots\\\/\"]}]},{\"@type\":\"ImageObject\",\"inLanguage\":\"fr-FR\",\"@id\":\"https:\\\/\\\/nordic-collagen.com\\\/fr\\\/produit\\\/nordic-collagen-joint-shots-20-shots\\\/#primaryimage\",\"url\":\"https:\\\/\\\/nordic-collagen.com\\\/wp-content\\\/uploads\\\/2025\\\/10\\\/4-1.png\",\"contentUrl\":\"https:\\\/\\\/nordic-collagen.com\\\/wp-content\\\/uploads\\\/2025\\\/10\\\/4-1.png\",\"width\":1200,\"height\":1200},{\"@type\":\"BreadcrumbList\",\"@id\":\"https:\\\/\\\/nordic-collagen.com\\\/fr\\\/produit\\\/nordic-collagen-joint-shots-20-shots\\\/#breadcrumb\",\"itemListElement\":[{\"@type\":\"ListItem\",\"position\":1,\"name\":\"Accueil\",\"item\":\"https:\\\/\\\/nordic-collagen.com\\\/fr\\\/\"},{\"@type\":\"ListItem\",\"position\":2,\"name\":\"Boutique\",\"item\":\"https:\\\/\\\/nordic-collagen.com\\\/fr\\\/boutique\\\/\"},{\"@type\":\"ListItem\",\"position\":3,\"name\":\"Nordic collagen joint shots 20 shots\"}]},{\"@type\":\"WebSite\",\"@id\":\"https:\\\/\\\/nordic-collagen.com\\\/fr\\\/#website\",\"url\":\"https:\\\/\\\/nordic-collagen.com\\\/fr\\\/\",\"name\":\"Nordic Collagen\",\"description\":\"\",\"publisher\":{\"@id\":\"https:\\\/\\\/nordic-collagen.com\\\/fr\\\/#organization\"},\"potentialAction\":[{\"@type\":\"SearchAction\",\"target\":{\"@type\":\"EntryPoint\",\"urlTemplate\":\"https:\\\/\\\/nordic-collagen.com\\\/fr\\\/?s={search_term_string}\"},\"query-input\":{\"@type\":\"PropertyValueSpecification\",\"valueRequired\":true,\"valueName\":\"search_term_string\"}}],\"inLanguage\":\"fr-FR\"},{\"@type\":\"Organization\",\"@id\":\"https:\\\/\\\/nordic-collagen.com\\\/fr\\\/#organization\",\"name\":\"Nordic Collagen\",\"url\":\"https:\\\/\\\/nordic-collagen.com\\\/fr\\\/\",\"logo\":{\"@type\":\"ImageObject\",\"inLanguage\":\"fr-FR\",\"@id\":\"https:\\\/\\\/nordic-collagen.com\\\/fr\\\/#\\\/schema\\\/logo\\\/image\\\/\",\"url\":\"https:\\\/\\\/nordic-collagen.com\\\/wp-content\\\/uploads\\\/2025\\\/10\\\/cropped-Nordic-Collagen-logo-01.png\",\"contentUrl\":\"https:\\\/\\\/nordic-collagen.com\\\/wp-content\\\/uploads\\\/2025\\\/10\\\/cropped-Nordic-Collagen-logo-01.png\",\"width\":309,\"height\":118,\"caption\":\"Nordic Collagen\"},\"image\":{\"@id\":\"https:\\\/\\\/nordic-collagen.com\\\/fr\\\/#\\\/schema\\\/logo\\\/image\\\/\"}}]}<\/script>\n<!-- \/ Yoast SEO plugin. -->","yoast_head_json":{"title":"Nordic collagen joint shots 20 shots - Nordic Collagen","robots":{"index":"index","follow":"follow","max-snippet":"max-snippet:-1","max-image-preview":"max-image-preview:large","max-video-preview":"max-video-preview:-1"},"canonical":"https:\/\/nordic-collagen.com\/fr\/produit\/nordic-collagen-joint-shots-20-shots\/","og_locale":"fr_FR","og_type":"article","og_title":"Nordic collagen joint shots 20 shots - Nordic Collagen","og_description":"Joint shots \u2013 Shots de collag\u00e8ne liquide pour les articulations et la mobilit\u00e9 Formule de collag\u00e8ne \u00e0 haute concentration en flacons pratiques de 25 ml Les Swedish Nutra Joint Shots sont un compl\u00e9ment liquide \u00e0 action rapide con\u00e7u pour soutenir la mobilit\u00e9 articulaire, la flexibilit\u00e9, la r\u00e9g\u00e9n\u00e9ration du cartilage et le confort quotidien.Chaque flacon unidose [&hellip;]","og_url":"https:\/\/nordic-collagen.com\/fr\/produit\/nordic-collagen-joint-shots-20-shots\/","og_site_name":"Nordic Collagen","article_modified_time":"2026-01-11T06:29:21+00:00","og_image":[{"width":1200,"height":1200,"url":"https:\/\/nordic-collagen.com\/wp-content\/uploads\/2025\/10\/4-1.png","type":"image\/png"}],"twitter_card":"summary_large_image","twitter_misc":{"Dur\u00e9e de lecture estim\u00e9e":"3 minutes"},"schema":{"@context":"https:\/\/schema.org","@graph":[{"@type":"WebPage","@id":"https:\/\/nordic-collagen.com\/fr\/produit\/nordic-collagen-joint-shots-20-shots\/","url":"https:\/\/nordic-collagen.com\/fr\/produit\/nordic-collagen-joint-shots-20-shots\/","name":"Nordic collagen joint shots 20 shots - Nordic Collagen","isPartOf":{"@id":"https:\/\/nordic-collagen.com\/fr\/#website"},"primaryImageOfPage":{"@id":"https:\/\/nordic-collagen.com\/fr\/produit\/nordic-collagen-joint-shots-20-shots\/#primaryimage"},"image":{"@id":"https:\/\/nordic-collagen.com\/fr\/produit\/nordic-collagen-joint-shots-20-shots\/#primaryimage"},"thumbnailUrl":"https:\/\/nordic-collagen.com\/wp-content\/uploads\/2025\/10\/4-1.png","datePublished":"2025-10-11T10:50:48+00:00","dateModified":"2026-01-11T06:29:21+00:00","breadcrumb":{"@id":"https:\/\/nordic-collagen.com\/fr\/produit\/nordic-collagen-joint-shots-20-shots\/#breadcrumb"},"inLanguage":"fr-FR","potentialAction":[{"@type":"ReadAction","target":["https:\/\/nordic-collagen.com\/fr\/produit\/nordic-collagen-joint-shots-20-shots\/"]}]},{"@type":"ImageObject","inLanguage":"fr-FR","@id":"https:\/\/nordic-collagen.com\/fr\/produit\/nordic-collagen-joint-shots-20-shots\/#primaryimage","url":"https:\/\/nordic-collagen.com\/wp-content\/uploads\/2025\/10\/4-1.png","contentUrl":"https:\/\/nordic-collagen.com\/wp-content\/uploads\/2025\/10\/4-1.png","width":1200,"height":1200},{"@type":"BreadcrumbList","@id":"https:\/\/nordic-collagen.com\/fr\/produit\/nordic-collagen-joint-shots-20-shots\/#breadcrumb","itemListElement":[{"@type":"ListItem","position":1,"name":"Accueil","item":"https:\/\/nordic-collagen.com\/fr\/"},{"@type":"ListItem","position":2,"name":"Boutique","item":"https:\/\/nordic-collagen.com\/fr\/boutique\/"},{"@type":"ListItem","position":3,"name":"Nordic collagen joint shots 20 shots"}]},{"@type":"WebSite","@id":"https:\/\/nordic-collagen.com\/fr\/#website","url":"https:\/\/nordic-collagen.com\/fr\/","name":"Nordic Collagen","description":"","publisher":{"@id":"https:\/\/nordic-collagen.com\/fr\/#organization"},"potentialAction":[{"@type":"SearchAction","target":{"@type":"EntryPoint","urlTemplate":"https:\/\/nordic-collagen.com\/fr\/?s={search_term_string}"},"query-input":{"@type":"PropertyValueSpecification","valueRequired":true,"valueName":"search_term_string"}}],"inLanguage":"fr-FR"},{"@type":"Organization","@id":"https:\/\/nordic-collagen.com\/fr\/#organization","name":"Nordic Collagen","url":"https:\/\/nordic-collagen.com\/fr\/","logo":{"@type":"ImageObject","inLanguage":"fr-FR","@id":"https:\/\/nordic-collagen.com\/fr\/#\/schema\/logo\/image\/","url":"https:\/\/nordic-collagen.com\/wp-content\/uploads\/2025\/10\/cropped-Nordic-Collagen-logo-01.png","contentUrl":"https:\/\/nordic-collagen.com\/wp-content\/uploads\/2025\/10\/cropped-Nordic-Collagen-logo-01.png","width":309,"height":118,"caption":"Nordic Collagen"},"image":{"@id":"https:\/\/nordic-collagen.com\/fr\/#\/schema\/logo\/image\/"}}]}},"_links":{"self":[{"href":"https:\/\/nordic-collagen.com\/fr\/wp-json\/wp\/v2\/product\/2101","targetHints":{"allow":["GET"]}}],"collection":[{"href":"https:\/\/nordic-collagen.com\/fr\/wp-json\/wp\/v2\/product"}],"about":[{"href":"https:\/\/nordic-collagen.com\/fr\/wp-json\/wp\/v2\/types\/product"}],"replies":[{"embeddable":true,"href":"https:\/\/nordic-collagen.com\/fr\/wp-json\/wp\/v2\/comments?post=2101"}],"version-history":[{"count":1,"href":"https:\/\/nordic-collagen.com\/fr\/wp-json\/wp\/v2\/product\/2101\/revisions"}],"predecessor-version":[{"id":2428,"href":"https:\/\/nordic-collagen.com\/fr\/wp-json\/wp\/v2\/product\/2101\/revisions\/2428"}],"wp:featuredmedia":[{"embeddable":true,"href":"https:\/\/nordic-collagen.com\/fr\/wp-json\/wp\/v2\/media\/2106"}],"wp:attachment":[{"href":"https:\/\/nordic-collagen.com\/fr\/wp-json\/wp\/v2\/media?parent=2101"}],"wp:term":[{"taxonomy":"product_brand","embeddable":true,"href":"https:\/\/nordic-collagen.com\/fr\/wp-json\/wp\/v2\/product_brand?post=2101"},{"taxonomy":"product_cat","embeddable":true,"href":"https:\/\/nordic-collagen.com\/fr\/wp-json\/wp\/v2\/product_cat?post=2101"},{"taxonomy":"product_tag","embeddable":true,"href":"https:\/\/nordic-collagen.com\/fr\/wp-json\/wp\/v2\/product_tag?post=2101"}],"curies":[{"name":"wp","href":"https:\/\/api.w.org\/{rel}","templated":true}]}}