{"id":2165,"date":"2025-10-11T10:50:48","date_gmt":"2025-10-11T10:50:48","guid":{"rendered":"https:\/\/nordic-collagen.com\/product\/nordic-collagen-joint-shots-20-viales\/"},"modified":"2026-01-11T06:30:48","modified_gmt":"2026-01-11T06:30:48","slug":"nordic-collagen-joint-shots-20-viales","status":"publish","type":"product","link":"https:\/\/nordic-collagen.com\/es\/producto\/nordic-collagen-joint-shots-20-viales\/","title":{"rendered":"Nordic collagen joint shots 20 viales"},"content":{"rendered":"<h1 data-start=\"231\" data-end=\"294\"><strong data-start=\"233\" data-end=\"294\">Joint shots \u2013 Viales de col\u00e1geno l\u00edquido para articulaciones y movilidad<\/strong><\/h1>\n<h2 data-start=\"295\" data-end=\"358\"><strong data-start=\"298\" data-end=\"358\">F\u00f3rmula de col\u00e1geno de alta concentraci\u00f3n en c\u00f3modos viales de 25 ml<\/strong><\/h2>\n<p data-start=\"360\" data-end=\"798\">Los <strong data-start=\"360\" data-end=\"389\">Swedish Nutra Joint Shots<\/strong> son un suplemento l\u00edquido de acci\u00f3n r\u00e1pida dise\u00f1ado para apoyar la <strong data-start=\"446\" data-end=\"519\">movilidad articular, la flexibilidad, la regeneraci\u00f3n del cart\u00edlago y el confort diario<\/strong>.<br data-start=\"520\" data-end=\"523\"> Cada vial de dosis \u00fanica contiene <strong data-start=\"554\" data-end=\"594\">10 000 mg de col\u00e1geno marino hidrolizado<\/strong> m\u00e1s una <strong data-start=\"602\" data-end=\"625\">mezcla de apoyo para las articulaciones<\/strong> con <strong data-start=\"631\" data-end=\"703\">MSM, glucosamina, condroitina, vitamina C, vitamina D3 y vitamina B12<\/strong>, junto con <strong data-start=\"716\" data-end=\"750\">extracto de c\u00farcuma y t\u00e9 verde<\/strong> para obtener beneficios antioxidantes y antiinflamatorios.<\/p>\n<p data-start=\"800\" data-end=\"906\">Perfecto para personas activas, atletas, personas mayores y cualquier persona que experimente rigidez en las articulaciones o movilidad reducida.<\/p>\n<p data-start=\"908\" data-end=\"955\">Disponible en <strong data-start=\"921\" data-end=\"954\">packs de suministro para 20 o 30 d\u00edas<\/strong>.<\/p>\n<hr data-start=\"957\" data-end=\"960\">\n<h2 data-start=\"962\" data-end=\"981\"><strong data-start=\"965\" data-end=\"981\">Beneficios clave<\/strong><\/h2>\n<p data-start=\"982\" data-end=\"1480\">\u2714  <strong data-start=\"984\" data-end=\"1026\">10&nbsp;000 mg de col\u00e1geno hidrolizado por dosis<\/strong><br data-start=\"1026\" data-end=\"1029\">\u2714  <strong data-start=\"1031\" data-end=\"1072\">3&nbsp;tipos de col\u00e1geno: tipo&nbsp;I, II y&nbsp;III<\/strong><br data-start=\"1072\" data-end=\"1075\">\u2714  <strong data-start=\"1077\" data-end=\"1126\">Favorece la reparaci\u00f3n del cart\u00edlago y la lubricaci\u00f3n de las articulaciones<\/strong><br data-start=\"1126\" data-end=\"1129\">\u2714  <strong data-start=\"1131\" data-end=\"1177\">Ayuda a reducir la rigidez y mejora la movilidad<\/strong><br data-start=\"1177\" data-end=\"1180\">\u2714  <strong data-start=\"1182\" data-end=\"1221\">Con MSM, glucosamina y condroitina<\/strong><br data-start=\"1221\" data-end=\"1224\">\u2714  <strong data-start=\"1226\" data-end=\"1270\">Vitamina C para la formaci\u00f3n natural de col\u00e1geno<\/strong><br data-start=\"1270\" data-end=\"1273\">\u2714  <strong data-start=\"1275\" data-end=\"1309\">Vitamina D3 para huesos y m\u00fasculos<\/strong><br data-start=\"1309\" data-end=\"1312\">\u2714  <strong data-start=\"1314\" data-end=\"1363\">Vitamina B12 para la energ\u00eda y la reducci\u00f3n de la fatiga<\/strong><br data-start=\"1363\" data-end=\"1366\">\u2714  <strong data-start=\"1368\" data-end=\"1421\">C\u00farcuma y t\u00e9 verde para una acci\u00f3n antiinflamatoria<\/strong><br data-start=\"1421\" data-end=\"1424\">\u2714  <strong data-start=\"1426\" data-end=\"1457\">Dosis l\u00edquidas listas para beber<\/strong>: no es necesario mezclarlas<\/p>\n<hr data-start=\"1482\" data-end=\"1485\">\n<h2 data-start=\"1487\" data-end=\"1508\"><strong data-start=\"1490\" data-end=\"1508\">\u00bfPara qui\u00e9n es?<\/strong><\/h2>\n<p data-start=\"1509\" data-end=\"1519\">Ideal para:<\/p>\n<ul data-start=\"1520\" data-end=\"1776\">\n<li data-start=\"1520\" data-end=\"1575\">\n<p data-start=\"1522\" data-end=\"1575\">Personas con <strong data-start=\"1534\" data-end=\"1575\">dolor articular, inflamaci\u00f3n o rigidez<\/strong><\/p>\n<\/li>\n<li data-start=\"1576\" data-end=\"1622\">\n<p data-start=\"1578\" data-end=\"1622\"><strong data-start=\"1578\" data-end=\"1590\">Atletas<\/strong> e individuos f\u00edsicamente activos<\/p>\n<\/li>\n<li data-start=\"1623\" data-end=\"1677\">\n<p data-start=\"1625\" data-end=\"1677\"><strong data-start=\"1625\" data-end=\"1636\">Personas mayores<\/strong> que buscan apoyar la movilidad y la salud del cart\u00edlago<\/p>\n<\/li>\n<li data-start=\"1678\" data-end=\"1734\">\n<p data-start=\"1680\" data-end=\"1734\">Aquellos que se recuperan de <strong data-start=\"1702\" data-end=\"1734\">lesiones o entrenamientos intensos<\/strong><\/p>\n<\/li>\n<li data-start=\"1735\" data-end=\"1776\">\n<p data-start=\"1737\" data-end=\"1776\">Personas con <strong data-start=\"1749\" data-end=\"1776\">desgaste del cart\u00edlago<\/strong><\/p>\n<\/li>\n<\/ul>\n<hr data-start=\"1778\" data-end=\"1781\">\n<h2 data-start=\"1783\" data-end=\"1825\"><strong data-start=\"1786\" data-end=\"1825\">Ingredientes activos (por vial de 25 ml)<\/strong><\/h2>\n<h3 data-start=\"1826\" data-end=\"1866\"><strong data-start=\"1830\" data-end=\"1866\">Mezcla de col\u00e1geno para las articulaciones: 10 750 mg<\/strong><\/h3>\n<ul data-start=\"1867\" data-end=\"2010\">\n<li data-start=\"1867\" data-end=\"1921\">\n<p data-start=\"1869\" data-end=\"1921\">Col\u00e1geno hidrolizado tipo I, II y III: <strong data-start=\"1908\" data-end=\"1921\">10 000 mg<\/strong><\/p>\n<\/li>\n<li data-start=\"1922\" data-end=\"1940\">\n<p data-start=\"1924\" data-end=\"1940\">MSM: <strong data-start=\"1930\" data-end=\"1940\">250 mg<\/strong><\/p>\n<\/li>\n<li data-start=\"1941\" data-end=\"1975\">\n<p data-start=\"1943\" data-end=\"1975\">Sulfato de glucosamina: <strong data-start=\"1965\" data-end=\"1975\">250 mg<\/strong><\/p>\n<\/li>\n<li data-start=\"1976\" data-end=\"2010\">\n<p data-start=\"1978\" data-end=\"2010\">Sulfato de condroitina: <strong data-start=\"2000\" data-end=\"2010\">250 mg<\/strong><\/p>\n<\/li>\n<\/ul>\n<h3 data-start=\"2012\" data-end=\"2046\"><strong data-start=\"2016\" data-end=\"2046\">Vitaminas y extractos de hierbas<\/strong><\/h3>\n<ul data-start=\"2047\" data-end=\"2222\">\n<li data-start=\"2047\" data-end=\"2082\">\n<p data-start=\"2049\" data-end=\"2082\">Vitamina C: <strong data-start=\"2061\" data-end=\"2071\">120 mg<\/strong> (150% VRN)<\/p>\n<\/li>\n<li data-start=\"2083\" data-end=\"2120\">\n<p data-start=\"2085\" data-end=\"2120\">Vitamina B12: <strong data-start=\"2099\" data-end=\"2108\">50 \u03bcg<\/strong> (2000% VRN)<\/p>\n<\/li>\n<li data-start=\"2121\" data-end=\"2157\">\n<p data-start=\"2123\" data-end=\"2157\">Vitamina D3: <strong data-start=\"2136\" data-end=\"2145\">50 \u03bcg<\/strong> (1000% VRN)<\/p>\n<\/li>\n<li data-start=\"2158\" data-end=\"2189\">\n<p data-start=\"2160\" data-end=\"2189\">Extracto de c\u00farcuma: <strong data-start=\"2179\" data-end=\"2189\">200 mg<\/strong><\/p>\n<\/li>\n<li data-start=\"2190\" data-end=\"2222\">\n<p data-start=\"2192\" data-end=\"2222\">Extracto de t\u00e9 verde: <strong data-start=\"2212\" data-end=\"2222\">100 mg<\/strong><\/p>\n<\/li>\n<\/ul>\n<hr data-start=\"2224\" data-end=\"2227\">\n<h2 data-start=\"2229\" data-end=\"2246\"><strong data-start=\"2232\" data-end=\"2246\">Modo de empleo<\/strong><\/h2>\n<p data-start=\"2247\" data-end=\"2391\">Beba <strong data-start=\"2253\" data-end=\"2277\">un vial de 25 ml al d\u00eda<\/strong>.<br data-start=\"2278\" data-end=\"2281\"> Util\u00edcelo directamente del vial o m\u00e9zclelo con agua o zumo.<br data-start=\"2335\" data-end=\"2338\"> Para obtener los mejores resultados, util\u00edcelo de forma constante durante <strong data-start=\"2377\" data-end=\"2390\">2\u20134 semanas<\/strong>.<\/p>\n<p data-start=\"2393\" data-end=\"2481\">Conservar en un lugar fresco. Mantener alejado de la luz solar directa.<br data-start=\"2444\" data-end=\"2447\"> Mantener fuera del alcance de los ni\u00f1os. <\/p>\n<hr data-start=\"2483\" data-end=\"2486\">\n<h2 data-start=\"2488\" data-end=\"2524\"><strong data-start=\"2491\" data-end=\"2524\">Informaci\u00f3n sobre al\u00e9rgenos y seguridad<\/strong><\/h2>\n<ul data-start=\"2525\" data-end=\"2654\">\n<li data-start=\"2525\" data-end=\"2558\">\n<p data-start=\"2527\" data-end=\"2558\">Contiene <strong data-start=\"2536\" data-end=\"2558\">col\u00e1geno de pescado<\/strong><\/p>\n<\/li>\n<li data-start=\"2559\" data-end=\"2603\">\n<p data-start=\"2561\" data-end=\"2603\">Contiene <strong data-start=\"2570\" data-end=\"2603\">edulcorantes (sucralosa, Ace-K)<\/strong><\/p>\n<\/li>\n<li data-start=\"2604\" data-end=\"2654\">\n<p data-start=\"2606\" data-end=\"2654\">Sin az\u00facar, gluten, soja, huevos, frutos secos ni l\u00e1cteos<\/p>\n<\/li>\n<\/ul>\n<p data-start=\"2656\" data-end=\"2785\">Los complementos alimenticios no deben sustituir una dieta variada.<br data-start=\"2706\" data-end=\"2709\"> Consulte a su m\u00e9dico durante el embarazo, la lactancia o si est\u00e1 tomando medicaci\u00f3n.<\/p>\n<hr data-start=\"2787\" data-end=\"2790\">\n<h2 data-start=\"2792\" data-end=\"2808\"><strong data-start=\"2795\" data-end=\"2808\">Embalaje<\/strong><\/h2>\n<p data-start=\"2809\" data-end=\"2925\">\ud83d\udce6 Disponible en <strong data-start=\"2825\" data-end=\"2836\">paquete de 20<\/strong> <br data-start=\"2851\" data-end=\"2854\">Sabor: <strong data-start=\"2863\" data-end=\"2880\">Baya Natural<\/strong><br data-start=\"2880\" data-end=\"2883\">Fabricado en <strong data-start=\"2891\" data-end=\"2901\">Suecia<\/strong> \u2014 Certificado HACCP y GMP<\/p>\n","protected":false},"excerpt":{"rendered":"<p>Joint shots \u2013 Viales de col\u00e1geno l\u00edquido para articulaciones y movilidad F\u00f3rmula de col\u00e1geno de alta concentraci\u00f3n en c\u00f3modos viales de 25 ml Los Swedish Nutra Joint Shots son un suplemento l\u00edquido de acci\u00f3n r\u00e1pida dise\u00f1ado para apoyar la movilidad articular, la flexibilidad, la regeneraci\u00f3n del cart\u00edlago y el confort diario. Cada vial de dosis [&hellip;]<\/p>\n","protected":false},"featured_media":2166,"comment_status":"open","ping_status":"closed","template":"","meta":[],"product_brand":[],"product_cat":[58],"product_tag":[],"class_list":{"0":"post-2165","1":"product","2":"type-product","3":"status-publish","4":"has-post-thumbnail","6":"product_cat-colageno-para-las-articulaciones","8":"first","9":"instock","10":"shipping-taxable","11":"purchasable","12":"product-type-simple"},"yoast_head":"<!-- This site is optimized with the Yoast SEO plugin v27.4 - https:\/\/yoast.com\/product\/yoast-seo-wordpress\/ -->\n<title>Nordic collagen joint shots 20 viales - Nordic Collagen<\/title>\n<meta name=\"robots\" content=\"index, follow, max-snippet:-1, max-image-preview:large, max-video-preview:-1\" \/>\n<link rel=\"canonical\" href=\"https:\/\/nordic-collagen.com\/es\/producto\/nordic-collagen-joint-shots-20-viales\/\" \/>\n<meta property=\"og:locale\" content=\"es_ES\" \/>\n<meta property=\"og:type\" content=\"article\" \/>\n<meta property=\"og:title\" content=\"Nordic collagen joint shots 20 viales - Nordic Collagen\" \/>\n<meta property=\"og:description\" content=\"Joint shots \u2013 Viales de col\u00e1geno l\u00edquido para articulaciones y movilidad F\u00f3rmula de col\u00e1geno de alta concentraci\u00f3n en c\u00f3modos viales de 25 ml Los Swedish Nutra Joint Shots son un suplemento l\u00edquido de acci\u00f3n r\u00e1pida dise\u00f1ado para apoyar la movilidad articular, la flexibilidad, la regeneraci\u00f3n del cart\u00edlago y el confort diario. Cada vial de dosis [&hellip;]\" \/>\n<meta property=\"og:url\" content=\"https:\/\/nordic-collagen.com\/es\/producto\/nordic-collagen-joint-shots-20-viales\/\" \/>\n<meta property=\"og:site_name\" content=\"Nordic Collagen\" \/>\n<meta property=\"article:modified_time\" content=\"2026-01-11T06:30:48+00:00\" \/>\n<meta property=\"og:image\" content=\"https:\/\/nordic-collagen.com\/wp-content\/uploads\/2025\/10\/4-1.png\" \/>\n\t<meta property=\"og:image:width\" content=\"1200\" \/>\n\t<meta property=\"og:image:height\" content=\"1200\" \/>\n\t<meta property=\"og:image:type\" content=\"image\/png\" \/>\n<meta name=\"twitter:card\" content=\"summary_large_image\" \/>\n<meta name=\"twitter:label1\" content=\"Tiempo de lectura\" \/>\n\t<meta name=\"twitter:data1\" content=\"2 minutos\" \/>\n<script type=\"application\/ld+json\" class=\"yoast-schema-graph\">{\"@context\":\"https:\\\/\\\/schema.org\",\"@graph\":[{\"@type\":\"WebPage\",\"@id\":\"https:\\\/\\\/nordic-collagen.com\\\/es\\\/producto\\\/nordic-collagen-joint-shots-20-viales\\\/\",\"url\":\"https:\\\/\\\/nordic-collagen.com\\\/es\\\/producto\\\/nordic-collagen-joint-shots-20-viales\\\/\",\"name\":\"Nordic collagen joint shots 20 viales - Nordic Collagen\",\"isPartOf\":{\"@id\":\"https:\\\/\\\/nordic-collagen.com\\\/es\\\/#website\"},\"primaryImageOfPage\":{\"@id\":\"https:\\\/\\\/nordic-collagen.com\\\/es\\\/producto\\\/nordic-collagen-joint-shots-20-viales\\\/#primaryimage\"},\"image\":{\"@id\":\"https:\\\/\\\/nordic-collagen.com\\\/es\\\/producto\\\/nordic-collagen-joint-shots-20-viales\\\/#primaryimage\"},\"thumbnailUrl\":\"https:\\\/\\\/nordic-collagen.com\\\/wp-content\\\/uploads\\\/2025\\\/10\\\/4-1.png\",\"datePublished\":\"2025-10-11T10:50:48+00:00\",\"dateModified\":\"2026-01-11T06:30:48+00:00\",\"breadcrumb\":{\"@id\":\"https:\\\/\\\/nordic-collagen.com\\\/es\\\/producto\\\/nordic-collagen-joint-shots-20-viales\\\/#breadcrumb\"},\"inLanguage\":\"es\",\"potentialAction\":[{\"@type\":\"ReadAction\",\"target\":[\"https:\\\/\\\/nordic-collagen.com\\\/es\\\/producto\\\/nordic-collagen-joint-shots-20-viales\\\/\"]}]},{\"@type\":\"ImageObject\",\"inLanguage\":\"es\",\"@id\":\"https:\\\/\\\/nordic-collagen.com\\\/es\\\/producto\\\/nordic-collagen-joint-shots-20-viales\\\/#primaryimage\",\"url\":\"https:\\\/\\\/nordic-collagen.com\\\/wp-content\\\/uploads\\\/2025\\\/10\\\/4-1.png\",\"contentUrl\":\"https:\\\/\\\/nordic-collagen.com\\\/wp-content\\\/uploads\\\/2025\\\/10\\\/4-1.png\",\"width\":1200,\"height\":1200},{\"@type\":\"BreadcrumbList\",\"@id\":\"https:\\\/\\\/nordic-collagen.com\\\/es\\\/producto\\\/nordic-collagen-joint-shots-20-viales\\\/#breadcrumb\",\"itemListElement\":[{\"@type\":\"ListItem\",\"position\":1,\"name\":\"Inicio\",\"item\":\"https:\\\/\\\/nordic-collagen.com\\\/es\\\/\"},{\"@type\":\"ListItem\",\"position\":2,\"name\":\"Comprar\",\"item\":\"https:\\\/\\\/nordic-collagen.com\\\/shop\\\/\"},{\"@type\":\"ListItem\",\"position\":3,\"name\":\"Nordic collagen joint shots 20 viales\"}]},{\"@type\":\"WebSite\",\"@id\":\"https:\\\/\\\/nordic-collagen.com\\\/es\\\/#website\",\"url\":\"https:\\\/\\\/nordic-collagen.com\\\/es\\\/\",\"name\":\"Nordic Collagen\",\"description\":\"\",\"publisher\":{\"@id\":\"https:\\\/\\\/nordic-collagen.com\\\/es\\\/#organization\"},\"potentialAction\":[{\"@type\":\"SearchAction\",\"target\":{\"@type\":\"EntryPoint\",\"urlTemplate\":\"https:\\\/\\\/nordic-collagen.com\\\/es\\\/?s={search_term_string}\"},\"query-input\":{\"@type\":\"PropertyValueSpecification\",\"valueRequired\":true,\"valueName\":\"search_term_string\"}}],\"inLanguage\":\"es\"},{\"@type\":\"Organization\",\"@id\":\"https:\\\/\\\/nordic-collagen.com\\\/es\\\/#organization\",\"name\":\"Nordic Collagen\",\"url\":\"https:\\\/\\\/nordic-collagen.com\\\/es\\\/\",\"logo\":{\"@type\":\"ImageObject\",\"inLanguage\":\"es\",\"@id\":\"https:\\\/\\\/nordic-collagen.com\\\/es\\\/#\\\/schema\\\/logo\\\/image\\\/\",\"url\":\"https:\\\/\\\/nordic-collagen.com\\\/wp-content\\\/uploads\\\/2025\\\/10\\\/cropped-Nordic-Collagen-logo-01.png\",\"contentUrl\":\"https:\\\/\\\/nordic-collagen.com\\\/wp-content\\\/uploads\\\/2025\\\/10\\\/cropped-Nordic-Collagen-logo-01.png\",\"width\":309,\"height\":118,\"caption\":\"Nordic Collagen\"},\"image\":{\"@id\":\"https:\\\/\\\/nordic-collagen.com\\\/es\\\/#\\\/schema\\\/logo\\\/image\\\/\"}}]}<\/script>\n<!-- \/ Yoast SEO plugin. -->","yoast_head_json":{"title":"Nordic collagen joint shots 20 viales - Nordic Collagen","robots":{"index":"index","follow":"follow","max-snippet":"max-snippet:-1","max-image-preview":"max-image-preview:large","max-video-preview":"max-video-preview:-1"},"canonical":"https:\/\/nordic-collagen.com\/es\/producto\/nordic-collagen-joint-shots-20-viales\/","og_locale":"es_ES","og_type":"article","og_title":"Nordic collagen joint shots 20 viales - Nordic Collagen","og_description":"Joint shots \u2013 Viales de col\u00e1geno l\u00edquido para articulaciones y movilidad F\u00f3rmula de col\u00e1geno de alta concentraci\u00f3n en c\u00f3modos viales de 25 ml Los Swedish Nutra Joint Shots son un suplemento l\u00edquido de acci\u00f3n r\u00e1pida dise\u00f1ado para apoyar la movilidad articular, la flexibilidad, la regeneraci\u00f3n del cart\u00edlago y el confort diario. Cada vial de dosis [&hellip;]","og_url":"https:\/\/nordic-collagen.com\/es\/producto\/nordic-collagen-joint-shots-20-viales\/","og_site_name":"Nordic Collagen","article_modified_time":"2026-01-11T06:30:48+00:00","og_image":[{"width":1200,"height":1200,"url":"https:\/\/nordic-collagen.com\/wp-content\/uploads\/2025\/10\/4-1.png","type":"image\/png"}],"twitter_card":"summary_large_image","twitter_misc":{"Tiempo de lectura":"2 minutos"},"schema":{"@context":"https:\/\/schema.org","@graph":[{"@type":"WebPage","@id":"https:\/\/nordic-collagen.com\/es\/producto\/nordic-collagen-joint-shots-20-viales\/","url":"https:\/\/nordic-collagen.com\/es\/producto\/nordic-collagen-joint-shots-20-viales\/","name":"Nordic collagen joint shots 20 viales - Nordic Collagen","isPartOf":{"@id":"https:\/\/nordic-collagen.com\/es\/#website"},"primaryImageOfPage":{"@id":"https:\/\/nordic-collagen.com\/es\/producto\/nordic-collagen-joint-shots-20-viales\/#primaryimage"},"image":{"@id":"https:\/\/nordic-collagen.com\/es\/producto\/nordic-collagen-joint-shots-20-viales\/#primaryimage"},"thumbnailUrl":"https:\/\/nordic-collagen.com\/wp-content\/uploads\/2025\/10\/4-1.png","datePublished":"2025-10-11T10:50:48+00:00","dateModified":"2026-01-11T06:30:48+00:00","breadcrumb":{"@id":"https:\/\/nordic-collagen.com\/es\/producto\/nordic-collagen-joint-shots-20-viales\/#breadcrumb"},"inLanguage":"es","potentialAction":[{"@type":"ReadAction","target":["https:\/\/nordic-collagen.com\/es\/producto\/nordic-collagen-joint-shots-20-viales\/"]}]},{"@type":"ImageObject","inLanguage":"es","@id":"https:\/\/nordic-collagen.com\/es\/producto\/nordic-collagen-joint-shots-20-viales\/#primaryimage","url":"https:\/\/nordic-collagen.com\/wp-content\/uploads\/2025\/10\/4-1.png","contentUrl":"https:\/\/nordic-collagen.com\/wp-content\/uploads\/2025\/10\/4-1.png","width":1200,"height":1200},{"@type":"BreadcrumbList","@id":"https:\/\/nordic-collagen.com\/es\/producto\/nordic-collagen-joint-shots-20-viales\/#breadcrumb","itemListElement":[{"@type":"ListItem","position":1,"name":"Inicio","item":"https:\/\/nordic-collagen.com\/es\/"},{"@type":"ListItem","position":2,"name":"Comprar","item":"https:\/\/nordic-collagen.com\/shop\/"},{"@type":"ListItem","position":3,"name":"Nordic collagen joint shots 20 viales"}]},{"@type":"WebSite","@id":"https:\/\/nordic-collagen.com\/es\/#website","url":"https:\/\/nordic-collagen.com\/es\/","name":"Nordic Collagen","description":"","publisher":{"@id":"https:\/\/nordic-collagen.com\/es\/#organization"},"potentialAction":[{"@type":"SearchAction","target":{"@type":"EntryPoint","urlTemplate":"https:\/\/nordic-collagen.com\/es\/?s={search_term_string}"},"query-input":{"@type":"PropertyValueSpecification","valueRequired":true,"valueName":"search_term_string"}}],"inLanguage":"es"},{"@type":"Organization","@id":"https:\/\/nordic-collagen.com\/es\/#organization","name":"Nordic Collagen","url":"https:\/\/nordic-collagen.com\/es\/","logo":{"@type":"ImageObject","inLanguage":"es","@id":"https:\/\/nordic-collagen.com\/es\/#\/schema\/logo\/image\/","url":"https:\/\/nordic-collagen.com\/wp-content\/uploads\/2025\/10\/cropped-Nordic-Collagen-logo-01.png","contentUrl":"https:\/\/nordic-collagen.com\/wp-content\/uploads\/2025\/10\/cropped-Nordic-Collagen-logo-01.png","width":309,"height":118,"caption":"Nordic Collagen"},"image":{"@id":"https:\/\/nordic-collagen.com\/es\/#\/schema\/logo\/image\/"}}]}},"_links":{"self":[{"href":"https:\/\/nordic-collagen.com\/es\/wp-json\/wp\/v2\/product\/2165","targetHints":{"allow":["GET"]}}],"collection":[{"href":"https:\/\/nordic-collagen.com\/es\/wp-json\/wp\/v2\/product"}],"about":[{"href":"https:\/\/nordic-collagen.com\/es\/wp-json\/wp\/v2\/types\/product"}],"replies":[{"embeddable":true,"href":"https:\/\/nordic-collagen.com\/es\/wp-json\/wp\/v2\/comments?post=2165"}],"version-history":[{"count":1,"href":"https:\/\/nordic-collagen.com\/es\/wp-json\/wp\/v2\/product\/2165\/revisions"}],"predecessor-version":[{"id":2433,"href":"https:\/\/nordic-collagen.com\/es\/wp-json\/wp\/v2\/product\/2165\/revisions\/2433"}],"wp:featuredmedia":[{"embeddable":true,"href":"https:\/\/nordic-collagen.com\/es\/wp-json\/wp\/v2\/media\/2166"}],"wp:attachment":[{"href":"https:\/\/nordic-collagen.com\/es\/wp-json\/wp\/v2\/media?parent=2165"}],"wp:term":[{"taxonomy":"product_brand","embeddable":true,"href":"https:\/\/nordic-collagen.com\/es\/wp-json\/wp\/v2\/product_brand?post=2165"},{"taxonomy":"product_cat","embeddable":true,"href":"https:\/\/nordic-collagen.com\/es\/wp-json\/wp\/v2\/product_cat?post=2165"},{"taxonomy":"product_tag","embeddable":true,"href":"https:\/\/nordic-collagen.com\/es\/wp-json\/wp\/v2\/product_tag?post=2165"}],"curies":[{"name":"wp","href":"https:\/\/api.w.org\/{rel}","templated":true}]}}