{"id":1886,"date":"2025-10-14T19:05:59","date_gmt":"2025-10-14T19:05:59","guid":{"rendered":"https:\/\/nordic-collagen.com\/product\/collagen-dream-500-ml\/"},"modified":"2026-03-07T18:56:28","modified_gmt":"2026-03-07T18:56:28","slug":"collagen-dream-500-ml","status":"publish","type":"product","link":"https:\/\/nordic-collagen.com\/de\/produkt\/collagen-dream-500-ml\/","title":{"rendered":"Collagen Dream 500 ml"},"content":{"rendered":"<h1 data-start=\"217\" data-end=\"291\"><strong data-start=\"219\" data-end=\"291\">Collagen Dream \u2013 Schlaf- &amp; Hautformel mit 10.000 mg Meereskollagen<\/strong><\/h1>\n<h2 data-start=\"293\" data-end=\"311\"><strong data-start=\"296\" data-end=\"311\">Beschreibung<\/strong><\/h2>\n<p data-start=\"312\" data-end=\"793\"><strong data-start=\"312\" data-end=\"344\">Swedish Nutra Collagen Dream<\/strong> ist eine hochwertige fl\u00fcssige Nacht-Kollagenformel, die entwickelt wurde, um <strong data-start=\"413\" data-end=\"439\">tiefen, erholsamen Schlaf<\/strong>, <strong data-start=\"441\" data-end=\"455\">Entspannung<\/strong> und <strong data-start=\"461\" data-end=\"487\">gesunde, jugendliche Haut<\/strong> zu unterst\u00fctzen.<br data-start=\"488\" data-end=\"491\" \/>Mit <strong data-start=\"496\" data-end=\"536\">10.000 mg hydrolysiertem Meereskollagen<\/strong>, wichtigen schlaff\u00f6rdernden Aminos\u00e4uren <strong data-start=\"571\" data-end=\"600\">L-Tryptophan &amp; L-Theanin<\/strong> und einer beruhigenden botanischen Mischung aus <strong data-start=\"642\" data-end=\"705\">Baldrianwurzel, Lavendel, Passionsblume, Ashwagandha &amp; Hopfen<\/strong> hilft diese Formel Ihrem K\u00f6rper, sich \u00fcber Nacht zu erholen und gleichzeitig Haut, Haare und Gelenke zu n\u00e4hren.<\/p>\n<p data-start=\"795\" data-end=\"999\">Angereichert mit <strong data-start=\"810\" data-end=\"843\">Magnesium, Zink und Vitamin C<\/strong>, hilft Collagen Dream, M\u00fcdigkeit und Ersch\u00f6pfung zu reduzieren, unterst\u00fctzt das Nervensystem, f\u00f6rdert die Muskelentspannung und tr\u00e4gt zur nat\u00fcrlichen Kollagenbildung bei.<\/p>\n<p data-start=\"1001\" data-end=\"1127\">Die <strong data-start=\"1001\" data-end=\"1063\">fl\u00fcssige Form gew\u00e4hrleistet eine \u00fcberlegene Absorption und schnellere Ergebnisse<\/strong>, mit einem k\u00f6stlichen <strong data-start=\"1082\" data-end=\"1107\">nat\u00fcrlichen Beerengeschmack<\/strong> und ohne Zuckerzusatz.<\/p>\n<hr data-start=\"1129\" data-end=\"1132\" \/>\n<h2 data-start=\"1134\" data-end=\"1153\"><strong data-start=\"1137\" data-end=\"1153\">Hauptvorteile<\/strong><\/h2>\n<p data-start=\"1154\" data-end=\"1560\">\u2728 <strong data-start=\"1156\" data-end=\"1205\">Unterst\u00fctzt tiefen, erholsamen Schlaf &amp; Entspannung<\/strong><br data-start=\"1205\" data-end=\"1208\" \/>\u2728 <strong data-start=\"1210\" data-end=\"1260\">Verbessert die Hautelastizit\u00e4t, Hydratation &amp; Festigkeit<\/strong><br data-start=\"1260\" data-end=\"1263\" \/>\u2728 <strong data-start=\"1265\" data-end=\"1325\">Hilft, Stress, Angst und n\u00e4chtliche Unruhe zu reduzieren<\/strong><br data-start=\"1325\" data-end=\"1328\" \/>\u2728 <strong data-start=\"1330\" data-end=\"1361\">Reduziert M\u00fcdigkeit &amp; Ersch\u00f6pfung<\/strong><br data-start=\"1361\" data-end=\"1364\" \/>\u2728 <strong data-start=\"1366\" data-end=\"1407\">Unterst\u00fctzt Muskelentspannung &amp; Erholung<\/strong><br data-start=\"1407\" data-end=\"1410\" \/>\u2728 <strong data-start=\"1412\" data-end=\"1453\">F\u00f6rdert gesunde Haare, N\u00e4gel &amp; Gelenke<\/strong><br data-start=\"1453\" data-end=\"1456\" \/>\u2728 <strong data-start=\"1458\" data-end=\"1514\">Hochabsorbierende fl\u00fcssige Formel \u2013 schonend f\u00fcr die Verdauung<\/strong><br data-start=\"1514\" data-end=\"1517\" \/>\u2728 <strong data-start=\"1519\" data-end=\"1560\">Zuckerfrei, laktosefrei, glutenfrei<\/strong><\/p>\n<hr data-start=\"1562\" data-end=\"1565\" \/>\n<h2 data-start=\"1567\" data-end=\"1588\"><strong data-start=\"1570\" data-end=\"1588\">F\u00fcr wen ist es geeignet?<\/strong><\/h2>\n<p data-start=\"1589\" data-end=\"1621\">Perfekt f\u00fcr Erwachsene mit:<\/p>\n<ul data-start=\"1622\" data-end=\"1841\">\n<li data-start=\"1622\" data-end=\"1664\">\n<p data-start=\"1624\" data-end=\"1664\">Schlafst\u00f6rungen oder Durchschlafproblemen<\/p>\n<\/li>\n<li data-start=\"1665\" data-end=\"1709\">\n<p data-start=\"1667\" data-end=\"1709\">N\u00e4chtliche Angstzust\u00e4nde, Stress oder Gr\u00fcbeln<\/p>\n<\/li>\n<li data-start=\"1710\" data-end=\"1752\">\n<p data-start=\"1712\" data-end=\"1752\">Trockene, stumpfe oder sichtbar alternde Haut<\/p>\n<\/li>\n<li data-start=\"1753\" data-end=\"1798\">\n<p data-start=\"1755\" data-end=\"1798\">Muskelerm\u00fcdung, n\u00e4chtliche Kr\u00e4mpfe oder Verspannungen<\/p>\n<\/li>\n<li data-start=\"1799\" data-end=\"1841\">\n<p data-start=\"1801\" data-end=\"1841\">Gesch\u00e4ftiger Lebensstil, unregelm\u00e4\u00dfiger Schlafrhythmus<\/p>\n<\/li>\n<\/ul>\n<hr data-start=\"1843\" data-end=\"1846\" \/>\n<h2 data-start=\"1848\" data-end=\"1896\"><strong data-start=\"1851\" data-end=\"1896\">Wirkstoffe (pro 25 ml Tagesdosis)<\/strong><\/h2>\n<ul data-start=\"1897\" data-end=\"2316\">\n<li data-start=\"1897\" data-end=\"1958\">\n<p data-start=\"1899\" data-end=\"1958\"><strong data-start=\"1899\" data-end=\"1944\">Hydrolysiertes Meereskollagen (Typ I &amp; III)<\/strong> \u2013 10.000 mg<\/p>\n<\/li>\n<li data-start=\"1959\" data-end=\"1988\">\n<p data-start=\"1961\" data-end=\"1988\"><strong data-start=\"1961\" data-end=\"1977\">L-Tryptophan<\/strong> \u2013 500 mg<\/p>\n<\/li>\n<li data-start=\"1989\" data-end=\"2016\">\n<p data-start=\"1991\" data-end=\"2016\"><strong data-start=\"1991\" data-end=\"2005\">L-Theanin<\/strong> \u2013 200 mg<\/p>\n<\/li>\n<li data-start=\"2017\" data-end=\"2053\">\n<p data-start=\"2019\" data-end=\"2053\"><strong data-start=\"2019\" data-end=\"2032\">Magnesium<\/strong> \u2013 150 mg (40 % NRV)<\/p>\n<\/li>\n<li data-start=\"2054\" data-end=\"2085\">\n<p data-start=\"2056\" data-end=\"2085\"><strong data-start=\"2056\" data-end=\"2064\">Zink<\/strong> \u2013 10 mg (100 % NRV)<\/p>\n<\/li>\n<li data-start=\"2086\" data-end=\"2122\">\n<p data-start=\"2088\" data-end=\"2122\"><strong data-start=\"2088\" data-end=\"2101\">Vitamin C<\/strong> \u2013 80 mg (100 % NRV)<\/p>\n<\/li>\n<li data-start=\"2123\" data-end=\"2150\">\n<p data-start=\"2125\" data-end=\"2150\"><strong data-start=\"2125\" data-end=\"2140\">Ashwagandha<\/strong> \u2013 50 mg<\/p>\n<\/li>\n<li data-start=\"2151\" data-end=\"2181\">\n<p data-start=\"2153\" data-end=\"2181\"><strong data-start=\"2153\" data-end=\"2170\">Baldrianwurzel<\/strong> \u2013 100 mg<\/p>\n<\/li>\n<li data-start=\"2182\" data-end=\"2206\">\n<p data-start=\"2184\" data-end=\"2206\"><strong data-start=\"2184\" data-end=\"2196\">Lavendel<\/strong> \u2013 50 mg<\/p>\n<\/li>\n<li data-start=\"2207\" data-end=\"2245\">\n<p data-start=\"2209\" data-end=\"2245\"><strong data-start=\"2209\" data-end=\"2235\">Hopfen (Humulus Lupulus)<\/strong> \u2013 50 mg<\/p>\n<\/li>\n<li data-start=\"2246\" data-end=\"2284\">\n<p data-start=\"2248\" data-end=\"2284\"><strong data-start=\"2248\" data-end=\"2274\">Passionsblumenextrakt<\/strong> \u2013 25 mg<\/p>\n<\/li>\n<li data-start=\"2285\" data-end=\"2316\">\n<p data-start=\"2287\" data-end=\"2316\"><strong data-start=\"2287\" data-end=\"2306\">Hyalurons\u00e4ure<\/strong> \u2013 50 mg<\/p>\n<\/li>\n<\/ul>\n<p data-start=\"2318\" data-end=\"2389\"><strong data-start=\"2318\" data-end=\"2389\">Nat\u00fcrlicher Beerengeschmack \u2022 100 % nat\u00fcrliche Farbe \u2022 Ges\u00fc\u00dft mit Stevia<\/strong><\/p>\n<hr data-start=\"2391\" data-end=\"2394\" \/>\n<h2 data-start=\"2396\" data-end=\"2413\"><strong data-start=\"2399\" data-end=\"2413\">Anwendung<\/strong><\/h2>\n<p data-start=\"2414\" data-end=\"2561\">Nehmen Sie <strong data-start=\"2419\" data-end=\"2439\">25 ml einmal t\u00e4glich<\/strong>, abends 30\u201360 Minuten vor dem Schlafengehen ein.<br data-start=\"2483\" data-end=\"2486\" \/>Vor Gebrauch gut sch\u00fctteln.<br data-start=\"2508\" data-end=\"2511\" \/>Nach dem \u00d6ffnen k\u00fchl lagern und innerhalb von 2 Monaten verbrauchen.<\/p>\n<hr data-start=\"2563\" data-end=\"2566\" \/>\n<h2 data-start=\"2568\" data-end=\"2604\"><strong data-start=\"2571\" data-end=\"2604\">Allergen- &amp; Sicherheitsinformationen<\/strong><\/h2>\n<p data-start=\"2605\" data-end=\"2823\">Enth\u00e4lt <strong data-start=\"2614\" data-end=\"2622\">Fisch<\/strong>.<br data-start=\"2623\" data-end=\"2626\" \/>Zuckerfrei, glutenfrei, sojafrei, laktosefrei, non-GMO.<br data-start=\"2683\" data-end=\"2686\" \/>Nahrungserg\u00e4nzungsmittel sollten keine ausgewogene Ern\u00e4hrung ersetzen.<br data-start=\"2738\" data-end=\"2741\" \/>Wenn Sie schwanger sind, stillen oder Medikamente einnehmen, konsultieren Sie Ihren Arzt.<\/p>\n<hr data-start=\"2825\" data-end=\"2828\" \/>\n<h2 data-start=\"2830\" data-end=\"2846\"><strong data-start=\"2833\" data-end=\"2846\">Verpackung<\/strong><\/h2>\n<p data-start=\"2847\" data-end=\"2954\">\ud83d\udce6 500 ml Flasche = <strong data-start=\"2866\" data-end=\"2883\">20-Tage-Vorrat<\/strong><br data-start=\"2883\" data-end=\"2886\" \/>\ud83c\uddf8\ud83c\uddea Hergestellt in Schweden | HACCP- &amp; GMP-zertifiziert | 100 % recycelbare Flasche<\/p>\n","protected":false},"excerpt":{"rendered":"<p data-start=\"3024\" data-end=\"3105\"><strong data-start=\"3024\" data-end=\"3105\">Tiefer Schlaf &amp; Hauterneuerung \u2022 10.000 mg Meereskollagen \u2022 Nat\u00fcrlicher Beerengeschmack<\/strong><\/p>\n","protected":false},"featured_media":1888,"comment_status":"open","ping_status":"closed","template":"","meta":[],"product_brand":[],"product_cat":[68],"product_tag":[],"class_list":{"0":"post-1886","1":"product","2":"type-product","3":"status-publish","4":"has-post-thumbnail","6":"product_cat-kollagen","8":"first","9":"instock","10":"sale","11":"shipping-taxable","12":"purchasable","13":"product-type-simple"},"yoast_head":"<!-- This site is optimized with the Yoast SEO plugin v27.4 - https:\/\/yoast.com\/product\/yoast-seo-wordpress\/ -->\n<title>Collagen Dream 500 ml - Nordic Collagen<\/title>\n<meta name=\"robots\" content=\"index, follow, max-snippet:-1, max-image-preview:large, max-video-preview:-1\" \/>\n<link rel=\"canonical\" href=\"https:\/\/nordic-collagen.com\/de\/produkt\/collagen-dream-500-ml\/\" \/>\n<meta property=\"og:locale\" content=\"de_DE\" \/>\n<meta property=\"og:type\" content=\"article\" \/>\n<meta property=\"og:title\" content=\"Collagen Dream 500 ml - Nordic Collagen\" \/>\n<meta property=\"og:description\" content=\"Tiefer Schlaf &amp; Hauterneuerung \u2022 10.000 mg Meereskollagen \u2022 Nat\u00fcrlicher Beerengeschmack\" \/>\n<meta property=\"og:url\" content=\"https:\/\/nordic-collagen.com\/de\/produkt\/collagen-dream-500-ml\/\" \/>\n<meta property=\"og:site_name\" content=\"Nordic Collagen\" \/>\n<meta property=\"article:modified_time\" content=\"2026-03-07T18:56:28+00:00\" \/>\n<meta property=\"og:image\" content=\"https:\/\/nordic-collagen.com\/wp-content\/uploads\/2025\/10\/SwedishNutra-CollagenDream1-ezgif.com-optipng-1.png\" \/>\n\t<meta property=\"og:image:width\" content=\"1200\" \/>\n\t<meta property=\"og:image:height\" content=\"1200\" \/>\n\t<meta property=\"og:image:type\" content=\"image\/png\" \/>\n<meta name=\"twitter:card\" content=\"summary_large_image\" \/>\n<meta name=\"twitter:label1\" content=\"Gesch\u00e4tzte Lesezeit\" \/>\n\t<meta name=\"twitter:data1\" content=\"2 Minuten\" \/>\n<script type=\"application\/ld+json\" class=\"yoast-schema-graph\">{\"@context\":\"https:\\\/\\\/schema.org\",\"@graph\":[{\"@type\":\"WebPage\",\"@id\":\"https:\\\/\\\/nordic-collagen.com\\\/de\\\/produkt\\\/collagen-dream-500-ml\\\/\",\"url\":\"https:\\\/\\\/nordic-collagen.com\\\/de\\\/produkt\\\/collagen-dream-500-ml\\\/\",\"name\":\"Collagen Dream 500 ml - Nordic Collagen\",\"isPartOf\":{\"@id\":\"https:\\\/\\\/nordic-collagen.com\\\/de\\\/#website\"},\"primaryImageOfPage\":{\"@id\":\"https:\\\/\\\/nordic-collagen.com\\\/de\\\/produkt\\\/collagen-dream-500-ml\\\/#primaryimage\"},\"image\":{\"@id\":\"https:\\\/\\\/nordic-collagen.com\\\/de\\\/produkt\\\/collagen-dream-500-ml\\\/#primaryimage\"},\"thumbnailUrl\":\"https:\\\/\\\/nordic-collagen.com\\\/wp-content\\\/uploads\\\/2025\\\/10\\\/SwedishNutra-CollagenDream1-ezgif.com-optipng-1.png\",\"datePublished\":\"2025-10-14T19:05:59+00:00\",\"dateModified\":\"2026-03-07T18:56:28+00:00\",\"breadcrumb\":{\"@id\":\"https:\\\/\\\/nordic-collagen.com\\\/de\\\/produkt\\\/collagen-dream-500-ml\\\/#breadcrumb\"},\"inLanguage\":\"de\",\"potentialAction\":[{\"@type\":\"ReadAction\",\"target\":[\"https:\\\/\\\/nordic-collagen.com\\\/de\\\/produkt\\\/collagen-dream-500-ml\\\/\"]}]},{\"@type\":\"ImageObject\",\"inLanguage\":\"de\",\"@id\":\"https:\\\/\\\/nordic-collagen.com\\\/de\\\/produkt\\\/collagen-dream-500-ml\\\/#primaryimage\",\"url\":\"https:\\\/\\\/nordic-collagen.com\\\/wp-content\\\/uploads\\\/2025\\\/10\\\/SwedishNutra-CollagenDream1-ezgif.com-optipng-1.png\",\"contentUrl\":\"https:\\\/\\\/nordic-collagen.com\\\/wp-content\\\/uploads\\\/2025\\\/10\\\/SwedishNutra-CollagenDream1-ezgif.com-optipng-1.png\",\"width\":1200,\"height\":1200},{\"@type\":\"BreadcrumbList\",\"@id\":\"https:\\\/\\\/nordic-collagen.com\\\/de\\\/produkt\\\/collagen-dream-500-ml\\\/#breadcrumb\",\"itemListElement\":[{\"@type\":\"ListItem\",\"position\":1,\"name\":\"Startseite\",\"item\":\"https:\\\/\\\/nordic-collagen.com\\\/de\\\/\"},{\"@type\":\"ListItem\",\"position\":2,\"name\":\"Shop\",\"item\":\"https:\\\/\\\/nordic-collagen.com\\\/de\\\/shop\\\/\"},{\"@type\":\"ListItem\",\"position\":3,\"name\":\"Collagen Dream 500 ml\"}]},{\"@type\":\"WebSite\",\"@id\":\"https:\\\/\\\/nordic-collagen.com\\\/de\\\/#website\",\"url\":\"https:\\\/\\\/nordic-collagen.com\\\/de\\\/\",\"name\":\"Nordic Collagen\",\"description\":\"\",\"publisher\":{\"@id\":\"https:\\\/\\\/nordic-collagen.com\\\/de\\\/#organization\"},\"potentialAction\":[{\"@type\":\"SearchAction\",\"target\":{\"@type\":\"EntryPoint\",\"urlTemplate\":\"https:\\\/\\\/nordic-collagen.com\\\/de\\\/?s={search_term_string}\"},\"query-input\":{\"@type\":\"PropertyValueSpecification\",\"valueRequired\":true,\"valueName\":\"search_term_string\"}}],\"inLanguage\":\"de\"},{\"@type\":\"Organization\",\"@id\":\"https:\\\/\\\/nordic-collagen.com\\\/de\\\/#organization\",\"name\":\"Nordic Collagen\",\"url\":\"https:\\\/\\\/nordic-collagen.com\\\/de\\\/\",\"logo\":{\"@type\":\"ImageObject\",\"inLanguage\":\"de\",\"@id\":\"https:\\\/\\\/nordic-collagen.com\\\/de\\\/#\\\/schema\\\/logo\\\/image\\\/\",\"url\":\"https:\\\/\\\/nordic-collagen.com\\\/wp-content\\\/uploads\\\/2025\\\/10\\\/cropped-Nordic-Collagen-logo-01.png\",\"contentUrl\":\"https:\\\/\\\/nordic-collagen.com\\\/wp-content\\\/uploads\\\/2025\\\/10\\\/cropped-Nordic-Collagen-logo-01.png\",\"width\":309,\"height\":118,\"caption\":\"Nordic Collagen\"},\"image\":{\"@id\":\"https:\\\/\\\/nordic-collagen.com\\\/de\\\/#\\\/schema\\\/logo\\\/image\\\/\"}}]}<\/script>\n<!-- \/ Yoast SEO plugin. -->","yoast_head_json":{"title":"Collagen Dream 500 ml - Nordic Collagen","robots":{"index":"index","follow":"follow","max-snippet":"max-snippet:-1","max-image-preview":"max-image-preview:large","max-video-preview":"max-video-preview:-1"},"canonical":"https:\/\/nordic-collagen.com\/de\/produkt\/collagen-dream-500-ml\/","og_locale":"de_DE","og_type":"article","og_title":"Collagen Dream 500 ml - Nordic Collagen","og_description":"Tiefer Schlaf &amp; Hauterneuerung \u2022 10.000 mg Meereskollagen \u2022 Nat\u00fcrlicher Beerengeschmack","og_url":"https:\/\/nordic-collagen.com\/de\/produkt\/collagen-dream-500-ml\/","og_site_name":"Nordic Collagen","article_modified_time":"2026-03-07T18:56:28+00:00","og_image":[{"width":1200,"height":1200,"url":"https:\/\/nordic-collagen.com\/wp-content\/uploads\/2025\/10\/SwedishNutra-CollagenDream1-ezgif.com-optipng-1.png","type":"image\/png"}],"twitter_card":"summary_large_image","twitter_misc":{"Gesch\u00e4tzte Lesezeit":"2 Minuten"},"schema":{"@context":"https:\/\/schema.org","@graph":[{"@type":"WebPage","@id":"https:\/\/nordic-collagen.com\/de\/produkt\/collagen-dream-500-ml\/","url":"https:\/\/nordic-collagen.com\/de\/produkt\/collagen-dream-500-ml\/","name":"Collagen Dream 500 ml - Nordic Collagen","isPartOf":{"@id":"https:\/\/nordic-collagen.com\/de\/#website"},"primaryImageOfPage":{"@id":"https:\/\/nordic-collagen.com\/de\/produkt\/collagen-dream-500-ml\/#primaryimage"},"image":{"@id":"https:\/\/nordic-collagen.com\/de\/produkt\/collagen-dream-500-ml\/#primaryimage"},"thumbnailUrl":"https:\/\/nordic-collagen.com\/wp-content\/uploads\/2025\/10\/SwedishNutra-CollagenDream1-ezgif.com-optipng-1.png","datePublished":"2025-10-14T19:05:59+00:00","dateModified":"2026-03-07T18:56:28+00:00","breadcrumb":{"@id":"https:\/\/nordic-collagen.com\/de\/produkt\/collagen-dream-500-ml\/#breadcrumb"},"inLanguage":"de","potentialAction":[{"@type":"ReadAction","target":["https:\/\/nordic-collagen.com\/de\/produkt\/collagen-dream-500-ml\/"]}]},{"@type":"ImageObject","inLanguage":"de","@id":"https:\/\/nordic-collagen.com\/de\/produkt\/collagen-dream-500-ml\/#primaryimage","url":"https:\/\/nordic-collagen.com\/wp-content\/uploads\/2025\/10\/SwedishNutra-CollagenDream1-ezgif.com-optipng-1.png","contentUrl":"https:\/\/nordic-collagen.com\/wp-content\/uploads\/2025\/10\/SwedishNutra-CollagenDream1-ezgif.com-optipng-1.png","width":1200,"height":1200},{"@type":"BreadcrumbList","@id":"https:\/\/nordic-collagen.com\/de\/produkt\/collagen-dream-500-ml\/#breadcrumb","itemListElement":[{"@type":"ListItem","position":1,"name":"Startseite","item":"https:\/\/nordic-collagen.com\/de\/"},{"@type":"ListItem","position":2,"name":"Shop","item":"https:\/\/nordic-collagen.com\/de\/shop\/"},{"@type":"ListItem","position":3,"name":"Collagen Dream 500 ml"}]},{"@type":"WebSite","@id":"https:\/\/nordic-collagen.com\/de\/#website","url":"https:\/\/nordic-collagen.com\/de\/","name":"Nordic Collagen","description":"","publisher":{"@id":"https:\/\/nordic-collagen.com\/de\/#organization"},"potentialAction":[{"@type":"SearchAction","target":{"@type":"EntryPoint","urlTemplate":"https:\/\/nordic-collagen.com\/de\/?s={search_term_string}"},"query-input":{"@type":"PropertyValueSpecification","valueRequired":true,"valueName":"search_term_string"}}],"inLanguage":"de"},{"@type":"Organization","@id":"https:\/\/nordic-collagen.com\/de\/#organization","name":"Nordic Collagen","url":"https:\/\/nordic-collagen.com\/de\/","logo":{"@type":"ImageObject","inLanguage":"de","@id":"https:\/\/nordic-collagen.com\/de\/#\/schema\/logo\/image\/","url":"https:\/\/nordic-collagen.com\/wp-content\/uploads\/2025\/10\/cropped-Nordic-Collagen-logo-01.png","contentUrl":"https:\/\/nordic-collagen.com\/wp-content\/uploads\/2025\/10\/cropped-Nordic-Collagen-logo-01.png","width":309,"height":118,"caption":"Nordic Collagen"},"image":{"@id":"https:\/\/nordic-collagen.com\/de\/#\/schema\/logo\/image\/"}}]}},"_links":{"self":[{"href":"https:\/\/nordic-collagen.com\/de\/wp-json\/wp\/v2\/product\/1886","targetHints":{"allow":["GET"]}}],"collection":[{"href":"https:\/\/nordic-collagen.com\/de\/wp-json\/wp\/v2\/product"}],"about":[{"href":"https:\/\/nordic-collagen.com\/de\/wp-json\/wp\/v2\/types\/product"}],"replies":[{"embeddable":true,"href":"https:\/\/nordic-collagen.com\/de\/wp-json\/wp\/v2\/comments?post=1886"}],"version-history":[{"count":2,"href":"https:\/\/nordic-collagen.com\/de\/wp-json\/wp\/v2\/product\/1886\/revisions"}],"predecessor-version":[{"id":3364,"href":"https:\/\/nordic-collagen.com\/de\/wp-json\/wp\/v2\/product\/1886\/revisions\/3364"}],"wp:featuredmedia":[{"embeddable":true,"href":"https:\/\/nordic-collagen.com\/de\/wp-json\/wp\/v2\/media\/1888"}],"wp:attachment":[{"href":"https:\/\/nordic-collagen.com\/de\/wp-json\/wp\/v2\/media?parent=1886"}],"wp:term":[{"taxonomy":"product_brand","embeddable":true,"href":"https:\/\/nordic-collagen.com\/de\/wp-json\/wp\/v2\/product_brand?post=1886"},{"taxonomy":"product_cat","embeddable":true,"href":"https:\/\/nordic-collagen.com\/de\/wp-json\/wp\/v2\/product_cat?post=1886"},{"taxonomy":"product_tag","embeddable":true,"href":"https:\/\/nordic-collagen.com\/de\/wp-json\/wp\/v2\/product_tag?post=1886"}],"curies":[{"name":"wp","href":"https:\/\/api.w.org\/{rel}","templated":true}]}}