{"id":1772,"date":"2025-10-11T10:50:48","date_gmt":"2025-10-11T10:50:48","guid":{"rendered":"https:\/\/nordic-collagen.com\/product\/nordic-collagen-joint-shots-20-stueck\/"},"modified":"2026-01-11T06:30:50","modified_gmt":"2026-01-11T06:30:50","slug":"nordic-collagen-joint-shots-20-stueck","status":"publish","type":"product","link":"https:\/\/nordic-collagen.com\/de\/produkt\/nordic-collagen-joint-shots-20-stueck\/","title":{"rendered":"Nordic Collagen Joint Shots 20 St\u00fcck"},"content":{"rendered":"<h1 data-start=\"231\" data-end=\"294\"><strong data-start=\"233\" data-end=\"294\">Joint Shots \u2013 Fl\u00fcssige Kollagen-Shots f\u00fcr Gelenke &amp; Beweglichkeit<\/strong><\/h1>\n<h2 data-start=\"295\" data-end=\"358\"><strong data-start=\"298\" data-end=\"358\">Hochdosierte Kollagenformel in praktischen 25-ml-Fl\u00e4schchen<\/strong><\/h2>\n<p data-start=\"360\" data-end=\"798\">Die <strong data-start=\"360\" data-end=\"389\">Swedish Nutra Joint Shots<\/strong> sind ein schnell wirkendes fl\u00fcssiges Nahrungserg\u00e4nzungsmittel zur Unterst\u00fctzung von <strong data-start=\"446\" data-end=\"519\">Gelenkbeweglichkeit, Flexibilit\u00e4t, Knorpelregeneration und t\u00e4glichem Komfort<\/strong>.<br data-start=\"520\" data-end=\"523\">Jedes Einzeldosis-Fl\u00e4schchen enth\u00e4lt <strong data-start=\"554\" data-end=\"594\">10.000 mg hydrolysiertes Meereskollagen<\/strong> sowie eine <strong data-start=\"602\" data-end=\"625\">Gelenkunterst\u00fctzungs-Mischung<\/strong> mit <strong data-start=\"631\" data-end=\"703\">MSM, Glucosamin, Chondroitin, Vitamin C, Vitamin D3 und Vitamin B12<\/strong>, zusammen mit <strong data-start=\"716\" data-end=\"750\">Kurkuma- und Gr\u00fcntee-Extrakt<\/strong> f\u00fcr antioxidative und entz\u00fcndungshemmende Vorteile.<\/p>\n<p data-start=\"800\" data-end=\"906\">Perfekt f\u00fcr aktive Menschen, Sportler, Senioren und alle, die unter Gelenksteifigkeit oder eingeschr\u00e4nkter Beweglichkeit leiden.<\/p>\n<p data-start=\"908\" data-end=\"955\">Erh\u00e4ltlich in <strong data-start=\"921\" data-end=\"954\">Packungen f\u00fcr 20 oder 30 Tage<\/strong>.<\/p>\n<hr data-start=\"957\" data-end=\"960\">\n<h2 data-start=\"962\" data-end=\"981\"><strong data-start=\"965\" data-end=\"981\">Hauptvorteile<\/strong><\/h2>\n<p data-start=\"982\" data-end=\"1480\">\u2714  <strong data-start=\"984\" data-end=\"1026\">10.000 mg hydrolysiertes Kollagen pro Shot<\/strong><br data-start=\"1026\" data-end=\"1029\">\u2714  <strong data-start=\"1031\" data-end=\"1072\">3 Kollagentypen: Typ I, II &amp; III<\/strong><br data-start=\"1072\" data-end=\"1075\">\u2714  <strong data-start=\"1077\" data-end=\"1126\">Unterst\u00fctzt die Knorpelreparatur &amp; Gelenkschmierung<\/strong><br data-start=\"1126\" data-end=\"1129\">\u2714  <strong data-start=\"1131\" data-end=\"1177\">Reduziert Steifheit &amp; verbessert die Beweglichkeit<\/strong><br data-start=\"1177\" data-end=\"1180\">\u2714  <strong data-start=\"1182\" data-end=\"1221\">Mit MSM, Glucosamin &amp; Chondroitin<\/strong><br data-start=\"1221\" data-end=\"1224\">\u2714  <strong data-start=\"1226\" data-end=\"1270\">Vitamin C f\u00fcr die nat\u00fcrliche Kollagenbildung<\/strong><br data-start=\"1270\" data-end=\"1273\">\u2714  <strong data-start=\"1275\" data-end=\"1309\">Vitamin D3 f\u00fcr Knochen &amp; Muskeln<\/strong><br data-start=\"1309\" data-end=\"1312\">\u2714  <strong data-start=\"1314\" data-end=\"1363\">Vitamin B12 f\u00fcr Energie &amp; zur Reduzierung von M\u00fcdigkeit<\/strong><br data-start=\"1363\" data-end=\"1366\">\u2714  <strong data-start=\"1368\" data-end=\"1421\">Kurkuma &amp; Gr\u00fcntee f\u00fcr entz\u00fcndungshemmende Wirkung<\/strong><br data-start=\"1421\" data-end=\"1424\">\u2714  <strong data-start=\"1426\" data-end=\"1457\">Trinkfertige Fl\u00fcssig-Shots<\/strong> \u2014 kein Mischen erforderlich<\/p>\n<hr data-start=\"1482\" data-end=\"1485\">\n<h2 data-start=\"1487\" data-end=\"1508\"><strong data-start=\"1490\" data-end=\"1508\">F\u00fcr wen ist es geeignet?<\/strong><\/h2>\n<p data-start=\"1509\" data-end=\"1519\">Ideal f\u00fcr:<\/p>\n<ul data-start=\"1520\" data-end=\"1776\">\n<li data-start=\"1520\" data-end=\"1575\">\n<p data-start=\"1522\" data-end=\"1575\">Personen mit <strong data-start=\"1534\" data-end=\"1575\">Gelenkschmerzen, Entz\u00fcndungen oder Steifheit<\/strong><\/p>\n<\/li>\n<li data-start=\"1576\" data-end=\"1622\">\n<p data-start=\"1578\" data-end=\"1622\"><strong data-start=\"1578\" data-end=\"1590\">Sportler<\/strong> &amp; k\u00f6rperlich aktive Personen<\/p>\n<\/li>\n<li data-start=\"1623\" data-end=\"1677\">\n<p data-start=\"1625\" data-end=\"1677\"><strong data-start=\"1625\" data-end=\"1636\">Senioren<\/strong> zur Unterst\u00fctzung der Beweglichkeit und Knorpelgesundheit<\/p>\n<\/li>\n<li data-start=\"1678\" data-end=\"1734\">\n<p data-start=\"1680\" data-end=\"1734\">Personen, die sich von <strong data-start=\"1702\" data-end=\"1734\">Verletzungen oder intensivem Training<\/strong> erholen<\/p>\n<\/li>\n<li data-start=\"1735\" data-end=\"1776\">\n<p data-start=\"1737\" data-end=\"1776\">Personen mit <strong data-start=\"1749\" data-end=\"1776\">Verschlei\u00dfknorpel<\/strong><\/p>\n<\/li>\n<\/ul>\n<hr data-start=\"1778\" data-end=\"1781\">\n<h2 data-start=\"1783\" data-end=\"1825\"><strong data-start=\"1786\" data-end=\"1825\">Wirkstoffe (pro 25-ml-Fl\u00e4schchen)<\/strong><\/h2>\n<h3 data-start=\"1826\" data-end=\"1866\"><strong data-start=\"1830\" data-end=\"1866\">Gelenk-Kollagen-Mischung \u2013 10.750 mg<\/strong><\/h3>\n<ul data-start=\"1867\" data-end=\"2010\">\n<li data-start=\"1867\" data-end=\"1921\">\n<p data-start=\"1869\" data-end=\"1921\">Hydrolysiertes Kollagen Typ I, II &amp; III \u2013 <strong data-start=\"1908\" data-end=\"1921\">10.000 mg<\/strong><\/p>\n<\/li>\n<li data-start=\"1922\" data-end=\"1940\">\n<p data-start=\"1924\" data-end=\"1940\">MSM \u2013 <strong data-start=\"1930\" data-end=\"1940\">250 mg<\/strong><\/p>\n<\/li>\n<li data-start=\"1941\" data-end=\"1975\">\n<p data-start=\"1943\" data-end=\"1975\">Glucosaminsulfat \u2013 <strong data-start=\"1965\" data-end=\"1975\">250 mg<\/strong><\/p>\n<\/li>\n<li data-start=\"1976\" data-end=\"2010\">\n<p data-start=\"1978\" data-end=\"2010\">Chondroitinsulfat \u2013 <strong data-start=\"2000\" data-end=\"2010\">250 mg<\/strong><\/p>\n<\/li>\n<\/ul>\n<h3 data-start=\"2012\" data-end=\"2046\"><strong data-start=\"2016\" data-end=\"2046\">Vitamine &amp; Kr\u00e4uterextrakte<\/strong><\/h3>\n<ul data-start=\"2047\" data-end=\"2222\">\n<li data-start=\"2047\" data-end=\"2082\">\n<p data-start=\"2049\" data-end=\"2082\">Vitamin C \u2013 <strong data-start=\"2061\" data-end=\"2071\">120 mg<\/strong> (150 % NRV)<\/p>\n<\/li>\n<li data-start=\"2083\" data-end=\"2120\">\n<p data-start=\"2085\" data-end=\"2120\">Vitamin B12 \u2013 <strong data-start=\"2099\" data-end=\"2108\">50 \u03bcg<\/strong> (2000 % NRV)<\/p>\n<\/li>\n<li data-start=\"2121\" data-end=\"2157\">\n<p data-start=\"2123\" data-end=\"2157\">Vitamin D3 \u2013 <strong data-start=\"2136\" data-end=\"2145\">50 \u03bcg<\/strong> (1000 % NRV)<\/p>\n<\/li>\n<li data-start=\"2158\" data-end=\"2189\">\n<p data-start=\"2160\" data-end=\"2189\">Kurkuma-Extrakt \u2013 <strong data-start=\"2179\" data-end=\"2189\">200 mg<\/strong><\/p>\n<\/li>\n<li data-start=\"2190\" data-end=\"2222\">\n<p data-start=\"2192\" data-end=\"2222\">Gr\u00fcntee-Extrakt \u2013 <strong data-start=\"2212\" data-end=\"2222\">100 mg<\/strong><\/p>\n<\/li>\n<\/ul>\n<hr data-start=\"2224\" data-end=\"2227\">\n<h2 data-start=\"2229\" data-end=\"2246\"><strong data-start=\"2232\" data-end=\"2246\">Anwendung<\/strong><\/h2>\n<p data-start=\"2247\" data-end=\"2391\">Trinken Sie <strong data-start=\"2253\" data-end=\"2277\">t\u00e4glich ein 25-ml-Fl\u00e4schchen<\/strong>.<br data-start=\"2278\" data-end=\"2281\">Verwenden Sie es direkt aus dem Fl\u00e4schchen oder mischen Sie es mit Wasser oder Saft.<br data-start=\"2335\" data-end=\"2338\">F\u00fcr beste Ergebnisse regelm\u00e4\u00dfig \u00fcber <strong data-start=\"2377\" data-end=\"2390\">2\u20134 Wochen<\/strong> anwenden.<\/p>\n<p data-start=\"2393\" data-end=\"2481\">An einem k\u00fchlen Ort lagern. Vor direkter Sonneneinstrahlung sch\u00fctzen.<br data-start=\"2444\" data-end=\"2447\">Au\u00dferhalb der Reichweite von Kindern aufbewahren. <\/p>\n<hr data-start=\"2483\" data-end=\"2486\">\n<h2 data-start=\"2488\" data-end=\"2524\"><strong data-start=\"2491\" data-end=\"2524\">Allergen- &amp; Sicherheitsinformationen<\/strong><\/h2>\n<ul data-start=\"2525\" data-end=\"2654\">\n<li data-start=\"2525\" data-end=\"2558\">\n<p data-start=\"2527\" data-end=\"2558\">Enth\u00e4lt <strong data-start=\"2536\" data-end=\"2558\">Kollagen aus Fisch<\/strong><\/p>\n<\/li>\n<li data-start=\"2559\" data-end=\"2603\">\n<p data-start=\"2561\" data-end=\"2603\">Enth\u00e4lt <strong data-start=\"2570\" data-end=\"2603\">S\u00fc\u00dfstoffe (Sucralose, Ace-K)<\/strong><\/p>\n<\/li>\n<li data-start=\"2604\" data-end=\"2654\">\n<p data-start=\"2606\" data-end=\"2654\">Frei von Zucker, Gluten, Soja, Eiern, N\u00fcssen &amp; Milchprodukten<\/p>\n<\/li>\n<\/ul>\n<p data-start=\"2656\" data-end=\"2785\">Nahrungserg\u00e4nzungsmittel sollten keine abwechslungsreiche Ern\u00e4hrung ersetzen.<br data-start=\"2706\" data-end=\"2709\">Konsultieren Sie Ihren Arzt w\u00e4hrend der Schwangerschaft, Stillzeit oder bei Einnahme von Medikamenten.<\/p>\n<hr data-start=\"2787\" data-end=\"2790\">\n<h2 data-start=\"2792\" data-end=\"2808\"><strong data-start=\"2795\" data-end=\"2808\">Verpackung<\/strong><\/h2>\n<p data-start=\"2809\" data-end=\"2925\">\ud83d\udce6 Erh\u00e4ltlich im <strong data-start=\"2825\" data-end=\"2836\">20er-Pack<\/strong><br data-start=\"2851\" data-end=\"2854\">Geschmack: <strong data-start=\"2863\" data-end=\"2880\">Nat\u00fcrliche Beere<\/strong><br data-start=\"2880\" data-end=\"2883\">Hergestellt in <strong data-start=\"2891\" data-end=\"2901\">Schweden<\/strong> \u2013 HACCP- &amp; GMP-zertifiziert<\/p>\n","protected":false},"excerpt":{"rendered":"<p>Joint Shots \u2013 Fl\u00fcssige Kollagen-Shots f\u00fcr Gelenke &amp; Beweglichkeit Hochdosierte Kollagenformel in praktischen 25-ml-Fl\u00e4schchen Die Swedish Nutra Joint Shots sind ein schnell wirkendes fl\u00fcssiges Nahrungserg\u00e4nzungsmittel zur Unterst\u00fctzung von Gelenkbeweglichkeit, Flexibilit\u00e4t, Knorpelregeneration und t\u00e4glichem Komfort.Jedes Einzeldosis-Fl\u00e4schchen enth\u00e4lt 10.000 mg hydrolysiertes Meereskollagen sowie eine Gelenkunterst\u00fctzungs-Mischung mit MSM, Glucosamin, Chondroitin, Vitamin C, Vitamin D3 und Vitamin B12, zusammen [&hellip;]<\/p>\n","protected":false},"featured_media":1777,"comment_status":"open","ping_status":"closed","template":"","meta":[],"product_brand":[],"product_cat":[72],"product_tag":[],"class_list":{"0":"post-1772","1":"product","2":"type-product","3":"status-publish","4":"has-post-thumbnail","6":"product_cat-kollagen-fur-gelenke","8":"first","9":"instock","10":"shipping-taxable","11":"purchasable","12":"product-type-simple"},"yoast_head":"<!-- This site is optimized with the Yoast SEO plugin v27.4 - https:\/\/yoast.com\/product\/yoast-seo-wordpress\/ -->\n<title>Nordic Collagen Joint Shots 20 St\u00fcck - Nordic Collagen<\/title>\n<meta name=\"robots\" content=\"index, follow, max-snippet:-1, max-image-preview:large, max-video-preview:-1\" \/>\n<link rel=\"canonical\" href=\"https:\/\/nordic-collagen.com\/de\/produkt\/nordic-collagen-joint-shots-20-stueck\/\" \/>\n<meta property=\"og:locale\" content=\"de_DE\" \/>\n<meta property=\"og:type\" content=\"article\" \/>\n<meta property=\"og:title\" content=\"Nordic Collagen Joint Shots 20 St\u00fcck - Nordic Collagen\" \/>\n<meta property=\"og:description\" content=\"Joint Shots \u2013 Fl\u00fcssige Kollagen-Shots f\u00fcr Gelenke &amp; Beweglichkeit Hochdosierte Kollagenformel in praktischen 25-ml-Fl\u00e4schchen Die Swedish Nutra Joint Shots sind ein schnell wirkendes fl\u00fcssiges Nahrungserg\u00e4nzungsmittel zur Unterst\u00fctzung von Gelenkbeweglichkeit, Flexibilit\u00e4t, Knorpelregeneration und t\u00e4glichem Komfort.Jedes Einzeldosis-Fl\u00e4schchen enth\u00e4lt 10.000 mg hydrolysiertes Meereskollagen sowie eine Gelenkunterst\u00fctzungs-Mischung mit MSM, Glucosamin, Chondroitin, Vitamin C, Vitamin D3 und Vitamin B12, zusammen [&hellip;]\" \/>\n<meta property=\"og:url\" content=\"https:\/\/nordic-collagen.com\/de\/produkt\/nordic-collagen-joint-shots-20-stueck\/\" \/>\n<meta property=\"og:site_name\" content=\"Nordic Collagen\" \/>\n<meta property=\"article:modified_time\" content=\"2026-01-11T06:30:50+00:00\" \/>\n<meta property=\"og:image\" content=\"https:\/\/nordic-collagen.com\/wp-content\/uploads\/2025\/10\/4-1.png\" \/>\n\t<meta property=\"og:image:width\" content=\"1200\" \/>\n\t<meta property=\"og:image:height\" content=\"1200\" \/>\n\t<meta property=\"og:image:type\" content=\"image\/png\" \/>\n<meta name=\"twitter:card\" content=\"summary_large_image\" \/>\n<meta name=\"twitter:label1\" content=\"Gesch\u00e4tzte Lesezeit\" \/>\n\t<meta name=\"twitter:data1\" content=\"2 Minuten\" \/>\n<script type=\"application\/ld+json\" class=\"yoast-schema-graph\">{\"@context\":\"https:\\\/\\\/schema.org\",\"@graph\":[{\"@type\":\"WebPage\",\"@id\":\"https:\\\/\\\/nordic-collagen.com\\\/de\\\/produkt\\\/nordic-collagen-joint-shots-20-stueck\\\/\",\"url\":\"https:\\\/\\\/nordic-collagen.com\\\/de\\\/produkt\\\/nordic-collagen-joint-shots-20-stueck\\\/\",\"name\":\"Nordic Collagen Joint Shots 20 St\u00fcck - Nordic Collagen\",\"isPartOf\":{\"@id\":\"https:\\\/\\\/nordic-collagen.com\\\/de\\\/#website\"},\"primaryImageOfPage\":{\"@id\":\"https:\\\/\\\/nordic-collagen.com\\\/de\\\/produkt\\\/nordic-collagen-joint-shots-20-stueck\\\/#primaryimage\"},\"image\":{\"@id\":\"https:\\\/\\\/nordic-collagen.com\\\/de\\\/produkt\\\/nordic-collagen-joint-shots-20-stueck\\\/#primaryimage\"},\"thumbnailUrl\":\"https:\\\/\\\/nordic-collagen.com\\\/wp-content\\\/uploads\\\/2025\\\/10\\\/4-1.png\",\"datePublished\":\"2025-10-11T10:50:48+00:00\",\"dateModified\":\"2026-01-11T06:30:50+00:00\",\"breadcrumb\":{\"@id\":\"https:\\\/\\\/nordic-collagen.com\\\/de\\\/produkt\\\/nordic-collagen-joint-shots-20-stueck\\\/#breadcrumb\"},\"inLanguage\":\"de\",\"potentialAction\":[{\"@type\":\"ReadAction\",\"target\":[\"https:\\\/\\\/nordic-collagen.com\\\/de\\\/produkt\\\/nordic-collagen-joint-shots-20-stueck\\\/\"]}]},{\"@type\":\"ImageObject\",\"inLanguage\":\"de\",\"@id\":\"https:\\\/\\\/nordic-collagen.com\\\/de\\\/produkt\\\/nordic-collagen-joint-shots-20-stueck\\\/#primaryimage\",\"url\":\"https:\\\/\\\/nordic-collagen.com\\\/wp-content\\\/uploads\\\/2025\\\/10\\\/4-1.png\",\"contentUrl\":\"https:\\\/\\\/nordic-collagen.com\\\/wp-content\\\/uploads\\\/2025\\\/10\\\/4-1.png\",\"width\":1200,\"height\":1200},{\"@type\":\"BreadcrumbList\",\"@id\":\"https:\\\/\\\/nordic-collagen.com\\\/de\\\/produkt\\\/nordic-collagen-joint-shots-20-stueck\\\/#breadcrumb\",\"itemListElement\":[{\"@type\":\"ListItem\",\"position\":1,\"name\":\"Startseite\",\"item\":\"https:\\\/\\\/nordic-collagen.com\\\/de\\\/\"},{\"@type\":\"ListItem\",\"position\":2,\"name\":\"Shop\",\"item\":\"https:\\\/\\\/nordic-collagen.com\\\/de\\\/shop\\\/\"},{\"@type\":\"ListItem\",\"position\":3,\"name\":\"Nordic Collagen Joint Shots 20 St\u00fcck\"}]},{\"@type\":\"WebSite\",\"@id\":\"https:\\\/\\\/nordic-collagen.com\\\/de\\\/#website\",\"url\":\"https:\\\/\\\/nordic-collagen.com\\\/de\\\/\",\"name\":\"Nordic Collagen\",\"description\":\"\",\"publisher\":{\"@id\":\"https:\\\/\\\/nordic-collagen.com\\\/de\\\/#organization\"},\"potentialAction\":[{\"@type\":\"SearchAction\",\"target\":{\"@type\":\"EntryPoint\",\"urlTemplate\":\"https:\\\/\\\/nordic-collagen.com\\\/de\\\/?s={search_term_string}\"},\"query-input\":{\"@type\":\"PropertyValueSpecification\",\"valueRequired\":true,\"valueName\":\"search_term_string\"}}],\"inLanguage\":\"de\"},{\"@type\":\"Organization\",\"@id\":\"https:\\\/\\\/nordic-collagen.com\\\/de\\\/#organization\",\"name\":\"Nordic Collagen\",\"url\":\"https:\\\/\\\/nordic-collagen.com\\\/de\\\/\",\"logo\":{\"@type\":\"ImageObject\",\"inLanguage\":\"de\",\"@id\":\"https:\\\/\\\/nordic-collagen.com\\\/de\\\/#\\\/schema\\\/logo\\\/image\\\/\",\"url\":\"https:\\\/\\\/nordic-collagen.com\\\/wp-content\\\/uploads\\\/2025\\\/10\\\/cropped-Nordic-Collagen-logo-01.png\",\"contentUrl\":\"https:\\\/\\\/nordic-collagen.com\\\/wp-content\\\/uploads\\\/2025\\\/10\\\/cropped-Nordic-Collagen-logo-01.png\",\"width\":309,\"height\":118,\"caption\":\"Nordic Collagen\"},\"image\":{\"@id\":\"https:\\\/\\\/nordic-collagen.com\\\/de\\\/#\\\/schema\\\/logo\\\/image\\\/\"}}]}<\/script>\n<!-- \/ Yoast SEO plugin. -->","yoast_head_json":{"title":"Nordic Collagen Joint Shots 20 St\u00fcck - Nordic Collagen","robots":{"index":"index","follow":"follow","max-snippet":"max-snippet:-1","max-image-preview":"max-image-preview:large","max-video-preview":"max-video-preview:-1"},"canonical":"https:\/\/nordic-collagen.com\/de\/produkt\/nordic-collagen-joint-shots-20-stueck\/","og_locale":"de_DE","og_type":"article","og_title":"Nordic Collagen Joint Shots 20 St\u00fcck - Nordic Collagen","og_description":"Joint Shots \u2013 Fl\u00fcssige Kollagen-Shots f\u00fcr Gelenke &amp; Beweglichkeit Hochdosierte Kollagenformel in praktischen 25-ml-Fl\u00e4schchen Die Swedish Nutra Joint Shots sind ein schnell wirkendes fl\u00fcssiges Nahrungserg\u00e4nzungsmittel zur Unterst\u00fctzung von Gelenkbeweglichkeit, Flexibilit\u00e4t, Knorpelregeneration und t\u00e4glichem Komfort.Jedes Einzeldosis-Fl\u00e4schchen enth\u00e4lt 10.000 mg hydrolysiertes Meereskollagen sowie eine Gelenkunterst\u00fctzungs-Mischung mit MSM, Glucosamin, Chondroitin, Vitamin C, Vitamin D3 und Vitamin B12, zusammen [&hellip;]","og_url":"https:\/\/nordic-collagen.com\/de\/produkt\/nordic-collagen-joint-shots-20-stueck\/","og_site_name":"Nordic Collagen","article_modified_time":"2026-01-11T06:30:50+00:00","og_image":[{"width":1200,"height":1200,"url":"https:\/\/nordic-collagen.com\/wp-content\/uploads\/2025\/10\/4-1.png","type":"image\/png"}],"twitter_card":"summary_large_image","twitter_misc":{"Gesch\u00e4tzte Lesezeit":"2 Minuten"},"schema":{"@context":"https:\/\/schema.org","@graph":[{"@type":"WebPage","@id":"https:\/\/nordic-collagen.com\/de\/produkt\/nordic-collagen-joint-shots-20-stueck\/","url":"https:\/\/nordic-collagen.com\/de\/produkt\/nordic-collagen-joint-shots-20-stueck\/","name":"Nordic Collagen Joint Shots 20 St\u00fcck - Nordic Collagen","isPartOf":{"@id":"https:\/\/nordic-collagen.com\/de\/#website"},"primaryImageOfPage":{"@id":"https:\/\/nordic-collagen.com\/de\/produkt\/nordic-collagen-joint-shots-20-stueck\/#primaryimage"},"image":{"@id":"https:\/\/nordic-collagen.com\/de\/produkt\/nordic-collagen-joint-shots-20-stueck\/#primaryimage"},"thumbnailUrl":"https:\/\/nordic-collagen.com\/wp-content\/uploads\/2025\/10\/4-1.png","datePublished":"2025-10-11T10:50:48+00:00","dateModified":"2026-01-11T06:30:50+00:00","breadcrumb":{"@id":"https:\/\/nordic-collagen.com\/de\/produkt\/nordic-collagen-joint-shots-20-stueck\/#breadcrumb"},"inLanguage":"de","potentialAction":[{"@type":"ReadAction","target":["https:\/\/nordic-collagen.com\/de\/produkt\/nordic-collagen-joint-shots-20-stueck\/"]}]},{"@type":"ImageObject","inLanguage":"de","@id":"https:\/\/nordic-collagen.com\/de\/produkt\/nordic-collagen-joint-shots-20-stueck\/#primaryimage","url":"https:\/\/nordic-collagen.com\/wp-content\/uploads\/2025\/10\/4-1.png","contentUrl":"https:\/\/nordic-collagen.com\/wp-content\/uploads\/2025\/10\/4-1.png","width":1200,"height":1200},{"@type":"BreadcrumbList","@id":"https:\/\/nordic-collagen.com\/de\/produkt\/nordic-collagen-joint-shots-20-stueck\/#breadcrumb","itemListElement":[{"@type":"ListItem","position":1,"name":"Startseite","item":"https:\/\/nordic-collagen.com\/de\/"},{"@type":"ListItem","position":2,"name":"Shop","item":"https:\/\/nordic-collagen.com\/de\/shop\/"},{"@type":"ListItem","position":3,"name":"Nordic Collagen Joint Shots 20 St\u00fcck"}]},{"@type":"WebSite","@id":"https:\/\/nordic-collagen.com\/de\/#website","url":"https:\/\/nordic-collagen.com\/de\/","name":"Nordic Collagen","description":"","publisher":{"@id":"https:\/\/nordic-collagen.com\/de\/#organization"},"potentialAction":[{"@type":"SearchAction","target":{"@type":"EntryPoint","urlTemplate":"https:\/\/nordic-collagen.com\/de\/?s={search_term_string}"},"query-input":{"@type":"PropertyValueSpecification","valueRequired":true,"valueName":"search_term_string"}}],"inLanguage":"de"},{"@type":"Organization","@id":"https:\/\/nordic-collagen.com\/de\/#organization","name":"Nordic Collagen","url":"https:\/\/nordic-collagen.com\/de\/","logo":{"@type":"ImageObject","inLanguage":"de","@id":"https:\/\/nordic-collagen.com\/de\/#\/schema\/logo\/image\/","url":"https:\/\/nordic-collagen.com\/wp-content\/uploads\/2025\/10\/cropped-Nordic-Collagen-logo-01.png","contentUrl":"https:\/\/nordic-collagen.com\/wp-content\/uploads\/2025\/10\/cropped-Nordic-Collagen-logo-01.png","width":309,"height":118,"caption":"Nordic Collagen"},"image":{"@id":"https:\/\/nordic-collagen.com\/de\/#\/schema\/logo\/image\/"}}]}},"_links":{"self":[{"href":"https:\/\/nordic-collagen.com\/de\/wp-json\/wp\/v2\/product\/1772","targetHints":{"allow":["GET"]}}],"collection":[{"href":"https:\/\/nordic-collagen.com\/de\/wp-json\/wp\/v2\/product"}],"about":[{"href":"https:\/\/nordic-collagen.com\/de\/wp-json\/wp\/v2\/types\/product"}],"replies":[{"embeddable":true,"href":"https:\/\/nordic-collagen.com\/de\/wp-json\/wp\/v2\/comments?post=1772"}],"version-history":[{"count":1,"href":"https:\/\/nordic-collagen.com\/de\/wp-json\/wp\/v2\/product\/1772\/revisions"}],"predecessor-version":[{"id":2436,"href":"https:\/\/nordic-collagen.com\/de\/wp-json\/wp\/v2\/product\/1772\/revisions\/2436"}],"wp:featuredmedia":[{"embeddable":true,"href":"https:\/\/nordic-collagen.com\/de\/wp-json\/wp\/v2\/media\/1777"}],"wp:attachment":[{"href":"https:\/\/nordic-collagen.com\/de\/wp-json\/wp\/v2\/media?parent=1772"}],"wp:term":[{"taxonomy":"product_brand","embeddable":true,"href":"https:\/\/nordic-collagen.com\/de\/wp-json\/wp\/v2\/product_brand?post=1772"},{"taxonomy":"product_cat","embeddable":true,"href":"https:\/\/nordic-collagen.com\/de\/wp-json\/wp\/v2\/product_cat?post=1772"},{"taxonomy":"product_tag","embeddable":true,"href":"https:\/\/nordic-collagen.com\/de\/wp-json\/wp\/v2\/product_tag?post=1772"}],"curies":[{"name":"wp","href":"https:\/\/api.w.org\/{rel}","templated":true}]}}